{"id":356597,"date":"2024-08-14T10:42:09","date_gmt":"2024-08-14T09:51:16","guid":{"rendered":"https:\/\/www.moskito.cz\/produkt\/naprawiono-noz-muela-scorpion-19n\/"},"modified":"2025-05-07T11:23:16","modified_gmt":"2025-05-07T10:23:16","slug":"naprawiono-noz-muela-scorpion-19n","status":"publish","type":"product","link":"https:\/\/www.moskito.cz\/pl\/produkt\/naprawiono-noz-muela-scorpion-19n\/","title":{"rendered":"Naprawiono n\u00f3\u017c Muela SCORPION-19N"},"content":{"rendered":"<p>Naprawiono n\u00f3\u017c <strong>Muela<\/strong> SCORPION-19N. <strong>SCORPION-19N<\/strong> &#8211; n\u00f3\u017c ze sta\u0142\u0105 kling\u0105, wyprodukowany przez hiszpa\u0144sk\u0105 firm\u0119 Muela. N\u00f3\u017c z serii SCORPION, w kt\u00f3rym zakochasz si\u0119 od pierwszego wejrzenia! Skomplikowany n\u00f3\u017c z solidnym ostrzem mo\u017ce by\u0107 stosowany do ka\u017cdego rodzaju prac, w ka\u017cdych warunkach bez uszkodze\u0144. Jest to doskona\u0142y n\u00f3\u017c survivalowy, \u015bwietnie sprawdzi si\u0119 jako n\u00f3\u017c my\u015bliwski, EDC. G\u0142ownia &#8211; ostrze wyposa\u017cone w \u201efa\u0142szywe\u201d ostrze (profil Spear Point) o grubo\u015bci 4.5 mm, pokryte czarn\u0105 matow\u0105 antyrefleksyjn\u0105 pow\u0142ok\u0105 PTFE odporn\u0105 na zarysowania. Mande wykonany ze stali nierdzewnej 420H o du\u017cej zawarto\u015bci w\u0119gla i du\u017cej udarno\u015bci, utwardzanej w przedziale 54-58 HRC. Klinga pokryta jest nierefleksyjn\u0105 warstw\u0105 Satin Finish (p\u00f3\u0142mat) eliminuj\u0105c\u0105 odblaski. Ostrze g\u0142adkie (typ Plain), kraw\u0119d\u017a wkl\u0119s\u0142a (szlif wkl\u0119s\u0142y). U nasady ostrza umieszczono obustronny pazur zapobiegaj\u0105cy ze\u015blizgiwaniu si\u0119 d\u0142oni po ostrzu. R\u0119koje\u015b\u0107 &#8211; zapi\u0119cie plecione z czarnego elastomeru w kolorze czarnym. Mi\u0119kka gumowa r\u0119koje\u015b\u0107 wygodnie le\u017cy w d\u0142oni, n\u00f3\u017c nie wy\u015blizguje si\u0119 z d\u0142oni. Mocny i pewny chwyt umo\u017cliwia precyzyjne ruchy no\u017ca. Z ty\u0142u r\u0119koje\u015bci znajduje si\u0119 otw\u00f3r na lin\u0119. Etui w kolorze czarnym, zapinane na zatrzask, umo\u017cliwia bezpieczne przenoszenie no\u017ca. Wykonane ze sk\u00f3ry naturalnej z t\u0142oczonym logo firmy Muela. Pochwa zosta\u0142a na brzegach przeszyta ozdobn\u0105 nici\u0105. W pochwie znajduje si\u0119 mocowanie do paska umo\u017cliwiaj\u0105ce noszenie no\u017ca w pozycji pionowej. Specyfikacja techniczna: Numer produktu: SCORPION-19N Rodzaj stali: 420H D\u0142ugo\u015b\u0107 ostrza: 19 cm \/ 7,48\u201d Grubo\u015b\u0107 ostrza: 0,45 cm \/ 0,18\u201d. D\u0142ugo\u015b\u0107 ca\u0142kowita: 32 cm \/ 12,60 cala Waga: 356 g \/ 12,56 uncji Typ ostrza: G\u0142adkie Typ ostrza: Grot w\u0142\u00f3czni Typ ci\u0119cia: Wkl\u0119s\u0142y Materia\u0142 r\u0119koje\u015bci: Termorun Pochwa: Sk\u00f3ra Producent: Muela, Hiszpania   &nbsp;<\/p>\n<p>&nbsp;<\/p>\n","protected":false},"excerpt":{"rendered":"<p><strong>N\u00f3\u017c z serii SCORPION, w kt\u00f3rym zakochasz si\u0119 od pierwszego wejrzenia! Skomplikowany n\u00f3\u017c z solidnym ostrzem mo\u017ce by\u0107 stosowany do ka\u017cdego rodzaju prac, w ka\u017cdych warunkach bez uszkodze\u0144. Jest to doskona\u0142y n\u00f3\u017c survivalowy, \u015bwietnie sprawdzi si\u0119 jako n\u00f3\u017c my\u015bliwski, EDC.<\/strong><\/p>\n","protected":false},"featured_media":356570,"comment_status":"open","ping_status":"closed","template":"","meta":[],"pwb-brand":[3912],"product_brand":[],"product_cat":[3296,3297],"product_tag":[3671],"class_list":{"0":"post-356597","1":"product","2":"type-product","3":"status-publish","4":"has-post-thumbnail","6":"pwb-brand-musiala","7":"product_cat-noze-pl","8":"product_cat-solidne-noze","9":"product_tag-b2b-pl","11":"first","12":"instock","13":"taxable","14":"shipping-taxable","15":"purchasable","16":"product-type-simple"},"brands":[{"id":3912,"name":"Musia\u0142a","slug":"musiala"}],"_links":{"self":[{"href":"https:\/\/www.moskito.cz\/pl\/wp-json\/wp\/v2\/product\/356597","targetHints":{"allow":["GET"]}}],"collection":[{"href":"https:\/\/www.moskito.cz\/pl\/wp-json\/wp\/v2\/product"}],"about":[{"href":"https:\/\/www.moskito.cz\/pl\/wp-json\/wp\/v2\/types\/product"}],"replies":[{"embeddable":true,"href":"https:\/\/www.moskito.cz\/pl\/wp-json\/wp\/v2\/comments?post=356597"}],"wp:featuredmedia":[{"embeddable":true,"href":"https:\/\/www.moskito.cz\/pl\/wp-json\/wp\/v2\/media\/356570"}],"wp:attachment":[{"href":"https:\/\/www.moskito.cz\/pl\/wp-json\/wp\/v2\/media?parent=356597"}],"wp:term":[{"taxonomy":"pwb-brand","embeddable":true,"href":"https:\/\/www.moskito.cz\/pl\/wp-json\/wp\/v2\/pwb-brand?post=356597"},{"taxonomy":"product_brand","embeddable":true,"href":"https:\/\/www.moskito.cz\/pl\/wp-json\/wp\/v2\/product_brand?post=356597"},{"taxonomy":"product_cat","embeddable":true,"href":"https:\/\/www.moskito.cz\/pl\/wp-json\/wp\/v2\/product_cat?post=356597"},{"taxonomy":"product_tag","embeddable":true,"href":"https:\/\/www.moskito.cz\/pl\/wp-json\/wp\/v2\/product_tag?post=356597"}],"curies":[{"name":"wp","href":"https:\/\/api.w.org\/{rel}","templated":true}]}}