{"id":356626,"date":"2024-08-14T10:58:36","date_gmt":"2024-08-14T09:59:10","guid":{"rendered":"https:\/\/www.moskito.cz\/produkt\/naprawiono-noz-muela-criollo-18\/"},"modified":"2025-05-07T11:23:18","modified_gmt":"2025-05-07T10:23:18","slug":"naprawiono-noz-muela-criollo-18","status":"publish","type":"product","link":"https:\/\/www.moskito.cz\/pl\/produkt\/naprawiono-noz-muela-criollo-18\/","title":{"rendered":"Naprawiono n\u00f3\u017c Muela CRIOLLO-18"},"content":{"rendered":"<p>Naprawiono n\u00f3\u017c <strong>Muela<\/strong> CRIOLLO-18. N\u00f3\u017c sportowy Muela Criollo-18: Idealny do grillowania w pi\u0119knym sk\u00f3rzanym etui N\u00f3\u017c Muela Criollo-18 to sztu\u0107ce przeznaczone wy\u0142\u0105cznie dla mi\u0142o\u015bnik\u00f3w grillowania i mi\u0142o\u015bnik\u00f3w mi\u0119sa. Wykonany z najwy\u017cszej jako\u015bci materia\u0142\u00f3w, w tym z t\u0142oczonej r\u0119koje\u015bci z palisandru, ten n\u00f3\u017c jest niezb\u0119dnym wyposa\u017ceniem ka\u017cdego szefa kuchni zajmuj\u0105cego si\u0119 grillowaniem. Aby uzyska\u0107 precyzyjne ci\u0119cia, kt\u00f3re bezpo\u015brednio wp\u0142ywaj\u0105 na tekstur\u0119 i soczysto\u015b\u0107 mi\u0119sa, potrzebujesz niezawodnego no\u017ca grillowego. Muela Criollo-18 doskonale spe\u0142nia te wymagania. Jego ostrze ma d\u0142ugo\u015b\u0107 175 mm, a r\u0119koje\u015b\u0107 ma d\u0142ugo\u015b\u0107 120 mm, co zapewnia doskona\u0142\u0105 obs\u0142ug\u0119 r\u00f3\u017cnorodnych mi\u0119s. R\u0119koje\u015b\u0107 no\u017ca sportowego Muela Criollo-18 wykonana zosta\u0142a z czarnej micarty, wytrzyma\u0142ego i trwa\u0142ego materia\u0142u sk\u0142adaj\u0105cego si\u0119 z tkanin impregnowanych \u017cywic\u0105, nara\u017conych na dzia\u0142anie wysokich nacisk\u00f3w i temperatur. Ostrze tego no\u017ca wykonane jest z X50CrMoV15 \u201eMOVA\u201d (1.4116), klasycznego materia\u0142u dla no\u017cy Muela. Stop ten, b\u0119d\u0105cy po\u0142\u0105czeniem molibdenu i wanadu, nadaje ostrzu niezwyk\u0142\u0105 twardo\u015b\u0107 i odporno\u015b\u0107 na korozj\u0119. Dodatkowo do no\u017ca do\u0142\u0105czone jest eleganckie sk\u00f3rzane etui. Muela posiada ponad siedmioletni\u0105 tradycj\u0119 w produkcji ekskluzywnych no\u017cy, scyzoryk\u00f3w i maszynek do golenia, kt\u00f3re stanowi\u0105 \u015bwiatow\u0105 referencj\u0119 w dziedzinie sztu\u0107c\u00f3w. Wykorzystuj\u0105c starannie dobrane materia\u0142y, takie jak stal martenzytyczna w ostrzach, a w niekt\u00f3rych modelach nawet poro\u017ce jelenia, ka\u017cdy egzemplarz jest rze\u017abiony i wyposa\u017cony w nowoczesne maszyny oraz rzemie\u015blniczy styl. Nasi do\u015bwiadczeni no\u017ce wyka\u0144czaj\u0105 ka\u017cdy element z kunsztem i staranno\u015bci\u0105, \u0142\u0105cznie z ostrzeniem, polerowaniem i \u015bcis\u0142\u0105 kontrol\u0105 jako\u015bci. Poznaj tradycj\u0119 i jako\u015b\u0107 Muela dzi\u0119ki no\u017cowi sportowemu Muela Criollo-18 &#8211; idealnemu wyborowi na niezapomniane grillowanie.               &nbsp;<\/p>\n<p>&nbsp;  Opis techniczny Kod: CRIOLLO-18 Marka: Muela Model: Grill i Criollo Kitchen-18 Materia\u0142 r\u0119koje\u015bci: Czarna Micarta Materia\u0142 ostrza: 1.4116 D\u0142ugo\u015b\u0107 ostrza: 17 cm D\u0142ugo\u015b\u0107 ca\u0142kowita: 29 cm Twardo\u015b\u0107 stali: 56 \u2013 58 HRC Waga: 215 g  &nbsp;<\/p>\n","protected":false},"excerpt":{"rendered":"<p><strong>N\u00f3\u017c sportowy Muela Criollo-18: Idealny do grillowania z pi\u0119kn\u0105 sk\u00f3rzan\u0105 pochw\u0105.<\/strong><\/p>\n","protected":false},"featured_media":356610,"comment_status":"open","ping_status":"closed","template":"","meta":[],"pwb-brand":[3912],"product_brand":[],"product_cat":[3297,3296],"product_tag":[3671],"class_list":{"0":"post-356626","1":"product","2":"type-product","3":"status-publish","4":"has-post-thumbnail","6":"pwb-brand-musiala","7":"product_cat-solidne-noze","8":"product_cat-noze-pl","9":"product_tag-b2b-pl","11":"first","12":"instock","13":"taxable","14":"shipping-taxable","15":"purchasable","16":"product-type-simple"},"brands":[{"id":3912,"name":"Musia\u0142a","slug":"musiala"}],"_links":{"self":[{"href":"https:\/\/www.moskito.cz\/pl\/wp-json\/wp\/v2\/product\/356626","targetHints":{"allow":["GET"]}}],"collection":[{"href":"https:\/\/www.moskito.cz\/pl\/wp-json\/wp\/v2\/product"}],"about":[{"href":"https:\/\/www.moskito.cz\/pl\/wp-json\/wp\/v2\/types\/product"}],"replies":[{"embeddable":true,"href":"https:\/\/www.moskito.cz\/pl\/wp-json\/wp\/v2\/comments?post=356626"}],"wp:featuredmedia":[{"embeddable":true,"href":"https:\/\/www.moskito.cz\/pl\/wp-json\/wp\/v2\/media\/356610"}],"wp:attachment":[{"href":"https:\/\/www.moskito.cz\/pl\/wp-json\/wp\/v2\/media?parent=356626"}],"wp:term":[{"taxonomy":"pwb-brand","embeddable":true,"href":"https:\/\/www.moskito.cz\/pl\/wp-json\/wp\/v2\/pwb-brand?post=356626"},{"taxonomy":"product_brand","embeddable":true,"href":"https:\/\/www.moskito.cz\/pl\/wp-json\/wp\/v2\/product_brand?post=356626"},{"taxonomy":"product_cat","embeddable":true,"href":"https:\/\/www.moskito.cz\/pl\/wp-json\/wp\/v2\/product_cat?post=356626"},{"taxonomy":"product_tag","embeddable":true,"href":"https:\/\/www.moskito.cz\/pl\/wp-json\/wp\/v2\/product_tag?post=356626"}],"curies":[{"name":"wp","href":"https:\/\/api.w.org\/{rel}","templated":true}]}}