{"id":356690,"date":"2024-08-14T12:11:18","date_gmt":"2024-08-14T11:22:52","guid":{"rendered":"https:\/\/www.moskito.cz\/produkt\/solidny-noz-muela-sarrio-19r\/"},"modified":"2025-05-07T11:23:20","modified_gmt":"2025-05-07T10:23:20","slug":"solidny-noz-muela-sarrio-19r","status":"publish","type":"product","link":"https:\/\/www.moskito.cz\/pl\/produkt\/solidny-noz-muela-sarrio-19r\/","title":{"rendered":"Solidny n\u00f3\u017c Muela SARRIO-19R"},"content":{"rendered":"<p>Solidny n\u00f3\u017c <strong>Muela<\/strong> SARRIO-19R. Wszechstronny n\u00f3\u017c taktyczny ze sta\u0142ym ostrzem, kt\u00f3ry naprawd\u0119 powiniene\u015b mie\u0107! Wyprodukowa\u0142a go hiszpa\u0144ska firma Muela. Wyj\u0105tkowo trwa\u0142a, ze sta\u0142ym ostrzem, stworzona do ka\u017cdej pracy w ka\u017cdych warunkach. Idealny na kemping, idealny jako n\u00f3\u017c taktyczny, n\u00f3\u017c survivalowy, a tak\u017ce jako n\u00f3\u017c my\u015bliwski, EDC.     Wykonane ze stali molibdenowo-wanadowej (MoVa). G\u0142ownia &#8211; o zmodyfikowanym profilu Clip Point, grubo\u015bci 4.5 milimetr\u00f3w, utwardzana w przedziale 57-58 HRC. Wykonane ze stali nierdzewnej X50CrMoV15, wytrzyma\u0142ej i dobrze naostrzonej stali molibdenowo-wanadowej. Ostrze o dobrych w\u0142a\u015bciwo\u015bciach mechanicznych i d\u0142ugotrwa\u0142ej ostro\u015bci. Nieodblaskowa warstwa Satin Finish (p\u00f3\u0142matowa) eliminuje odblaski. Ostrze g\u0142adkie Plain wyprowadzono szlifem pe\u0142nym p\u0142askim (Full Flat Grind), co zmniejszy\u0142o wag\u0119 no\u017ca i poprawi\u0142o w\u0142a\u015bciwo\u015bci tn\u0105ce.     Etui gwarantuje bezpieczne przenoszenie no\u017ca. Wykonane z naturalnej, czarnej sk\u00f3ry z t\u0142oczonym logo firmy Muela. Pochwa zosta\u0142a na brzegach przeszyta ozdobn\u0105 nici\u0105. W pochwie znajduje si\u0119 mocowanie do paska umo\u017cliwiaj\u0105ce noszenie no\u017ca w pozycji pionowej. Ostrze wykonane jest z wysokiej jako\u015bci stali nierdzewnej molibdenowo-wanadowej z satynowym wyko\u0144czeniem. R\u0119koje\u015b\u0107 z lakierowanego drewna Pakka uzupe\u0142niona jest metalow\u0105 os\u0142on\u0105 i zdobion\u0105 g\u0142\u00f3wk\u0105. Do no\u017ca do\u0142\u0105czone jest wysokiej jako\u015bci sk\u00f3rzane etui. Pe\u0142ny opis produktu: Materia\u0142 ostrza: MoVa Materia\u0142 r\u0119koje\u015bci: Pakka, metal Materia\u0142 os\u0142ony: sk\u00f3ra D\u0142ugo\u015b\u0107 ostrza: 19 cm D\u0142ugo\u015b\u0107 ca\u0142kowita: 32 cm D\u0142ugo\u015b\u0107 r\u0119koje\u015bci: 13 cm Waga: 333 g Typ ostrza: Bowie   <\/p>\n","protected":false},"excerpt":{"rendered":"<p><strong>Wszechstronny n\u00f3\u017c taktyczny ze sta\u0142ym ostrzem, kt\u00f3ry naprawd\u0119 powiniene\u015b mie\u0107!<\/strong><\/p>\n","protected":false},"featured_media":356637,"comment_status":"open","ping_status":"closed","template":"","meta":[],"pwb-brand":[3912],"product_brand":[],"product_cat":[3297,3296],"product_tag":[3671],"class_list":{"0":"post-356690","1":"product","2":"type-product","3":"status-publish","4":"has-post-thumbnail","6":"pwb-brand-musiala","7":"product_cat-solidne-noze","8":"product_cat-noze-pl","9":"product_tag-b2b-pl","11":"first","12":"instock","13":"taxable","14":"shipping-taxable","15":"purchasable","16":"product-type-simple"},"brands":[{"id":3912,"name":"Musia\u0142a","slug":"musiala"}],"_links":{"self":[{"href":"https:\/\/www.moskito.cz\/pl\/wp-json\/wp\/v2\/product\/356690","targetHints":{"allow":["GET"]}}],"collection":[{"href":"https:\/\/www.moskito.cz\/pl\/wp-json\/wp\/v2\/product"}],"about":[{"href":"https:\/\/www.moskito.cz\/pl\/wp-json\/wp\/v2\/types\/product"}],"replies":[{"embeddable":true,"href":"https:\/\/www.moskito.cz\/pl\/wp-json\/wp\/v2\/comments?post=356690"}],"wp:featuredmedia":[{"embeddable":true,"href":"https:\/\/www.moskito.cz\/pl\/wp-json\/wp\/v2\/media\/356637"}],"wp:attachment":[{"href":"https:\/\/www.moskito.cz\/pl\/wp-json\/wp\/v2\/media?parent=356690"}],"wp:term":[{"taxonomy":"pwb-brand","embeddable":true,"href":"https:\/\/www.moskito.cz\/pl\/wp-json\/wp\/v2\/pwb-brand?post=356690"},{"taxonomy":"product_brand","embeddable":true,"href":"https:\/\/www.moskito.cz\/pl\/wp-json\/wp\/v2\/product_brand?post=356690"},{"taxonomy":"product_cat","embeddable":true,"href":"https:\/\/www.moskito.cz\/pl\/wp-json\/wp\/v2\/product_cat?post=356690"},{"taxonomy":"product_tag","embeddable":true,"href":"https:\/\/www.moskito.cz\/pl\/wp-json\/wp\/v2\/product_tag?post=356690"}],"curies":[{"name":"wp","href":"https:\/\/api.w.org\/{rel}","templated":true}]}}