{"id":356695,"date":"2024-08-14T12:22:13","date_gmt":"2024-08-14T11:23:09","guid":{"rendered":"https:\/\/www.moskito.cz\/produkt\/naprawiono-noz-muela-mirage-20\/"},"modified":"2025-05-07T11:23:21","modified_gmt":"2025-05-07T10:23:21","slug":"naprawiono-noz-muela-mirage-20","status":"publish","type":"product","link":"https:\/\/www.moskito.cz\/pl\/produkt\/naprawiono-noz-muela-mirage-20\/","title":{"rendered":"Naprawiono n\u00f3\u017c Muela MIRAGE-20"},"content":{"rendered":"<p>Naprawiono n\u00f3\u017c <strong>Muela<\/strong> MIRAGE-20. Uniwersalny n\u00f3\u017c \u015bredniej wielko\u015bci MIRAGE-20 ze sta\u0142\u0105 kling\u0105 z serii MIRAGE &#8211; jednej z najbardziej znanych serii no\u017cy hiszpa\u0144skiej firmy Muela. Niezwykle wszechstronny z masywnym ostrzem, wytrzyma ka\u017cd\u0105 prac\u0119 w ka\u017cdych warunkach. Doskona\u0142y n\u00f3\u017c survivalowy, biwakowy, sprawdzi si\u0119 jako n\u00f3\u017c taktyczny, my\u015bliwski. G\u0142ownia &#8211; z fa\u0142szywym ostrzem Clip Point o grubo\u015bci 4.6 mm. Wykonane z odpornej na korozj\u0119, wytrzyma\u0142ej, wysokow\u0119glowej i udarnej stali nierdzewnej 420H, hartowanej do 54-58 HRC. Klinga pokryta jest antyrefleksyjn\u0105 pow\u0142ok\u0105 Satin Finish (p\u00f3\u0142mat) eliminuj\u0105c\u0105 odblaski. Ostrze g\u0142adkie (typ Plain) wyprowadzono szlifem wkl\u0119s\u0142ym (Hollow Grind), zapewniaj\u0105cym dobre w\u0142a\u015bciwo\u015bci tn\u0105ce. Na grzbiecie ostrza znajduje si\u0119 uniwersalna pi\u0142a wielofunkcyjna, odpowiednia do ci\u0119cia m.in. lin i pas\u00f3w. U nasady ostrza umieszczono obustronny pazur zapobiegaj\u0105cy zsuwaniu si\u0119 d\u0142oni po ostrzu. R\u0119koje\u015b\u0107 &#8211; pokryta elastyczn\u0105 dzianin\u0105 z czarnego elastomeru. Mi\u0119kka gumowa r\u0119koje\u015b\u0107 gwarantuje bardzo dobry chwyt, n\u00f3\u017c nie wy\u015blizguje si\u0119 z d\u0142oni, a pewny i pewny chwyt pozwala na precyzyjne ruchy no\u017cem. W tylnej cz\u0119\u015bci r\u0119koje\u015bci znajduje si\u0119 powi\u0119kszony otw\u00f3r na kabel. Etui &#8211; w kolorze czarnym. Wykonany z prawdziwej sk\u00f3ry zatrzask pozwala na bezpieczne noszenie no\u017ca.               Brzegi pochwy obszyto ozdobn\u0105 nici\u0105. Z przodu wyt\u0142oczone logo producenta. W pochwie znajduje si\u0119 mocowanie do paska lub pochwy umo\u017cliwiaj\u0105ce noszenie no\u017ca w pozycji pionowej. Specyfikacja techniczna: Numer produktu: MIRAGE-20 Rodzaj stali: 420H D\u0142ugo\u015b\u0107 ostrza: 20 cm \/ 7,87&#8243; Grubo\u015b\u0107 ostrza: 0,46 cm \/ 0,18&#8243; D\u0142ugo\u015b\u0107 ca\u0142kowita: 32,5 cm \/ 12,80&#8243; Waga: 375 g \/ 13, 23 uncji Ostrze: Zwyk\u0142e Ostrze Typ: Clip Point Typ ci\u0119cia: Wkl\u0119s\u0142y Typ r\u0119koje\u015bci: Termorun Pochwa: Sk\u00f3ra Producent: Muela, Hiszpania    &nbsp;<\/p>\n","protected":false},"excerpt":{"rendered":"<p><strong>Niezwykle wszechstronny n\u00f3\u017c z masywnym ostrzem, wytrzyma ka\u017cd\u0105 prac\u0119 w ka\u017cdych warunkach. Doskona\u0142y n\u00f3\u017c survivalowy, biwakowy, sprawdzi si\u0119 jako n\u00f3\u017c taktyczny, my\u015bliwski. <\/strong><\/p>\n","protected":false},"featured_media":356654,"comment_status":"open","ping_status":"closed","template":"","meta":[],"pwb-brand":[3912],"product_brand":[],"product_cat":[3297,3296],"product_tag":[3671],"class_list":{"0":"post-356695","1":"product","2":"type-product","3":"status-publish","4":"has-post-thumbnail","6":"pwb-brand-musiala","7":"product_cat-solidne-noze","8":"product_cat-noze-pl","9":"product_tag-b2b-pl","11":"first","12":"instock","13":"taxable","14":"shipping-taxable","15":"purchasable","16":"product-type-simple"},"brands":[{"id":3912,"name":"Musia\u0142a","slug":"musiala"}],"_links":{"self":[{"href":"https:\/\/www.moskito.cz\/pl\/wp-json\/wp\/v2\/product\/356695","targetHints":{"allow":["GET"]}}],"collection":[{"href":"https:\/\/www.moskito.cz\/pl\/wp-json\/wp\/v2\/product"}],"about":[{"href":"https:\/\/www.moskito.cz\/pl\/wp-json\/wp\/v2\/types\/product"}],"replies":[{"embeddable":true,"href":"https:\/\/www.moskito.cz\/pl\/wp-json\/wp\/v2\/comments?post=356695"}],"wp:featuredmedia":[{"embeddable":true,"href":"https:\/\/www.moskito.cz\/pl\/wp-json\/wp\/v2\/media\/356654"}],"wp:attachment":[{"href":"https:\/\/www.moskito.cz\/pl\/wp-json\/wp\/v2\/media?parent=356695"}],"wp:term":[{"taxonomy":"pwb-brand","embeddable":true,"href":"https:\/\/www.moskito.cz\/pl\/wp-json\/wp\/v2\/pwb-brand?post=356695"},{"taxonomy":"product_brand","embeddable":true,"href":"https:\/\/www.moskito.cz\/pl\/wp-json\/wp\/v2\/product_brand?post=356695"},{"taxonomy":"product_cat","embeddable":true,"href":"https:\/\/www.moskito.cz\/pl\/wp-json\/wp\/v2\/product_cat?post=356695"},{"taxonomy":"product_tag","embeddable":true,"href":"https:\/\/www.moskito.cz\/pl\/wp-json\/wp\/v2\/product_tag?post=356695"}],"curies":[{"name":"wp","href":"https:\/\/api.w.org\/{rel}","templated":true}]}}