{"id":356767,"date":"2024-08-14T13:11:09","date_gmt":"2024-08-14T12:20:58","guid":{"rendered":"https:\/\/www.moskito.cz\/produkt\/naprawiono-noz-muela-sherpa-18c\/"},"modified":"2025-05-07T11:23:22","modified_gmt":"2025-05-07T10:23:22","slug":"naprawiono-noz-muela-sherpa-18c","status":"publish","type":"product","link":"https:\/\/www.moskito.cz\/pl\/produkt\/naprawiono-noz-muela-sherpa-18c\/","title":{"rendered":"Naprawiono n\u00f3\u017c Muela SHERPA-18C"},"content":{"rendered":"<p>Naprawiono n\u00f3\u017c <strong>Muela<\/strong> SHERPA-18C. Muela Sherpa 18-C Brown Micarta, satynowa maczeta outdoorowa o konstrukcji full tang.  Ostrze ze stali nierdzewnej X50CrMoV15 z satynowym wyko\u0144czeniem. Wygodna r\u0119koje\u015b\u0107 z micarty. Doskona\u0142y pomocnik podczas polowa\u0144, zaj\u0119\u0107 na \u015bwie\u017cym powietrzu lub przetrwania. 1.4116 (X50CrMoV15) &#8211; wysokow\u0119glowa, martenzytyczna stal nierdzewna molibdenowo-wanadowa, charakteryzuj\u0105ca si\u0119 wysok\u0105 odporno\u015bci\u0105 na korozj\u0119 i zu\u017cycie. Wykorzystuje si\u0119 go do produkcji no\u017cy, najnowocze\u015bniejszych sztu\u0107c\u00f3w i narz\u0119dzi chirurgicznych. Charakteryzuje si\u0119 stosunkowo du\u017c\u0105 twardo\u015bci\u0105 jak na stale nierdzewne rz\u0119du 57-58 HRC. Sk\u0142ad chemiczny stali wzbogacony jest domieszk\u0105 15,0% chromu, 0,80% molibdenu, 0,20% wanadu. N\u00f3\u017c &#8211; typu tasak (kosiarka) z prost\u0105 lini\u0105 kraw\u0119dzi tn\u0105cej. Ostrze g\u0142adkie wyprowadzono ze szlifu Flat Grind, kt\u00f3ry zapewnia doskona\u0142e w\u0142a\u015bciwo\u015bci tn\u0105ce w po\u0142\u0105czeniu z doskona\u0142\u0105 trwa\u0142o\u015bci\u0105. Du\u017cy choil u\u0142atwia sterowanie maczet\u0105 i pozwala na bardziej precyzyjn\u0105 prac\u0119. R\u0119koje\u015b\u0107 &#8211; profilowana, pokryta polerowan\u0105, wodoodporn\u0105 micart\u0105. Zapewnia wygodny i pewny chwyt. Wykonane s\u0105 z mosi\u0105dzu wysokoniklowego za pomoc\u0105 nit\u00f3w mocuj\u0105cych os\u0142ony r\u0119koje\u015bci. G\u0142\u0119boki rowek na palce tworzy minios\u0142on\u0119, kt\u00f3ra zapobiega \u015blizganiu si\u0119 d\u0142oni na ostrzu. Z ty\u0142u r\u0119koje\u015bci otw\u00f3r na link\u0119 zabezpieczaj\u0105c\u0105 (w zestawie). Pochwa &#8211; wykonana z dobrze garbowanej naturalnej sk\u00f3ry bydl\u0119cej w kolorze br\u0105zowym.    Na powierzchni wyt\u0142oczone logo producenta. Pochwa przeszyta na brzegach ozdobn\u0105 nici\u0105. Zamontowanie go na pasku lub sprz\u0119cie pozwala na noszenie no\u017ca w pozycji pionowej. Dane techniczne: Numer produktu: Sherpa 18-C Nazwa produktu: Muela Sherpa 18-C Brown Micarta, satyna D\u0142ugo\u015b\u0107 ca\u0142kowita: 33 cm \/ 13,0&#8243; D\u0142ugo\u015b\u0107 ostrza: 17 cm \/ 6,69&#8243; Grubo\u015b\u0107 ostrza: II D\u0142ugo\u015b\u0107 r\u0119koje\u015bci: 16 cm \/ 6,3&#8243; Grubo\u015b\u0107 r\u0119koje\u015bci: nd Waga: 850,0 g \/ 30,0 uncji Materia\u0142 ostrza: X50CrMoV15 Twardo\u015b\u0107 ostrza: nd Szlif ostrza: P\u0142askie Wyko\u0144czenie ostrza: Satyna Materia\u0142 r\u0119koje\u015bci: Micarta Wyko\u0144czenie r\u0119koje\u015bci Kolor: br\u0105zowy Pochwa (etui): Sk\u00f3ra Inne akcesoria: Lina paracord Projektant: Muela Nazwa marki: Muela Producent: Manufacturas Muela, SA Kraj pochodzenia: Hiszpania  &nbsp;<\/p>\n","protected":false},"excerpt":{"rendered":"<p><strong>Muela Sherpa 18-C Brown Micarta, satynowa maczeta outdoorowa o konstrukcji full tang.<\/strong><\/p>\n","protected":false},"featured_media":356702,"comment_status":"open","ping_status":"closed","template":"","meta":[],"pwb-brand":[3912],"product_brand":[],"product_cat":[3296,3297],"product_tag":[3671],"class_list":{"0":"post-356767","1":"product","2":"type-product","3":"status-publish","4":"has-post-thumbnail","6":"pwb-brand-musiala","7":"product_cat-noze-pl","8":"product_cat-solidne-noze","9":"product_tag-b2b-pl","11":"first","12":"instock","13":"taxable","14":"shipping-taxable","15":"purchasable","16":"product-type-simple"},"brands":[{"id":3912,"name":"Musia\u0142a","slug":"musiala"}],"_links":{"self":[{"href":"https:\/\/www.moskito.cz\/pl\/wp-json\/wp\/v2\/product\/356767","targetHints":{"allow":["GET"]}}],"collection":[{"href":"https:\/\/www.moskito.cz\/pl\/wp-json\/wp\/v2\/product"}],"about":[{"href":"https:\/\/www.moskito.cz\/pl\/wp-json\/wp\/v2\/types\/product"}],"replies":[{"embeddable":true,"href":"https:\/\/www.moskito.cz\/pl\/wp-json\/wp\/v2\/comments?post=356767"}],"wp:featuredmedia":[{"embeddable":true,"href":"https:\/\/www.moskito.cz\/pl\/wp-json\/wp\/v2\/media\/356702"}],"wp:attachment":[{"href":"https:\/\/www.moskito.cz\/pl\/wp-json\/wp\/v2\/media?parent=356767"}],"wp:term":[{"taxonomy":"pwb-brand","embeddable":true,"href":"https:\/\/www.moskito.cz\/pl\/wp-json\/wp\/v2\/pwb-brand?post=356767"},{"taxonomy":"product_brand","embeddable":true,"href":"https:\/\/www.moskito.cz\/pl\/wp-json\/wp\/v2\/product_brand?post=356767"},{"taxonomy":"product_cat","embeddable":true,"href":"https:\/\/www.moskito.cz\/pl\/wp-json\/wp\/v2\/product_cat?post=356767"},{"taxonomy":"product_tag","embeddable":true,"href":"https:\/\/www.moskito.cz\/pl\/wp-json\/wp\/v2\/product_tag?post=356767"}],"curies":[{"name":"wp","href":"https:\/\/api.w.org\/{rel}","templated":true}]}}