{"id":356768,"date":"2024-08-14T13:18:37","date_gmt":"2024-08-14T12:20:58","guid":{"rendered":"https:\/\/www.moskito.cz\/produkt\/naprawiono-noz-muela-gaucho-20a\/"},"modified":"2025-05-07T11:23:22","modified_gmt":"2025-05-07T10:23:22","slug":"naprawiono-noz-muela-gaucho-20a","status":"publish","type":"product","link":"https:\/\/www.moskito.cz\/pl\/produkt\/naprawiono-noz-muela-gaucho-20a\/","title":{"rendered":"Naprawiono n\u00f3\u017c Muela GAUCHO-20A"},"content":{"rendered":"<p>Naprawiono n\u00f3\u017c <strong>Muela<\/strong> GAUCHO-20A. No\u017ce <strong>Muela<\/strong> produkowane s\u0105 przez hiszpa\u0144sk\u0105 firm\u0119, kt\u00f3ra produkuje niedrogie i wysokiej jako\u015bci no\u017ce my\u015bliwskie, no\u017ce sk\u0142adane, no\u017ce luksusowe i wiele innych. Do produkcji ostrzy firma Muela wykorzystuje r\u00f3\u017cne rodzaje stali m.in. Stal molibdenowo-wanadowa 12C27, 14C28N, MOVA 60 o twardo\u015bci 57-61 HRC, stal Inox 1-42 o twardo\u015bci 54-58HRC oraz ostrza z oznaczeniem 440 wykonane s\u0105 ze stali Mova-60E. No\u017ce Muela Damascus powsta\u0142y w wyniku po\u0142\u0105czenia dw\u00f3ch stali, a mianowicie RWL34 i MPC27, kt\u00f3re posiadaj\u0105 twardo\u015b\u0107 57-62 HRC. R\u0119koje\u015bci no\u017cy Muela ozdobione s\u0105 wysokiej jako\u015bci materia\u0142ami, kt\u00f3re obejmuj\u0105 poro\u017ce i r\u00f3\u017cne rodzaje drewna: oliwk\u0119, Africa Blackwood, Kingwood, COCOBOLO, Amazonas Rosewood i drewno orzechowe. Smuk\u0142y n\u00f3\u017c my\u015bliwski o prostym i nieskomplikowanym designie. Jego d\u0142ugie ostrze jest u\u017cywane g\u0142\u00f3wnie przez my\u015bliwych i my\u015bliwych przy r\u00f3\u017cnych zaj\u0119ciach. Uchwyt z poro\u017ca jelenia podkre\u015bla og\u00f3lne wra\u017cenie. Ostrze wykonano z wysokiej jako\u015bci stali nierdzewnej. Kraw\u0119d\u017a ostrza s\u0142u\u017cy jako ochrona podczas pracy.      Okucia oraz stopka r\u0119koje\u015bci wykonane s\u0105 z metalu w kolorze srebrnym. Do no\u017ca do\u0142\u0105czona jest br\u0105zowa, sk\u00f3rzana pochwa. Pe\u0142ny opis produktu Materia\u0142 ostrza: X50CrMoV15 Materia\u0142 r\u0119koje\u015bci: poro\u017ce Materia\u0142 pochwy: sk\u00f3ra D\u0142ugo\u015b\u0107 ostrza: 20 cm D\u0142ugo\u015b\u0107 ca\u0142kowita: 32,5 cm D\u0142ugo\u015b\u0107 r\u0119koje\u015bci: 12,5 cm Waga: 220 g Przeznaczenie: My\u015bliwski Typ no\u017ca: Full Tang <\/p>\n","protected":false},"excerpt":{"rendered":"<p><strong>No\u017ce Muela produkowane s\u0105 przez hiszpa\u0144sk\u0105 firm\u0119, kt\u00f3ra produkuje niedrogie i wysokiej jako\u015bci no\u017ce my\u015bliwskie, no\u017ce sk\u0142adane, no\u017ce luksusowe i wiele innych.<\/strong><\/p>\n","protected":false},"featured_media":356752,"comment_status":"open","ping_status":"closed","template":"","meta":[],"pwb-brand":[3912],"product_brand":[],"product_cat":[3296,3297],"product_tag":[3671],"class_list":{"0":"post-356768","1":"product","2":"type-product","3":"status-publish","4":"has-post-thumbnail","6":"pwb-brand-musiala","7":"product_cat-noze-pl","8":"product_cat-solidne-noze","9":"product_tag-b2b-pl","11":"first","12":"outofstock","13":"taxable","14":"shipping-taxable","15":"purchasable","16":"product-type-simple"},"brands":[{"id":3912,"name":"Musia\u0142a","slug":"musiala"}],"_links":{"self":[{"href":"https:\/\/www.moskito.cz\/pl\/wp-json\/wp\/v2\/product\/356768","targetHints":{"allow":["GET"]}}],"collection":[{"href":"https:\/\/www.moskito.cz\/pl\/wp-json\/wp\/v2\/product"}],"about":[{"href":"https:\/\/www.moskito.cz\/pl\/wp-json\/wp\/v2\/types\/product"}],"replies":[{"embeddable":true,"href":"https:\/\/www.moskito.cz\/pl\/wp-json\/wp\/v2\/comments?post=356768"}],"wp:featuredmedia":[{"embeddable":true,"href":"https:\/\/www.moskito.cz\/pl\/wp-json\/wp\/v2\/media\/356752"}],"wp:attachment":[{"href":"https:\/\/www.moskito.cz\/pl\/wp-json\/wp\/v2\/media?parent=356768"}],"wp:term":[{"taxonomy":"pwb-brand","embeddable":true,"href":"https:\/\/www.moskito.cz\/pl\/wp-json\/wp\/v2\/pwb-brand?post=356768"},{"taxonomy":"product_brand","embeddable":true,"href":"https:\/\/www.moskito.cz\/pl\/wp-json\/wp\/v2\/product_brand?post=356768"},{"taxonomy":"product_cat","embeddable":true,"href":"https:\/\/www.moskito.cz\/pl\/wp-json\/wp\/v2\/product_cat?post=356768"},{"taxonomy":"product_tag","embeddable":true,"href":"https:\/\/www.moskito.cz\/pl\/wp-json\/wp\/v2\/product_tag?post=356768"}],"curies":[{"name":"wp","href":"https:\/\/api.w.org\/{rel}","templated":true}]}}