{"id":356808,"date":"2024-08-14T13:32:42","date_gmt":"2024-08-14T12:33:35","guid":{"rendered":"https:\/\/www.moskito.cz\/produkt\/naprawiony-noz-muela-gaucho-20co\/"},"modified":"2025-05-07T11:23:24","modified_gmt":"2025-05-07T10:23:24","slug":"naprawiony-noz-muela-gaucho-20co","status":"publish","type":"product","link":"https:\/\/www.moskito.cz\/pl\/produkt\/naprawiony-noz-muela-gaucho-20co\/","title":{"rendered":"Naprawiony n\u00f3\u017c Muela GAUCHO-20CO"},"content":{"rendered":"<p>Naprawiony n\u00f3\u017c <strong>Muela<\/strong> GAUCHO-20CO. N\u00f3\u017c my\u015bliwski hiszpa\u0144skiej firmy Muela, odpowiedni dla my\u015bliwych potrzebuj\u0105cych no\u017ca z d\u0142ugim, smuk\u0142ym ostrzem. R\u00f3wnie przydatny b\u0119dzie podczas przebywania na \u0142onie natury, jak i biwakowania. Ostrze wykonano ze stali nierdzewnej MoVa. Elegancki uchwyt z drewna Pakka wyko\u0144czony jest stalow\u0105 stop\u0105. Do no\u017ca do\u0142\u0105czone jest sk\u00f3rzane etui. Materia\u0142 ostrza: MoVa Materia\u0142 r\u0119koje\u015bci: Pakka Materia\u0142 pochwy: Sk\u00f3ra D\u0142ugo\u015b\u0107 ostrza: 20 cm D\u0142ugo\u015b\u0107 ca\u0142kowita: 33 cm D\u0142ugo\u015b\u0107 r\u0119koje\u015bci: 13 cm Waga: 204 g Typ ostrza: Drop Point      <\/p>\n","protected":false},"excerpt":{"rendered":"<p><strong>N\u00f3\u017c my\u015bliwski hiszpa\u0144skiej firmy Muela, odpowiedni dla my\u015bliwych potrzebuj\u0105cych no\u017ca z d\u0142ugim, smuk\u0142ym ostrzem. R\u00f3wnie przydatny b\u0119dzie podczas przebywania na \u0142onie natury, jak i biwakowania. <\/strong><\/p>\n","protected":false},"featured_media":356784,"comment_status":"open","ping_status":"closed","template":"","meta":[],"pwb-brand":[3912],"product_brand":[],"product_cat":[3296,3297],"product_tag":[3671],"class_list":{"0":"post-356808","1":"product","2":"type-product","3":"status-publish","4":"has-post-thumbnail","6":"pwb-brand-musiala","7":"product_cat-noze-pl","8":"product_cat-solidne-noze","9":"product_tag-b2b-pl","11":"first","12":"instock","13":"taxable","14":"shipping-taxable","15":"purchasable","16":"product-type-simple"},"brands":[{"id":3912,"name":"Musia\u0142a","slug":"musiala"}],"_links":{"self":[{"href":"https:\/\/www.moskito.cz\/pl\/wp-json\/wp\/v2\/product\/356808","targetHints":{"allow":["GET"]}}],"collection":[{"href":"https:\/\/www.moskito.cz\/pl\/wp-json\/wp\/v2\/product"}],"about":[{"href":"https:\/\/www.moskito.cz\/pl\/wp-json\/wp\/v2\/types\/product"}],"replies":[{"embeddable":true,"href":"https:\/\/www.moskito.cz\/pl\/wp-json\/wp\/v2\/comments?post=356808"}],"wp:featuredmedia":[{"embeddable":true,"href":"https:\/\/www.moskito.cz\/pl\/wp-json\/wp\/v2\/media\/356784"}],"wp:attachment":[{"href":"https:\/\/www.moskito.cz\/pl\/wp-json\/wp\/v2\/media?parent=356808"}],"wp:term":[{"taxonomy":"pwb-brand","embeddable":true,"href":"https:\/\/www.moskito.cz\/pl\/wp-json\/wp\/v2\/pwb-brand?post=356808"},{"taxonomy":"product_brand","embeddable":true,"href":"https:\/\/www.moskito.cz\/pl\/wp-json\/wp\/v2\/product_brand?post=356808"},{"taxonomy":"product_cat","embeddable":true,"href":"https:\/\/www.moskito.cz\/pl\/wp-json\/wp\/v2\/product_cat?post=356808"},{"taxonomy":"product_tag","embeddable":true,"href":"https:\/\/www.moskito.cz\/pl\/wp-json\/wp\/v2\/product_tag?post=356808"}],"curies":[{"name":"wp","href":"https:\/\/api.w.org\/{rel}","templated":true}]}}