{"id":356841,"date":"2024-08-14T13:58:01","date_gmt":"2024-08-14T12:58:35","guid":{"rendered":"https:\/\/www.moskito.cz\/produkt\/solidny-noz-muela-rehala-27s\/"},"modified":"2025-05-07T11:23:25","modified_gmt":"2025-05-07T10:23:25","slug":"solidny-noz-muela-rehala-27s","status":"publish","type":"product","link":"https:\/\/www.moskito.cz\/pl\/produkt\/solidny-noz-muela-rehala-27s\/","title":{"rendered":"Solidny n\u00f3\u017c Muela REHALA-27S"},"content":{"rendered":"<p>Solidny n\u00f3\u017c <strong>Muela<\/strong> REHALA-27S. N\u00f3\u017c ten przeznaczony jest przede wszystkim dla my\u015bliwych i my\u015bliwych. Dzi\u0119ki d\u0142ugiemu, obustronnie zaostrzonemu ostrzu bardzo dobrze sprawdza si\u0119 tak\u017ce do k\u0142ucia, czyli szybkiego zabijania odstrzeliwanej grubej zwierzyny.   No\u017ce <strong>Muela<\/strong> produkowane s\u0105 przez hiszpa\u0144sk\u0105 firm\u0119, kt\u00f3ra produkuje niedrogie i wysokiej jako\u015bci no\u017ce my\u015bliwskie, no\u017ce sk\u0142adane, no\u017ce luksusowe i wiele innych. Do produkcji ostrzy firma Muela wykorzystuje r\u00f3\u017cne gatunki stali np. 12C27 Sandvik, 14C28N, stal molibdenowo-wanadowa MOVA 60 o twardo\u015bci 57-61 HRC, stal Inox 1-42 o twardo\u015bci 54-58HRC. Ostrza oznaczone numerem 440 wykonane s\u0105 ze stali Mova-60E. No\u017ce Muela Damascus powsta\u0142y w wyniku po\u0142\u0105czenia dw\u00f3ch stali, a mianowicie RWL34 i MPC27, kt\u00f3re posiadaj\u0105 twardo\u015b\u0107 57-62 HRC. R\u0119koje\u015bci no\u017cy Muela ozdobione s\u0105 wysokiej jako\u015bci materia\u0142ami, w tym poro\u017cem i r\u00f3\u017cnymi rodzajami drewna: oliwk\u0105, afryka\u0144skim drewnem czarnym, Kingwood, cocobolo, palisandrem Amazonas i drewnem orzechowym. Szczeg\u00f3\u0142y produktu: N\u00f3\u017c Muela REHALA 27S D\u0142ugo\u015b\u0107 no\u017ca: 40 cm D\u0142ugo\u015b\u0107 ostrza: 27 cm Stal: Nitro42 Materia\u0142 r\u0119koje\u015bci: poro\u017ce Pochwa: Sk\u00f3ra<\/p>\n","protected":false},"excerpt":{"rendered":"<p><strong>N\u00f3\u017c ten przeznaczony jest przede wszystkim dla my\u015bliwych i my\u015bliwych. Dzi\u0119ki d\u0142ugiemu, obustronnie zaostrzonemu ostrzu bardzo dobrze sprawdza si\u0119 tak\u017ce do k\u0142ucia, czyli szybkiego zabijania odstrzeliwanej grubej zwierzyny. <\/strong><\/p>\n<p><strong>Bezp\u0142atny transport.<\/strong><\/p>\n","protected":false},"featured_media":356826,"comment_status":"open","ping_status":"closed","template":"","meta":[],"pwb-brand":[3912],"product_brand":[],"product_cat":[3296,3297],"product_tag":[3671],"class_list":{"0":"post-356841","1":"product","2":"type-product","3":"status-publish","4":"has-post-thumbnail","6":"pwb-brand-musiala","7":"product_cat-noze-pl","8":"product_cat-solidne-noze","9":"product_tag-b2b-pl","11":"first","12":"instock","13":"taxable","14":"shipping-taxable","15":"purchasable","16":"product-type-simple"},"brands":[{"id":3912,"name":"Musia\u0142a","slug":"musiala"}],"_links":{"self":[{"href":"https:\/\/www.moskito.cz\/pl\/wp-json\/wp\/v2\/product\/356841","targetHints":{"allow":["GET"]}}],"collection":[{"href":"https:\/\/www.moskito.cz\/pl\/wp-json\/wp\/v2\/product"}],"about":[{"href":"https:\/\/www.moskito.cz\/pl\/wp-json\/wp\/v2\/types\/product"}],"replies":[{"embeddable":true,"href":"https:\/\/www.moskito.cz\/pl\/wp-json\/wp\/v2\/comments?post=356841"}],"wp:featuredmedia":[{"embeddable":true,"href":"https:\/\/www.moskito.cz\/pl\/wp-json\/wp\/v2\/media\/356826"}],"wp:attachment":[{"href":"https:\/\/www.moskito.cz\/pl\/wp-json\/wp\/v2\/media?parent=356841"}],"wp:term":[{"taxonomy":"pwb-brand","embeddable":true,"href":"https:\/\/www.moskito.cz\/pl\/wp-json\/wp\/v2\/pwb-brand?post=356841"},{"taxonomy":"product_brand","embeddable":true,"href":"https:\/\/www.moskito.cz\/pl\/wp-json\/wp\/v2\/product_brand?post=356841"},{"taxonomy":"product_cat","embeddable":true,"href":"https:\/\/www.moskito.cz\/pl\/wp-json\/wp\/v2\/product_cat?post=356841"},{"taxonomy":"product_tag","embeddable":true,"href":"https:\/\/www.moskito.cz\/pl\/wp-json\/wp\/v2\/product_tag?post=356841"}],"curies":[{"name":"wp","href":"https:\/\/api.w.org\/{rel}","templated":true}]}}