{"id":356854,"date":"2023-08-21T21:26:52","date_gmt":"2024-08-14T13:01:22","guid":{"rendered":"https:\/\/www.moskito.cz\/produkt\/naprawiono-noz-muela-magnum-23a\/"},"modified":"2025-05-07T11:23:26","modified_gmt":"2025-05-07T10:23:26","slug":"naprawiono-noz-muela-magnum-23a","status":"publish","type":"product","link":"https:\/\/www.moskito.cz\/pl\/produkt\/naprawiono-noz-muela-magnum-23a\/","title":{"rendered":"Naprawiono n\u00f3\u017c Muela Magnum 23A"},"content":{"rendered":"<p>N\u00f3\u017c <strong>Muela<\/strong> Magnum 23A N\u00f3\u017c Muela Magnum 23A to niew\u0105tpliwie imponuj\u0105cy przedmiot. Zaprojektowany, aby zaspokoi\u0107 potrzeby zar\u00f3wno do\u015bwiadczonych, jak i amatorskich my\u015bliwych, ten n\u00f3\u017c my\u015bliwski to prawdziwy skarb. Jego ostrze wykonano ze stali molibdenowo-wanadowej, co nadaje mu du\u017c\u0105 twardo\u015b\u0107 57-58 HRC, co zapewnia d\u0142ug\u0105 \u017cywotno\u015b\u0107. R\u0119koje\u015b\u0107 tego no\u017ca jest r\u00f3wnie niezwyk\u0142a: wykonana jest z prawdziwego poro\u017ca jelenia. Materia\u0142 ten nie tylko rewelacyjnie wygl\u0105da, ale tak\u017ce zapewnia wygodny i pewny chwyt, nawet podczas d\u0142ugotrwa\u0142ego u\u017cytkowania. Aby\u015b m\u00f3g\u0142 zabra\u0107 go ze sob\u0105 wsz\u0119dzie, jest wyposa\u017cony w wysokiej jako\u015bci sk\u00f3rzane etui. Muela Magnum 23A to du\u017cy n\u00f3\u017c o ca\u0142kowitej d\u0142ugo\u015bci 36 cm. Ostrze ma d\u0142ugo\u015b\u0107 23 cm i jest niezwykle mocne i ostre. Wa\u017c\u0105cy 460 gram\u00f3w n\u00f3\u017c jest \u0142atwy w obs\u0142udze i mo\u017cna go u\u017cywa\u0107 zar\u00f3wno praw\u0105, jak i lew\u0105 r\u0119k\u0105. Je\u015bli szukasz mocnego, trwa\u0142ego i stylowego no\u017ca, Muela Magnum 23A to zdecydowanie doskona\u0142y wyb\u00f3r! Dodatkowo jest bardzo konkurencyjna cenowo na rynku, co czyni go \u015bwietn\u0105 inwestycj\u0105 dla os\u00f3b ceni\u0105cych jako\u015b\u0107 i funkcjonalno\u015b\u0107 swojego narz\u0119dzia my\u015bliwskiego. Podsumowuj\u0105c, g\u0142\u00f3wne cechy no\u017ca Muela Magnum 23A to: Ostrze ze stali molibdenowo-wanadowej o twardo\u015bci 57-58 HRC. Prawy uchwyt z poro\u017ca jelenia. Wysokiej jako\u015bci sk\u00f3rzane etui. D\u0142ugo\u015b\u0107 ca\u0142kowita 36 cm, z ostrzem 23 cm. Waga 460 gram\u00f3w. Zaprojektowany do u\u017cytku prawo- i lewor\u0119cznego. Nie przegap swojej szansy na zdobycie tego wspania\u0142ego no\u017ca my\u015bliwskiego, zam\u00f3w sw\u00f3j ju\u017c teraz!                   &nbsp;<\/p>\n<p>&nbsp;<\/p>\n","protected":false},"excerpt":{"rendered":"<p><strong>N\u00f3\u017c Muela Magnum 23A to niew\u0105tpliwie egzemplarz imponuj\u0105cy. To n\u00f3\u017c my\u015bliwski, zaprojektowany z my\u015bl\u0105 o potrzebach zar\u00f3wno do\u015bwiadczonych, jak i amatorskich my\u015bliwych. <\/strong><\/p>\n","protected":false},"featured_media":356855,"comment_status":"open","ping_status":"closed","template":"","meta":[],"pwb-brand":[3912],"product_brand":[],"product_cat":[3296,3297],"product_tag":[3671],"class_list":{"0":"post-356854","1":"product","2":"type-product","3":"status-publish","4":"has-post-thumbnail","6":"pwb-brand-musiala","7":"product_cat-noze-pl","8":"product_cat-solidne-noze","9":"product_tag-b2b-pl","11":"first","12":"instock","13":"taxable","14":"shipping-taxable","15":"purchasable","16":"product-type-simple"},"brands":[{"id":3912,"name":"Musia\u0142a","slug":"musiala"}],"_links":{"self":[{"href":"https:\/\/www.moskito.cz\/pl\/wp-json\/wp\/v2\/product\/356854","targetHints":{"allow":["GET"]}}],"collection":[{"href":"https:\/\/www.moskito.cz\/pl\/wp-json\/wp\/v2\/product"}],"about":[{"href":"https:\/\/www.moskito.cz\/pl\/wp-json\/wp\/v2\/types\/product"}],"replies":[{"embeddable":true,"href":"https:\/\/www.moskito.cz\/pl\/wp-json\/wp\/v2\/comments?post=356854"}],"wp:featuredmedia":[{"embeddable":true,"href":"https:\/\/www.moskito.cz\/pl\/wp-json\/wp\/v2\/media\/356855"}],"wp:attachment":[{"href":"https:\/\/www.moskito.cz\/pl\/wp-json\/wp\/v2\/media?parent=356854"}],"wp:term":[{"taxonomy":"pwb-brand","embeddable":true,"href":"https:\/\/www.moskito.cz\/pl\/wp-json\/wp\/v2\/pwb-brand?post=356854"},{"taxonomy":"product_brand","embeddable":true,"href":"https:\/\/www.moskito.cz\/pl\/wp-json\/wp\/v2\/product_brand?post=356854"},{"taxonomy":"product_cat","embeddable":true,"href":"https:\/\/www.moskito.cz\/pl\/wp-json\/wp\/v2\/product_cat?post=356854"},{"taxonomy":"product_tag","embeddable":true,"href":"https:\/\/www.moskito.cz\/pl\/wp-json\/wp\/v2\/product_tag?post=356854"}],"curies":[{"name":"wp","href":"https:\/\/api.w.org\/{rel}","templated":true}]}}