{"id":356984,"date":"2023-06-01T09:31:41","date_gmt":"2024-08-15T08:21:42","guid":{"rendered":"https:\/\/www.moskito.cz\/produkt\/kompletny-system-ostrzenia-spyderco-tri-angle-sharpmaker-204mf\/"},"modified":"2024-08-15T09:21:42","modified_gmt":"2024-08-15T08:21:42","slug":"kompletny-system-ostrzenia-spyderco-tri-angle-sharpmaker-204mf","status":"publish","type":"product","link":"https:\/\/www.moskito.cz\/pl\/produkt\/kompletny-system-ostrzenia-spyderco-tri-angle-sharpmaker-204mf\/","title":{"rendered":"Kompletny system ostrzenia Spyderco Tri-Angle Sharpmaker 204MF"},"content":{"rendered":"<p>Kompletny system ostrzenia <strong>Spyderco<\/strong> Tri-Angle Sharpmaker 204MF Prawdopodobnie s\u0142ysza\u0142e\u015b, \u017ce \u201eostry n\u00f3\u017c jest bezpieczniejszy ni\u017c t\u0119py\u201d. Uwa\u017camy, \u017ce ten cytat pochodzi z pierwszej r\u0119ki i wierzymy, \u017ce jest prawdziwy. Sharpmaker by\u0142 pierwszym produktem <strong>Spyderco<\/strong> , kt\u00f3ry <strong>Spyderco<\/strong> wyprodukowa\u0142 i sprzeda\u0142 przed wej\u015bciem na rynek no\u017cy. To prawda \u2013 Spyderco najpierw wyostrza\u0142o, a potem wyostrza\u0142o. Tri-Angle Sharpmaker zawiera dwa zestawy kamieni ceramicznych o wysokiej zawarto\u015bci tlenku glinu: par\u0119 \u015brednioziarnistych (br\u0105zowych) kamieni do agresywnego ostrzenia i zestaw drobnych (bia\u0142ych) kamieni do profesjonalnego wyko\u0144czenia. Kamienie s\u0105 tr\u00f3jk\u0105tne do ostrzenia PlainEdges na p\u0142askich bokach i SpyderEdges (z\u0119by) na rogach. Rowek na d\u0142ugo\u015bci ka\u017cdego kamienia umo\u017cliwia ostrzenie ostrych przedmiot\u00f3w, takich jak w\u0119dki, strza\u0142y i szyd\u0142a. W zestawie znajduje si\u0119 zestaw mosi\u0119\u017cnych pr\u0119t\u00f3w zabezpieczaj\u0105cych, kt\u00f3re chroni\u0105 d\u0142onie u\u017cytkownika podczas szlifowania. Wszystkie elementy mieszcz\u0105 si\u0119 w osobnej podstawie i pokrywie z tworzywa ABS \u2013 gotowe do zabrania w podr\u00f3\u017c. W podstawie wyci\u0119te s\u0105 rowki i otwory na kamienie. Precyzyjnie reguluj\u0105 k\u0105t ostrzenia kamienia na 30\u00b0 (15\u00b0 z ka\u017cdej strony) lub 40\u00b0 (20\u00b0 z ka\u017cdej strony) dla no\u017cy i 12,5\u00b0 dla no\u017cyczek. Obr\u00f3\u0107 podstaw\u0119, kana\u0142 umo\u017cliwia umieszczenie dw\u00f3ch kamieni obok siebie (p\u0142ask\u0105 stron\u0105 do g\u00f3ry), aby wykorzysta\u0107 je jako \u0142awk\u0119. Pokrywa zatrzaskuje si\u0119 do po\u0142owy w podstawie, tworz\u0105c uchwyt zapewniaj\u0105cy stabilno\u015b\u0107 podczas ustawiania ostro\u015bci. W zestawie znajduje si\u0119 zestaw mosi\u0119\u017cnych pr\u0119t\u00f3w zabezpieczaj\u0105cych, kt\u00f3re chroni\u0105 d\u0142onie u\u017cytkownika podczas szlifowania. Kamienie ceramiczne, podobnie jak szk\u0142o, p\u0119kaj\u0105 pod wp\u0142ywem upadku \u2013 nale\u017cy obchodzi\u0107 si\u0119 z nimi ostro\u017cnie. U\u017cywaj ich na sucho, bez oleju, wody i smar\u00f3w. Czyszczenie: wyszorowa\u0107 kamienie plastikowym drutem i mechanicznym \u015brodkiem czyszcz\u0105cym i pozostawi\u0107 do wyschni\u0119cia. Nadaje si\u0119 r\u00f3wnie\u017c do autoklawowania.                  Wyprodukowano w USA.  &nbsp;<\/p>\n","protected":false},"excerpt":{"rendered":"<p><strong>Zestaw do ostrzenia Spyderco Triangle Sharpmaker umo\u017cliwia proste i skuteczne ostrzenie no\u017cy.  <\/strong><\/p>\n","protected":false},"featured_media":356985,"comment_status":"open","ping_status":"closed","template":"","meta":[],"pwb-brand":[3432],"product_brand":[],"product_cat":[3345],"product_tag":[3671],"class_list":{"0":"post-356984","1":"product","2":"type-product","3":"status-publish","4":"has-post-thumbnail","6":"pwb-brand-spyderco-pl","7":"product_cat-tarcze-szlifierskie-i-stal","8":"product_tag-b2b-pl","10":"first","11":"instock","12":"taxable","13":"shipping-taxable","14":"purchasable","15":"product-type-simple"},"brands":[{"id":3432,"name":"Spyderco","slug":"spyderco-pl"}],"_links":{"self":[{"href":"https:\/\/www.moskito.cz\/pl\/wp-json\/wp\/v2\/product\/356984","targetHints":{"allow":["GET"]}}],"collection":[{"href":"https:\/\/www.moskito.cz\/pl\/wp-json\/wp\/v2\/product"}],"about":[{"href":"https:\/\/www.moskito.cz\/pl\/wp-json\/wp\/v2\/types\/product"}],"replies":[{"embeddable":true,"href":"https:\/\/www.moskito.cz\/pl\/wp-json\/wp\/v2\/comments?post=356984"}],"wp:featuredmedia":[{"embeddable":true,"href":"https:\/\/www.moskito.cz\/pl\/wp-json\/wp\/v2\/media\/356985"}],"wp:attachment":[{"href":"https:\/\/www.moskito.cz\/pl\/wp-json\/wp\/v2\/media?parent=356984"}],"wp:term":[{"taxonomy":"pwb-brand","embeddable":true,"href":"https:\/\/www.moskito.cz\/pl\/wp-json\/wp\/v2\/pwb-brand?post=356984"},{"taxonomy":"product_brand","embeddable":true,"href":"https:\/\/www.moskito.cz\/pl\/wp-json\/wp\/v2\/product_brand?post=356984"},{"taxonomy":"product_cat","embeddable":true,"href":"https:\/\/www.moskito.cz\/pl\/wp-json\/wp\/v2\/product_cat?post=356984"},{"taxonomy":"product_tag","embeddable":true,"href":"https:\/\/www.moskito.cz\/pl\/wp-json\/wp\/v2\/product_tag?post=356984"}],"curies":[{"name":"wp","href":"https:\/\/api.w.org\/{rel}","templated":true}]}}