{"id":356995,"date":"2023-06-01T09:03:03","date_gmt":"2023-06-01T08:03:03","guid":{"rendered":"https:\/\/www.moskito.cz\/produkt\/zestaw-2-pretow-spyderco-triangle-sharpmaker-z-szesciennego-azotku-boru-204cbn\/"},"modified":"2024-08-15T09:23:16","modified_gmt":"2024-08-15T08:23:16","slug":"zestaw-2-pretow-spyderco-triangle-sharpmaker-z-szesciennego-azotku-boru-204cbn","status":"publish","type":"product","link":"https:\/\/www.moskito.cz\/pl\/produkt\/zestaw-2-pretow-spyderco-triangle-sharpmaker-z-szesciennego-azotku-boru-204cbn\/","title":{"rendered":"Zestaw 2 pr\u0119t\u00f3w Spyderco Triangle Sharpmaker z sze\u015bciennego azotku boru 204CBN"},"content":{"rendered":"<p>Zestaw 2 pr\u0119t\u00f3w <strong>Spyderco<\/strong> Triangle Sharpmaker z sze\u015bciennego azotku boru 204CBN S\u0105 to stalowe tr\u00f3jk\u0105ty pokryte spoiwem, a nast\u0119pnie pokryte cz\u0105stkami sze\u015bciennego azotku boru. Regularny azotek boru to materia\u0142 super\u015bcierny, kt\u00f3ry pod wzgl\u0119dem twardo\u015bci ust\u0119puje jedynie diamentowi. Oferuje doskona\u0142\u0105 odporno\u015b\u0107 na \u015bcieranie i przewodno\u015b\u0107 ciepln\u0105 w por\u00f3wnaniu z konwencjonalnymi materia\u0142ami \u015bciernymi, takimi jak w\u0119glik krzemu i tlenek glinu, co czyni go preferowanym materia\u0142em \u015bciernym w wielu zaawansowanych zastosowaniach szlifowania przemys\u0142owego. Teraz mo\u017cesz po\u0142\u0105czy\u0107 zalety tego szybkotn\u0105cego materia\u0142u super\u015bciernego z wygod\u0105 i \u0142atwo\u015bci\u0105 u\u017cycia ostrzarki Spyderco Tri-Angle Sharpmaker. Ekstremalnie twarde materia\u0142y \u015bcierne s\u0105 zalecane do usuwania materia\u0142u, do cel\u00f3w renowacji oraz do agresywnego przekszta\u0142cania, ponownego fazowania i ponownego profilowania kraw\u0119dzi skrawaj\u0105cej. Wielko\u015b\u0107 ziarna CBN wynosi oko\u0142o 40 mikron\u00f3w Materia\u0142 \u015bcierny CBN jest znacznie grubszy ni\u017c \u015brednie kamienie ceramiczne Pr\u0119ty CBN nale\u017cy stosowa\u0107 przy BARDZO LEKKIM nacisku. Zalecane u\u017cycie to mniej ni\u017c 5 gram\u00f3w (28 gram\u00f3w w uncji), a nadmierny nacisk mo\u017ce odci\u0105\u0107 materia\u0142 \u015bcierny od warstwy podstawowej, kt\u00f3ra \u0142\u0105czy go z pr\u0119tem. Zaleca si\u0119 zwil\u017cenie listwy wod\u0105 przed u\u017cyciem, aby zredukowa\u0107 py\u0142 metalowy i spowolni\u0107 proces \u015bcierania. Listwy idealnie nadaj\u0105 si\u0119 do reprofilacji k\u0105ta skosu no\u017ca lub fazowania wyszczerbionych lub przeci\u0119tych ostrzy. Poniewa\u017c \u015bcierniwo jest gruboziarniste, u\u017cytkownicy powinni spodziewa\u0107 si\u0119 pewnych p\u00f3\u017aniej pracuj ze \u015brednimi kamieniami, je\u015bli chcesz wyg\u0142adzi\u0107 skosy, aby uzyska\u0107 drobniejsze ziarno. Wymiary 17,8 x 1,3 cm        <\/p>\n","protected":false},"excerpt":{"rendered":"<p>Tr\u00f3jk\u0105ty stalowe pokryte spoiwem, a nast\u0119pnie pokryte cz\u0105stkami sze\u015bciennego azotku boru.<\/p>\n","protected":false},"featured_media":356996,"comment_status":"open","ping_status":"closed","template":"","meta":[],"pwb-brand":[3432],"product_brand":[],"product_cat":[3345],"product_tag":[3671],"class_list":{"0":"post-356995","1":"product","2":"type-product","3":"status-publish","4":"has-post-thumbnail","6":"pwb-brand-spyderco-pl","7":"product_cat-tarcze-szlifierskie-i-stal","8":"product_tag-b2b-pl","10":"first","11":"instock","12":"taxable","13":"shipping-taxable","14":"purchasable","15":"product-type-simple"},"brands":[{"id":3432,"name":"Spyderco","slug":"spyderco-pl"}],"_links":{"self":[{"href":"https:\/\/www.moskito.cz\/pl\/wp-json\/wp\/v2\/product\/356995","targetHints":{"allow":["GET"]}}],"collection":[{"href":"https:\/\/www.moskito.cz\/pl\/wp-json\/wp\/v2\/product"}],"about":[{"href":"https:\/\/www.moskito.cz\/pl\/wp-json\/wp\/v2\/types\/product"}],"replies":[{"embeddable":true,"href":"https:\/\/www.moskito.cz\/pl\/wp-json\/wp\/v2\/comments?post=356995"}],"wp:featuredmedia":[{"embeddable":true,"href":"https:\/\/www.moskito.cz\/pl\/wp-json\/wp\/v2\/media\/356996"}],"wp:attachment":[{"href":"https:\/\/www.moskito.cz\/pl\/wp-json\/wp\/v2\/media?parent=356995"}],"wp:term":[{"taxonomy":"pwb-brand","embeddable":true,"href":"https:\/\/www.moskito.cz\/pl\/wp-json\/wp\/v2\/pwb-brand?post=356995"},{"taxonomy":"product_brand","embeddable":true,"href":"https:\/\/www.moskito.cz\/pl\/wp-json\/wp\/v2\/product_brand?post=356995"},{"taxonomy":"product_cat","embeddable":true,"href":"https:\/\/www.moskito.cz\/pl\/wp-json\/wp\/v2\/product_cat?post=356995"},{"taxonomy":"product_tag","embeddable":true,"href":"https:\/\/www.moskito.cz\/pl\/wp-json\/wp\/v2\/product_tag?post=356995"}],"curies":[{"name":"wp","href":"https:\/\/api.w.org\/{rel}","templated":true}]}}