{"id":357015,"date":"2022-06-09T15:09:05","date_gmt":"2024-08-15T11:02:54","guid":{"rendered":"https:\/\/www.moskito.cz\/produkt\/naprawiono-noz-heretic-knives-nephilim-carbon-h003-8a-cf\/"},"modified":"2025-05-07T11:23:31","modified_gmt":"2025-05-07T10:23:31","slug":"naprawiono-noz-heretic-knives-nephilim-carbon-h003-8a-cf","status":"publish","type":"product","link":"https:\/\/www.moskito.cz\/pl\/produkt\/naprawiono-noz-heretic-knives-nephilim-carbon-h003-8a-cf\/","title":{"rendered":"Naprawiono n\u00f3\u017c Heretic Knives Nephilim Carbon H003-8A-CF"},"content":{"rendered":"<p>Naprawiono n\u00f3\u017c <strong>Heretic Knives<\/strong> Nephilim Carbon H003-8A-CF. To drugi projekt TJ&#8217;a ze sta\u0142ym ostrzem, Nephilim. Wykonany z jednego kawa\u0142ka stali nierdzewnej Elmax, jest wystarczaj\u0105co wytrzyma\u0142y, aby sprosta\u0107 ka\u017cdemu zadaniu i jest przeznaczony do walki. R\u0119koje\u015bci z w\u0142\u00f3kna w\u0119glowego zapewniaj\u0105 no\u017com wspania\u0142y wygl\u0105d i wygod\u0119, a tekstura zapewnia lepszy chwyt. Wa\u017c\u0105cy 10,3 uncji n\u00f3\u017c ma nylonow\u0105 pochw\u0119 z wy\u015bci\u00f3\u0142k\u0105 z kydexu i wbudowanym w kolb\u0119 otworem na smycz. To niszczycielskie taktyczne sta\u0142e ostrze, kt\u00f3re zadaje cios i zosta\u0142o dumnie wyprodukowane w USA. Ca\u0142o\u015b\u0107: 30 cm Ostrze: 16 cm Elmax Grubo\u015b\u0107 ostrza: 0,5 cm Waga 9,05 uncji. Typ nylonowej os\u0142ony: Sta\u0142e ostrze Wyprodukowano w USA        &nbsp;<\/p>\n<p>&nbsp;<\/p>\n","protected":false},"excerpt":{"rendered":"<div class=\"elementor-element elementor-element-bbb542b elementor-widget elementor-widget-woocommerce-product-short-description\" data-id=\"bbb542b\" data-element_type=\"widget\" data-widget_type=\"woocommerce-product-short-description.default\">\n<div class=\"elementor-widget-container\">\n<div class=\"woocommerce-product-details__short-description\">\n<div class=\"elementor-element elementor-element-bbb542b elementor-widget elementor-widget-woocommerce-product-short-description\" data-id=\"bbb542b\" data-element_type=\"widget\" data-widget_type=\"woocommerce-product-short-description.default\">\n<div class=\"elementor-widget-container\">\n<div class=\"woocommerce-product-details__short-description\">\n<div class=\"elementor-element elementor-element-bbb542b elementor-widget elementor-widget-woocommerce-product-short-description\" data-id=\"bbb542b\" data-element_type=\"widget\" data-widget_type=\"woocommerce-product-short-description.default\">\n<div class=\"elementor-widget-container\">\n<div class=\"woocommerce-product-details__short-description\">\n<div class=\"elementor-element elementor-element-bbb542b elementor-widget elementor-widget-woocommerce-product-short-description\" data-id=\"bbb542b\" data-element_type=\"widget\" data-widget_type=\"woocommerce-product-short-description.default\">\n<div class=\"elementor-widget-container\">\n<div class=\"woocommerce-product-details__short-description\">  Wszystkie nasze no\u017ce s\u0105 produkowane w USA i tak pozostanie. Kupuj\u0105c jeden z naszych no\u017cy, mo\u017cesz mie\u0107 pewno\u015b\u0107, \u017ce Twoje narz\u0119dzie jest wspierane przez ameryka\u0144sk\u0105 firm\u0119. Nasze no\u017ce s\u0105 produkowane w ma\u0142ych partiach, aby mie\u0107 pewno\u015b\u0107, \u017ce otrzymasz n\u00f3\u017c wysokiej jako\u015bci, kt\u00f3remu po\u015bwi\u0119cono uwag\u0119, jakiej nie maj\u0105 inne no\u017ce produkowane masowo.  <strong>Bezp\u0142atny transport.<\/strong><\/p>\n<\/div>\n<\/div>\n<\/div>\n<\/div>\n<\/div>\n<\/div>\n<\/div>\n<\/div>\n<\/div>\n<\/div>\n<\/div>\n<\/div>\n","protected":false},"featured_media":357016,"comment_status":"open","ping_status":"closed","template":"","meta":[],"pwb-brand":[3664],"product_brand":[],"product_cat":[3296,3297],"product_tag":[],"class_list":{"0":"post-357015","1":"product","2":"type-product","3":"status-publish","4":"has-post-thumbnail","6":"pwb-brand-heretyckie-noze","7":"product_cat-noze-pl","8":"product_cat-solidne-noze","10":"first","11":"instock","12":"taxable","13":"shipping-taxable","14":"purchasable","15":"product-type-simple"},"brands":[{"id":3664,"name":"Heretyckie no\u017ce","slug":"heretyckie-noze"}],"_links":{"self":[{"href":"https:\/\/www.moskito.cz\/pl\/wp-json\/wp\/v2\/product\/357015","targetHints":{"allow":["GET"]}}],"collection":[{"href":"https:\/\/www.moskito.cz\/pl\/wp-json\/wp\/v2\/product"}],"about":[{"href":"https:\/\/www.moskito.cz\/pl\/wp-json\/wp\/v2\/types\/product"}],"replies":[{"embeddable":true,"href":"https:\/\/www.moskito.cz\/pl\/wp-json\/wp\/v2\/comments?post=357015"}],"wp:featuredmedia":[{"embeddable":true,"href":"https:\/\/www.moskito.cz\/pl\/wp-json\/wp\/v2\/media\/357016"}],"wp:attachment":[{"href":"https:\/\/www.moskito.cz\/pl\/wp-json\/wp\/v2\/media?parent=357015"}],"wp:term":[{"taxonomy":"pwb-brand","embeddable":true,"href":"https:\/\/www.moskito.cz\/pl\/wp-json\/wp\/v2\/pwb-brand?post=357015"},{"taxonomy":"product_brand","embeddable":true,"href":"https:\/\/www.moskito.cz\/pl\/wp-json\/wp\/v2\/product_brand?post=357015"},{"taxonomy":"product_cat","embeddable":true,"href":"https:\/\/www.moskito.cz\/pl\/wp-json\/wp\/v2\/product_cat?post=357015"},{"taxonomy":"product_tag","embeddable":true,"href":"https:\/\/www.moskito.cz\/pl\/wp-json\/wp\/v2\/product_tag?post=357015"}],"curies":[{"name":"wp","href":"https:\/\/api.w.org\/{rel}","templated":true}]}}