{"id":357092,"date":"2024-08-15T12:47:44","date_gmt":"2024-08-15T11:48:23","guid":{"rendered":"https:\/\/www.moskito.cz\/produkt\/naprawiono-noz-muela-bear-24a\/"},"modified":"2025-05-07T11:23:34","modified_gmt":"2025-05-07T10:23:34","slug":"naprawiono-noz-muela-bear-24a","status":"publish","type":"product","link":"https:\/\/www.moskito.cz\/pl\/produkt\/naprawiono-noz-muela-bear-24a\/","title":{"rendered":"Naprawiono n\u00f3\u017c Muela BEAR-24A"},"content":{"rendered":"<p>Naprawiono n\u00f3\u017c <strong>Muela<\/strong> BEAR-24A. Do produkcji ostrzy firma Muela wykorzystuje r\u00f3\u017cne rodzaje stali m.in. Stal molibdenowo-wanadowa 12C27, 14C28N, MOVA 60 o twardo\u015bci 57-61 HRC, stal Inox 1-42 o twardo\u015bci 54-58HRC oraz ostrza z oznaczeniem 440 wykonane s\u0105 ze stali Mova-60E. No\u017ce Muela Damascus powsta\u0142y w wyniku po\u0142\u0105czenia dw\u00f3ch stali, a mianowicie RWL34 i MPC27, kt\u00f3re posiadaj\u0105 twardo\u015b\u0107 57-62 HRC. R\u0119koje\u015bci no\u017cy Muela ozdobione s\u0105 wysokiej jako\u015bci materia\u0142ami, w tym poro\u017cem i r\u00f3\u017cnymi rodzajami drewna: oliwk\u0105, afryka\u0144skim drewnem czarnym, Kingwood, COCOBOLO, Amazonas Rosewood i drewnem orzechowym. Ostrze wykonano z wysokiej jako\u015bci stali nierdzewnej molibdenowo-wanadowej o twardo\u015bci ok. 60 HRC. Dla maksymalnego bezpiecze\u0144stwa pracy n\u00f3\u017c wyposa\u017cono w masywn\u0105 dwustronn\u0105 os\u0142on\u0119 ozdobion\u0105 czerwono-bia\u0142\u0105 lini\u0105. R\u0119koje\u015b\u0107 wykonana jest z poro\u017ca jelenia i zako\u0144czona jest metalow\u0105 stopk\u0105 z takim samym zdobieniem jak na jelcu.    Do no\u017ca do\u0142\u0105czona jest br\u0105zowa, sk\u00f3rzana pochwa. D\u0142ugo\u015b\u0107 ca\u0142kowita: 36 cm D\u0142ugo\u015b\u0107 ostrza: 24 cm Waga: 350 g Materia\u0142 ostrza: X50CrMoV15 Materia\u0142 r\u0119koje\u015bci: poro\u017ce Pochwa: sk\u00f3ra  &nbsp;<\/p>\n","protected":false},"excerpt":{"rendered":"<p><strong>Do produkcji ostrzy firma Muela wykorzystuje r\u00f3\u017cne rodzaje stali m.in. Stal molibdenowo-wanadowa 12C27, 14C28N, MOVA 60 o twardo\u015bci 57-61 HRC, stal Inox 1-42 o twardo\u015bci 54-58HRC oraz ostrza z oznaczeniem 440 wykonane s\u0105 ze stali Mova-60E. No\u017ce Muela Damascus powsta\u0142y w wyniku po\u0142\u0105czenia dw\u00f3ch stali, a mianowicie RWL34 i MPC27, kt\u00f3re posiadaj\u0105 twardo\u015b\u0107 57-62 HRC.<\/strong><\/p>\n<p><strong>Bezp\u0142atny transport.<\/strong><\/p>\n","protected":false},"featured_media":357069,"comment_status":"open","ping_status":"closed","template":"","meta":[],"pwb-brand":[3912],"product_brand":[],"product_cat":[3296,3297],"product_tag":[],"class_list":{"0":"post-357092","1":"product","2":"type-product","3":"status-publish","4":"has-post-thumbnail","6":"pwb-brand-musiala","7":"product_cat-noze-pl","8":"product_cat-solidne-noze","10":"first","11":"instock","12":"taxable","13":"shipping-taxable","14":"purchasable","15":"product-type-simple"},"brands":[{"id":3912,"name":"Musia\u0142a","slug":"musiala"}],"_links":{"self":[{"href":"https:\/\/www.moskito.cz\/pl\/wp-json\/wp\/v2\/product\/357092","targetHints":{"allow":["GET"]}}],"collection":[{"href":"https:\/\/www.moskito.cz\/pl\/wp-json\/wp\/v2\/product"}],"about":[{"href":"https:\/\/www.moskito.cz\/pl\/wp-json\/wp\/v2\/types\/product"}],"replies":[{"embeddable":true,"href":"https:\/\/www.moskito.cz\/pl\/wp-json\/wp\/v2\/comments?post=357092"}],"wp:featuredmedia":[{"embeddable":true,"href":"https:\/\/www.moskito.cz\/pl\/wp-json\/wp\/v2\/media\/357069"}],"wp:attachment":[{"href":"https:\/\/www.moskito.cz\/pl\/wp-json\/wp\/v2\/media?parent=357092"}],"wp:term":[{"taxonomy":"pwb-brand","embeddable":true,"href":"https:\/\/www.moskito.cz\/pl\/wp-json\/wp\/v2\/pwb-brand?post=357092"},{"taxonomy":"product_brand","embeddable":true,"href":"https:\/\/www.moskito.cz\/pl\/wp-json\/wp\/v2\/product_brand?post=357092"},{"taxonomy":"product_cat","embeddable":true,"href":"https:\/\/www.moskito.cz\/pl\/wp-json\/wp\/v2\/product_cat?post=357092"},{"taxonomy":"product_tag","embeddable":true,"href":"https:\/\/www.moskito.cz\/pl\/wp-json\/wp\/v2\/product_tag?post=357092"}],"curies":[{"name":"wp","href":"https:\/\/api.w.org\/{rel}","templated":true}]}}