{"id":357156,"date":"2024-08-19T18:28:05","date_gmt":"2024-08-19T17:28:50","guid":{"rendered":"https:\/\/www.moskito.cz\/produkt\/noz-strzelecki-microtech-ludt-gen-iii-blue-stonewash-1136-11bl\/"},"modified":"2025-05-07T11:23:36","modified_gmt":"2025-05-07T10:23:36","slug":"noz-strzelecki-microtech-ludt-gen-iii-blue-stonewash-1136-11bl","status":"publish","type":"product","link":"https:\/\/www.moskito.cz\/pl\/produkt\/noz-strzelecki-microtech-ludt-gen-iii-blue-stonewash-1136-11bl\/","title":{"rendered":"N\u00f3\u017c strzelecki Microtech LUDT Gen III Blue Stonewash 1136-11BL"},"content":{"rendered":"<p>N\u00f3\u017c strzelecki <strong>Microtech<\/strong> LUDT Gen III Blue Stonewash 1136-11BL. Generacja 3 <strong>Microtech LUDT<\/strong> wygl\u0105da i wydaje si\u0119 znajoma oraz zawiera kilka innowacyjnych zmian. Znajdziesz zwrot wk\u0142adek chwytnych 3M zapewniaj\u0105cych optymaln\u0105 przyczepno\u015b\u0107! Nowy LUDT jest wspierany przez 24 \u0142o\u017cyska z w\u0119glika krzemu, dzi\u0119ki czemu pracuje p\u0142ynniej ni\u017c kiedykolwiek wcze\u015bniej. Zwyk\u0142e \u015bruby Torx umo\u017cliwiaj\u0105 \u0142atw\u0105 konserwacj\u0119, a rozk\u0142adany klips do przenoszenia zapewnia u\u017cytkownikom bezpiecze\u0144stwo i szybki dost\u0119p do tego wytrzyma\u0142ego, wodoodpornego elementu. Model ten posiada r\u0119koje\u015b\u0107 z anodyzowanego na niebiesko aluminium 6061-T6 z czarnymi wstawkami 3M. M390MK Ostrze tanto ze stali nierdzewnej Stonewash ze standardow\u0105 kraw\u0119dzi\u0105. Okucia Torx i sk\u0142adany klips kieszeniowy. Ostrze oznaczono informacj\u0105 o modelu oraz logo <strong>Microtech<\/strong> . Kieszonkowy klips jest r\u00f3wnie\u017c oznaczony logo <strong>Microtech<\/strong> . D\u0142ugo\u015b\u0107 ca\u0142kowita: 20,3 cm D\u0142ugo\u015b\u0107 po zamkni\u0119ciu: 11,4 cm D\u0142ugo\u015b\u0107 ostrza: 8,9 cm Wyko\u0144czenie ostrza: Stonewashed Styl ostrza: Tanto Materia\u0142 r\u0119koje\u015bci: aluminium Klips do kieszeni Kraj pochodzenia: USA https:\/\/youtu.be\/xE9TeOFYEjg            &nbsp;<\/p>\n","protected":false},"excerpt":{"rendered":"<p><strong>Przez lata Microtech\u00ae Knives wype\u0142nia\u0142 no\u017ce pasj\u0105 i umiej\u0119tno\u015bciami, aby tworzy\u0107 niemal dzie\u0142a sztuki, kt\u00f3re s\u0105 szczytem funkcjonalno\u015bci.Wszystkie cz\u0119\u015bci s\u0105 produkowane w USA.<\/strong><br \/>\n<strong>Wszystkie no\u017ce Microtech obj\u0119te s\u0105 do\u017cywotni\u0105 gwarancj\u0105.<\/strong><\/p>\n<p><strong>Bezp\u0142atny transport.<\/strong><\/p>\n","protected":false},"featured_media":357141,"comment_status":"open","ping_status":"closed","template":"","meta":[],"pwb-brand":[3279],"product_brand":[],"product_cat":[3344,3296],"product_tag":[],"class_list":{"0":"post-357156","1":"product","2":"type-product","3":"status-publish","4":"has-post-thumbnail","6":"pwb-brand-microtech-pl","7":"product_cat-noze-strzeleckie","8":"product_cat-noze-pl","10":"first","11":"outofstock","12":"taxable","13":"shipping-taxable","14":"purchasable","15":"product-type-simple"},"brands":[{"id":3279,"name":"Microtech","slug":"microtech-pl"}],"_links":{"self":[{"href":"https:\/\/www.moskito.cz\/pl\/wp-json\/wp\/v2\/product\/357156","targetHints":{"allow":["GET"]}}],"collection":[{"href":"https:\/\/www.moskito.cz\/pl\/wp-json\/wp\/v2\/product"}],"about":[{"href":"https:\/\/www.moskito.cz\/pl\/wp-json\/wp\/v2\/types\/product"}],"replies":[{"embeddable":true,"href":"https:\/\/www.moskito.cz\/pl\/wp-json\/wp\/v2\/comments?post=357156"}],"wp:featuredmedia":[{"embeddable":true,"href":"https:\/\/www.moskito.cz\/pl\/wp-json\/wp\/v2\/media\/357141"}],"wp:attachment":[{"href":"https:\/\/www.moskito.cz\/pl\/wp-json\/wp\/v2\/media?parent=357156"}],"wp:term":[{"taxonomy":"pwb-brand","embeddable":true,"href":"https:\/\/www.moskito.cz\/pl\/wp-json\/wp\/v2\/pwb-brand?post=357156"},{"taxonomy":"product_brand","embeddable":true,"href":"https:\/\/www.moskito.cz\/pl\/wp-json\/wp\/v2\/product_brand?post=357156"},{"taxonomy":"product_cat","embeddable":true,"href":"https:\/\/www.moskito.cz\/pl\/wp-json\/wp\/v2\/product_cat?post=357156"},{"taxonomy":"product_tag","embeddable":true,"href":"https:\/\/www.moskito.cz\/pl\/wp-json\/wp\/v2\/product_tag?post=357156"}],"curies":[{"name":"wp","href":"https:\/\/api.w.org\/{rel}","templated":true}]}}