{"id":357296,"date":"2022-03-06T21:30:52","date_gmt":"2024-08-28T06:47:38","guid":{"rendered":"https:\/\/www.moskito.cz\/produkt\/noz-strzelecki-heretic-knives-manticore-x-h031-10a-jade\/"},"modified":"2025-05-07T11:23:39","modified_gmt":"2025-05-07T10:23:39","slug":"noz-strzelecki-heretic-knives-manticore-x-h031-10a-jade","status":"publish","type":"product","link":"https:\/\/www.moskito.cz\/pl\/produkt\/noz-strzelecki-heretic-knives-manticore-x-h031-10a-jade\/","title":{"rendered":"N\u00f3\u017c strzelecki Heretic Knives Manticore X H031-10A-JADE"},"content":{"rendered":"<p>N\u00f3\u017c strzelecki <strong>Heretic Knives<\/strong> Manticore X H031-10A-JADE. Manticore firmy Heretic Knives to fenomenalny n\u00f3\u017c OTF dla ka\u017cdego, kto szuka czego\u015b du\u017cego, ale \u0142atwego do przenoszenia. W tym przypadku ch\u0142opaki z Heretic Knives na Florydzie naprawd\u0119 si\u0119 postarali. Najwy\u017cszej jako\u015bci stal Elmax, g\u0142adkie podw\u00f3jne dzia\u0142anie, ko\u0144c\u00f3wka do zbijania szk\u0142a, g\u0142\u0119boki klips do kieszeni i otw\u00f3r na smycz. Akcja ma dobry chwyt, nie jest zbyt trudna do w\u0142\u0105czenia ani zbyt mi\u0119kka. Manticore jest dost\u0119pny w r\u00f3\u017cnych stylach i wyko\u0144czeniach. Ta Manticore jest edycj\u0105 specjaln\u0105. Ostrze tanto ma czarne dwukolorowe wyko\u0144czenie i jest wykonane ze stali Elmax. Chwyt posiada czarny aluminiowy uchwyt z tylnymi nak\u0142adkami Jade G-10. D\u0142ugo\u015b\u0107 ca\u0142kowita: 23 cm D\u0142ugo\u015b\u0107 ostrza: 9,25 cm Materia\u0142 ostrza: ELMAX Styl ostrza: Tanto Wyko\u0144czenie: Battleweard Kolor: czarny G\u00f3ra\/Jadeitowy d\u00f3\u0142 G-10 Waga: 4,5 uncji         <\/p>\n","protected":false},"excerpt":{"rendered":"<p>Wszystkie nasze no\u017ce s\u0105 produkowane w USA i tak pozostanie. Kupuj\u0105c jeden z naszych no\u017cy, mo\u017cesz mie\u0107 pewno\u015b\u0107, \u017ce Twoje narz\u0119dzie jest wspierane przez ameryka\u0144sk\u0105 firm\u0119. Nasze no\u017ce s\u0105 produkowane w ma\u0142ych partiach, aby mie\u0107 pewno\u015b\u0107, \u017ce otrzymasz n\u00f3\u017c wysokiej jako\u015bci, kt\u00f3ry nie przyci\u0105gnie uwagi, kt\u00f3rej nie przyci\u0105gaj\u0105 inne no\u017ce produkowane masowo.  <strong>Bezp\u0142atny transport.<\/strong><\/p>\n","protected":false},"featured_media":357298,"comment_status":"open","ping_status":"closed","template":"","meta":[],"pwb-brand":[3664],"product_brand":[],"product_cat":[3296,3344],"product_tag":[],"class_list":{"0":"post-357296","1":"product","2":"type-product","3":"status-publish","4":"has-post-thumbnail","6":"pwb-brand-heretyckie-noze","7":"product_cat-noze-pl","8":"product_cat-noze-strzeleckie","10":"first","11":"instock","12":"taxable","13":"shipping-taxable","14":"purchasable","15":"product-type-simple"},"brands":[{"id":3664,"name":"Heretyckie no\u017ce","slug":"heretyckie-noze"}],"_links":{"self":[{"href":"https:\/\/www.moskito.cz\/pl\/wp-json\/wp\/v2\/product\/357296","targetHints":{"allow":["GET"]}}],"collection":[{"href":"https:\/\/www.moskito.cz\/pl\/wp-json\/wp\/v2\/product"}],"about":[{"href":"https:\/\/www.moskito.cz\/pl\/wp-json\/wp\/v2\/types\/product"}],"replies":[{"embeddable":true,"href":"https:\/\/www.moskito.cz\/pl\/wp-json\/wp\/v2\/comments?post=357296"}],"wp:featuredmedia":[{"embeddable":true,"href":"https:\/\/www.moskito.cz\/pl\/wp-json\/wp\/v2\/media\/357298"}],"wp:attachment":[{"href":"https:\/\/www.moskito.cz\/pl\/wp-json\/wp\/v2\/media?parent=357296"}],"wp:term":[{"taxonomy":"pwb-brand","embeddable":true,"href":"https:\/\/www.moskito.cz\/pl\/wp-json\/wp\/v2\/pwb-brand?post=357296"},{"taxonomy":"product_brand","embeddable":true,"href":"https:\/\/www.moskito.cz\/pl\/wp-json\/wp\/v2\/product_brand?post=357296"},{"taxonomy":"product_cat","embeddable":true,"href":"https:\/\/www.moskito.cz\/pl\/wp-json\/wp\/v2\/product_cat?post=357296"},{"taxonomy":"product_tag","embeddable":true,"href":"https:\/\/www.moskito.cz\/pl\/wp-json\/wp\/v2\/product_tag?post=357296"}],"curies":[{"name":"wp","href":"https:\/\/api.w.org\/{rel}","templated":true}]}}