{"id":357391,"date":"2021-07-22T06:42:33","date_gmt":"2021-07-22T05:42:33","guid":{"rendered":"https:\/\/www.moskito.cz\/produkt\/sztylet-pchajacy-cold-steel\/"},"modified":"2025-05-07T11:23:41","modified_gmt":"2025-05-07T10:23:41","slug":"sztylet-pchajacy-cold-steel","status":"publish","type":"product","link":"https:\/\/www.moskito.cz\/pl\/produkt\/sztylet-pchajacy-cold-steel\/","title":{"rendered":"Sztylet pchaj\u0105cy Cold Steel"},"content":{"rendered":"<p>Sztylet pchaj\u0105cy <strong>Cold Steel<\/strong> . N\u00f3\u017c pchany kuty matrycowo jest prawdopodobnie najmocniejszym no\u017cem pchaj\u0105cym na rynku. Najwi\u0119kszy z no\u017cy pchanych w naszym katalogu. Jest niezwykle wytrzyma\u0142y, ma podw\u00f3jnie ostre kraw\u0119dzie oraz mocn\u0105, szerok\u0105 i solidn\u0105 ko\u0144c\u00f3wk\u0119. Idealny dla specjalist\u00f3w od taktyki i organ\u00f3w \u015bcigania, mo\u017cesz \u015bmia\u0142o ukry\u0107 n\u00f3\u017c pchany Drop Forged za pomoc\u0105 pochwy Secure-Ex. D\u0142ugo\u015b\u0107 ca\u0142kowita: 17 cm D\u0142ugo\u015b\u0107 ostrza: 10 cm Grubo\u015b\u0107 ostrza: 9 mm Waga: 215 g Stal: 52100 High Carbon Koperta: Secure-Ex Cold Steel to firma zajmuj\u0105ca si\u0119 produkcj\u0105 najmocniejszych i najostrzejszych no\u017cy na \u015bwiecie.     W ci\u0105gu ostatnich trzydziestu lat firma Cold Steel sta\u0142a na czele wielu innowacji, kt\u00f3re pomog\u0142y zdefiniowa\u0107 bran\u017c\u0119 no\u017cy. Kolejne sukcesy, w tym wprowadzenie r\u0119koje\u015bci w kratk\u0119 Kraton\u00ae i ostrzy typu tanto, przekszta\u0142ci\u0142y si\u0119 z ciekawostek w przemys\u0142owe znaki rozpoznawcze jako\u015bci i wyrafinowania. Nowy kierunek zosta\u0142 r\u00f3wnie\u017c prze\u0142amany wraz z wprowadzeniem nowych, unikalnych ostrzy stalowych, takich jak San Mai III\u00ae oraz Tri-Ad\u2122 Lock &amp; Lock &amp; Lock do no\u017cy sk\u0142adanych. Na przyk\u0142ad zamek Tri-Ad \u2122 Lock nigdy nie by\u0142 por\u00f3wnywany przez \u017cadnego z konkurent\u00f3w Cold Steel i nie udowodniono, \u017ce przewy\u017csza wszystko, co do tej pory wyprodukowali. Oczywi\u015bcie Cold Steel zawsze b\u0119dzie patrze\u0107 w przysz\u0142o\u015b\u0107 i nieustannie d\u0105\u017cy\u0107 do produkcji najmocniejszych i najostrzejszych no\u017cy na \u015bwiecie. Cel ten, r\u00f3wnie nieuchwytny i trudny do osi\u0105gni\u0119cia, jest ten sam od czterdziestu lat. Firma Cold Steel Inc. to firma skupiaj\u0105ca si\u0119 na produkcji najmocniejszych i najostrzejszych no\u017cy, mieczy, tomahawk\u00f3w, maczet, sztu\u0107c\u00f3w oraz narz\u0119dzi codziennego u\u017cytku: EDC. Szybko przyj\u0119ty przez wojsko, si\u0142y specjalne organ\u00f3w \u015bcigania, osoby udzielaj\u0105ce pomocy w sytuacjach kryzysowych, specjalist\u00f3w samoobrony i cz\u0142onk\u00f3w spo\u0142eczno\u015bci sztuk walki, Cold Steel szybko zyska\u0142 s\u0142aw\u0119 dzi\u0119ki jako\u015bci, wytrzyma\u0142o\u015bci, niezawodno\u015bci i niezawodno\u015bci w codziennym noszeniu (EDC). . Nasza r\u00f3\u017cnorodna i zr\u00f3\u017cnicowana oferta szybko powi\u0119kszy\u0142a si\u0119 i obejmowa\u0142a nie tylko ogromny wyb\u00f3r no\u017cy sk\u0142adanych (od mniejszych ostrzy \u201eEDC\u201d po nasze kultowe, gigantyczne \u201emegafoldery\u201d), ale tak\u017ce sta\u0142e ostrza, miecze, szable, laski i halabardy, jak r\u00f3wnie\u017c a tak\u017ce artyku\u0142y my\u015bliwskie, w\u0142\u00f3cznie, karabiny, topory, maczety, tomahawki i narz\u0119dzia! Przez dziesi\u0119ciolecia firma Cold Steel wprowadza\u0142a nowe, pionierskie materia\u0142y i projekty, kt\u00f3re pomog\u0142y ukszta\u0142towa\u0107 \u015bwiat nowoczesnych no\u017cy, ostrej broni i narz\u0119dzi. Od wprowadzenia r\u0119koje\u015bci w kratk\u0119 Kraton\u00ae i \u201ezamerykanizowanego\u201d ostrza Tanto, po wprowadzenie nowych, innowacyjnych stali ostrzy, takich jak San Mai III\u00ae i prze\u0142omowych mechanizm\u00f3w blokuj\u0105cych (takich jak nasz zamek Tri-Ad \u2122). Patrz\u0105c w przysz\u0142o\u015b\u0107, Cold Steel w dalszym ci\u0105gu wprowadza na rynek nowy poziom wytrzyma\u0142o\u015bci, bezpiecze\u0144stwa i wydajno\u015bci, dostarczaj\u0105c sprawdzone produkty, na kt\u00f3rych mo\u017cna polega\u0107 \u2013 zawsze i wsz\u0119dzie! N\u00f3\u017c pchany kuty matrycowo jest prawdopodobnie najmocniejszym no\u017cem pchaj\u0105cym na rynku. Najwi\u0119kszy z no\u017cy pchanych w naszym katalogu. Jest niezwykle wytrzyma\u0142y, ma ostre jak brzytwa podw\u00f3jne kraw\u0119dzie oraz gruby, szeroki i mocny grot w\u0142\u00f3czni. Idealny dla profesjonalist\u00f3w zajmuj\u0105cych si\u0119 taktyk\u0105 i organami \u015bcigania, mo\u017cesz \u015bmia\u0142o ukry\u0107 n\u00f3\u017c kuty matrycowo dzi\u0119ki pochwie Secure-Ex z regulowanym napi\u0119ciem i ameryka\u0144skiemu klipsowi Ulti-Clip. Waga: 7,9 uncji Grubo\u015b\u0107 ostrza: 9 mm D\u0142ugo\u015b\u0107 ostrza: 4 cale Stal: kuta matrycowo 52100 High Carbon D\u0142ugo\u015b\u0107 r\u0119koje\u015bci\/materia\u0142: 2-3\/4&#8243; D\u0142ugo\u015b\u0107 ca\u0142kowita: 6-3\/4&#8243; Dodatkowe funkcje: N\u00f3\u017c z os\u0142on\u0105 Secure-Ex\u00ae Typ: Sta\u0142e ostrze Zakres d\u0142ugo\u015bci: 3-5 cali Stal Rodzina: Stal wysokow\u0119glowa Kszta\u0142t ostrza: Grot w\u0142\u00f3czni Rodzina produkt\u00f3w: Kute matrycowo     &nbsp;<\/p>\n","protected":false},"excerpt":{"rendered":"<p>Monolityczny, uniwersalny n\u00f3\u017c pchany z kutego matrycowo firmy COLD STEEL to jeden z bardziej zawodnych no\u017cy pchanych w naszej ofercie. Przeznaczony jest dla wszystkich, kt\u00f3rzy nie pozostawiaj\u0105 swojego losu w r\u0119kach innych. <\/p>\n","protected":false},"featured_media":357392,"comment_status":"open","ping_status":"closed","template":"","meta":[],"pwb-brand":[3596],"product_brand":[],"product_cat":[3297,3296],"product_tag":[3671],"class_list":{"0":"post-357391","1":"product","2":"type-product","3":"status-publish","4":"has-post-thumbnail","6":"pwb-brand-zimna-stal","7":"product_cat-solidne-noze","8":"product_cat-noze-pl","9":"product_tag-b2b-pl","11":"first","12":"instock","13":"taxable","14":"shipping-taxable","15":"purchasable","16":"product-type-simple"},"brands":[{"id":3596,"name":"Zimna stal","slug":"zimna-stal"}],"_links":{"self":[{"href":"https:\/\/www.moskito.cz\/pl\/wp-json\/wp\/v2\/product\/357391","targetHints":{"allow":["GET"]}}],"collection":[{"href":"https:\/\/www.moskito.cz\/pl\/wp-json\/wp\/v2\/product"}],"about":[{"href":"https:\/\/www.moskito.cz\/pl\/wp-json\/wp\/v2\/types\/product"}],"replies":[{"embeddable":true,"href":"https:\/\/www.moskito.cz\/pl\/wp-json\/wp\/v2\/comments?post=357391"}],"wp:featuredmedia":[{"embeddable":true,"href":"https:\/\/www.moskito.cz\/pl\/wp-json\/wp\/v2\/media\/357392"}],"wp:attachment":[{"href":"https:\/\/www.moskito.cz\/pl\/wp-json\/wp\/v2\/media?parent=357391"}],"wp:term":[{"taxonomy":"pwb-brand","embeddable":true,"href":"https:\/\/www.moskito.cz\/pl\/wp-json\/wp\/v2\/pwb-brand?post=357391"},{"taxonomy":"product_brand","embeddable":true,"href":"https:\/\/www.moskito.cz\/pl\/wp-json\/wp\/v2\/product_brand?post=357391"},{"taxonomy":"product_cat","embeddable":true,"href":"https:\/\/www.moskito.cz\/pl\/wp-json\/wp\/v2\/product_cat?post=357391"},{"taxonomy":"product_tag","embeddable":true,"href":"https:\/\/www.moskito.cz\/pl\/wp-json\/wp\/v2\/product_tag?post=357391"}],"curies":[{"name":"wp","href":"https:\/\/api.w.org\/{rel}","templated":true}]}}