{"id":358274,"date":"2021-04-26T21:23:35","date_gmt":"2024-09-07T14:46:40","guid":{"rendered":"https:\/\/www.moskito.cz\/produkt\/naprawiono-wspolczynnik-ekstrema-noza-ks\/"},"modified":"2025-07-11T07:54:44","modified_gmt":"2025-07-11T06:54:44","slug":"naprawiono-wspolczynnik-ekstrema-noza-ks","status":"publish","type":"product","link":"https:\/\/www.moskito.cz\/pl\/produkt\/naprawiono-wspolczynnik-ekstrema-noza-ks\/","title":{"rendered":"Naprawiono wsp\u00f3\u0142czynnik ekstrema no\u017ca KS"},"content":{"rendered":"<p>Naprawiono <strong>wsp\u00f3\u0142czynnik ekstrema<\/strong> no\u017ca KS. Nie bez powodu jest to klasyk. Rozs\u0142awione przez pu\u0142ki Gurkha s\u0142u\u017c\u0105ce pod Koron\u0105 Brytyjsk\u0105, \u201eKukri\u201d to nepalskie uniwersalne ostrze wywodz\u0105ce si\u0119 z sierpowatych mieczy staro\u017cytnej Grecji. Ostatecznie jest to maczeta z bardzo ci\u0119\u017ckim przednim ostrzem, kt\u00f3ra pozwala jej pe\u0142ni\u0107 funkcj\u0119 topora, zachowuj\u0105c jednocze\u015bnie wszechstronno\u015b\u0107 d\u0142ugiego ostrza. Extrema Ratio opracowa\u0142a dwa takie instrumenty, nasze modele KS i KH, kt\u00f3re \u0142\u0105cz\u0105 w sobie stare i nowoczesne koncepcje projektowe. Obydwa u\u017cywaj\u0105 m\u0142yn\u00f3w kombinowanych. Wydr\u0105\u017cona, przypominaj\u0105ca brzytw\u0119 kraw\u0119d\u017a znajduj\u0105ca si\u0119 bli\u017cej r\u0119koje\u015bci zapewnia delikatn\u0105, ostr\u0105 kraw\u0119d\u017a bez pogarszania ca\u0142kowitej grubo\u015bci grzbietu ostrza (co wymaga du\u017cej wytrzyma\u0142o\u015bci). Ko\u0144c\u00f3wka ostrza jest zamiast tego p\u0142aska i dobrze zakrzywiona, aby bez wysi\u0142ku penetrowa\u0107 drewno i ro\u015blinno\u015b\u0107. Podczas gdy podobne narz\u0119dzia s\u0105 zwykle wykonane z bardziej mi\u0119kkich stop\u00f3w stali, co zapewnia elastyczno\u015b\u0107 i \u0142atwo\u015b\u0107 honowania, dzi\u0119ki twardej stali B\u00d6HLER N690 uda\u0142o nam si\u0119 osi\u0105gn\u0105\u0107 odpowiedni\u0105 elastyczno\u015b\u0107, co da\u0142o wyj\u0105tkowo trwa\u0142\u0105 kraw\u0119d\u017a. KARTA KATALOGOWA Waga g.:502 Waga uncji: 17,7 D\u0142ugo\u015b\u0107 ostrza (mm): 243 D\u0142ugo\u015b\u0107 ostrza (cale): 9,6 D\u0142ugo\u015b\u0107 ca\u0142kowita (mm): 395 D\u0142ugo\u015b\u0107 ca\u0142kowita (cale): 15,6 Grubo\u015b\u0107 ostrza (mm): 6,3 Grubo\u015b\u0107 ostrza (cale) ): 0,25 Materia\u0142 ostrza: STAL B\u00f6HLER N690 (58HRC) Wyko\u0144czenie ostrza: OGRZEWANIE MIL-C-13924 Siatka g\u0142\u00f3wna: RAZOR \/ FLAT Materia\u0142 r\u0119koje\u015bci: FORPRENE   <\/p>\n<pre id=\"tw-target-text\" class=\"tw-data-text tw-text-large XcVN5d tw-ta\" dir=\"ltr\" data-placeholder=\"P\u0159eklad\"><span class=\"Y2IQFc\" lang=\"cs\"> <\/span><\/pre>\n","protected":false},"excerpt":{"rendered":"<p><strong>Firma Extrema Ratio<\/strong> z siedzib\u0105 w Prato we W\u0142oszech projektuje i produkuje wysokiej jako\u015bci no\u017ce bojowe, wojskowe, kuchenne, my\u015bliwskie i taktyczne od 1997 roku i cieszy si\u0119 reputacj\u0105 dzi\u0119ki najwy\u017cszej jako\u015bci, kt\u00f3ra nie ma sobie r\u00f3wnych w bran\u017cy no\u017cy wojskowych i taktycznych. <strong>Bezp\u0142atny transport.<\/strong><\/p>\n","protected":false},"featured_media":358276,"comment_status":"open","ping_status":"closed","template":"","meta":[],"pwb-brand":[3666],"product_brand":[],"product_cat":[3296,3297],"product_tag":[3671],"class_list":{"0":"post-358274","1":"product","2":"type-product","3":"status-publish","4":"has-post-thumbnail","6":"pwb-brand-stosunek-ekstremow","7":"product_cat-noze-pl","8":"product_cat-solidne-noze","9":"product_tag-b2b-pl","11":"first","12":"instock","13":"taxable","14":"shipping-taxable","15":"purchasable","16":"product-type-simple"},"brands":[{"id":3666,"name":"Stosunek ekstrem\u00f3w","slug":"stosunek-ekstremow"}],"_links":{"self":[{"href":"https:\/\/www.moskito.cz\/pl\/wp-json\/wp\/v2\/product\/358274","targetHints":{"allow":["GET"]}}],"collection":[{"href":"https:\/\/www.moskito.cz\/pl\/wp-json\/wp\/v2\/product"}],"about":[{"href":"https:\/\/www.moskito.cz\/pl\/wp-json\/wp\/v2\/types\/product"}],"replies":[{"embeddable":true,"href":"https:\/\/www.moskito.cz\/pl\/wp-json\/wp\/v2\/comments?post=358274"}],"wp:featuredmedia":[{"embeddable":true,"href":"https:\/\/www.moskito.cz\/pl\/wp-json\/wp\/v2\/media\/358276"}],"wp:attachment":[{"href":"https:\/\/www.moskito.cz\/pl\/wp-json\/wp\/v2\/media?parent=358274"}],"wp:term":[{"taxonomy":"pwb-brand","embeddable":true,"href":"https:\/\/www.moskito.cz\/pl\/wp-json\/wp\/v2\/pwb-brand?post=358274"},{"taxonomy":"product_brand","embeddable":true,"href":"https:\/\/www.moskito.cz\/pl\/wp-json\/wp\/v2\/product_brand?post=358274"},{"taxonomy":"product_cat","embeddable":true,"href":"https:\/\/www.moskito.cz\/pl\/wp-json\/wp\/v2\/product_cat?post=358274"},{"taxonomy":"product_tag","embeddable":true,"href":"https:\/\/www.moskito.cz\/pl\/wp-json\/wp\/v2\/product_tag?post=358274"}],"curies":[{"name":"wp","href":"https:\/\/api.w.org\/{rel}","templated":true}]}}