{"id":358289,"date":"2022-07-09T22:12:01","date_gmt":"2024-09-07T15:23:36","guid":{"rendered":"https:\/\/www.moskito.cz\/produkt\/naprawiono-wspolczynnik-extrema-noz-sledz-nr\/"},"modified":"2025-05-07T11:23:43","modified_gmt":"2025-05-07T10:23:43","slug":"naprawiono-wspolczynnik-extrema-noz-sledz-nr","status":"publish","type":"product","link":"https:\/\/www.moskito.cz\/pl\/produkt\/naprawiono-wspolczynnik-extrema-noz-sledz-nr\/","title":{"rendered":"Naprawiono wsp\u00f3\u0142czynnik Extrema N\u00f3\u017c \u015aLED\u0179 NR"},"content":{"rendered":"<p>Naprawiono n\u00f3\u017c <strong>Extrema Ratio<\/strong> HERRING NE HERRING NE: Replika symulakrum z zaokr\u0105glonym czubkiem. Ostrze pochodzi z fabryki i wyra\u017ca zgod\u0119 na bezp\u0142atn\u0105 sprzeda\u017c i przechowywanie zgodnie z obowi\u0105zuj\u0105cym w\u0142oskim prawem. Nale\u017cy pami\u0119ta\u0107, \u017ce jakakolwiek p\u00f3\u017aniejsza regulacja i ostrzenie ostrza spowoduje zmian\u0119 statusu symulakrum Herring NE. W takim przypadku b\u0119dzie to podlega\u0142o przepisom obowi\u0105zuj\u0105cym w poszczeg\u00f3lnych krajach. Takie zmiany powoduj\u0105 r\u00f3wnie\u017c uniewa\u017cnienie gwarancji Extrema Ratio. Dagger Herring to jeden z najpopularniejszych w\u015br\u00f3d fan\u00f3w no\u017cy wojskowych. Jego pierwotna nazwa to Fairbairn-Sykes lub Commando Dagger i zosta\u0142a przedstawiona w formacji bojowej brytyjskich komandos\u00f3w. Sztylet, kt\u00f3ry przeszed\u0142 do historii naszego kraju w czasie II wojny \u015bwiatowej dzi\u0119ki podst\u0119pom m\u0142odych \u017co\u0142nierzy 1. Dywizjonu Rozpoznawczego \u201eFolgore\u201d, kt\u00f3rzy zostali wyposa\u017ceni w t\u0119 bro\u0144 podczas Operacji \u015aled\u017a. Sztylet, za kt\u00f3rym kryje si\u0119 bohaterska historia, o kt\u00f3rej ma\u0142o si\u0119 m\u00f3wi pomimo po\u015bwi\u0119cenia i odwagi tych m\u0142odych ch\u0142opc\u00f3w, zapisa\u0142 wa\u017cn\u0105 kart\u0119 w\u0142oskiej historii. Extrema Ratio chcia\u0142a z\u0142o\u017cy\u0107 ho\u0142d temu sztyletowi, zachowuj\u0105c jednocze\u015bnie oryginalny projekt i stosuj\u0105c najnowocze\u015bniejsze techniki produkcyjne. Unikalna obr\u00f3bka r\u0119koje\u015bci imituje starzenie si\u0119 mosi\u0105dzu i nadaje sztyletowi stary wygl\u0105d, podobny do orygina\u0142u. Sztylet zosta\u0142 opracowany we wsp\u00f3\u0142pracy ze 185. RRAO i przyj\u0119ty jako uroczysty sztylet pami\u0105tkowy z okazji 20. i 75. rocznicy misji Herring pu\u0142ku. WAGA G: 276 WAGA OZ.: 9,74 D\u0141UGO\u015a\u0106 OSTRZA (MM): 167 D\u0141UGO\u015a\u0106 OSTRZA (IN): 6,57 D\u0141UGO\u015a\u0106 CA\u0141KOWITA (MM): 289 D\u0141UGO\u015a\u0106 CA\u0141KOWITA (H): 11,38 GRUBO\u015a\u0106 OSTRZA (MM): 6,3 GRUBO\u015a\u0106 OSTRZA (IN) ): 2.48 MATERIA\u0141 OSTRZA: STAL B\u00d6HLER N690 (58HRC) WYKO\u0143CZENIE OSTRZA: MIL-C-13924 SIATKA G\u0141\u00d3WNA: NIEOSTRZA MATERIA\u0141 UCHWYTU: MOSI\u0104DZ   &nbsp;<\/p>\n","protected":false},"excerpt":{"rendered":"<p><strong>Firma Extrema Ratio<\/strong> z siedzib\u0105 w Prato we W\u0142oszech projektuje i produkuje wysokiej jako\u015bci no\u017ce bojowe, wojskowe, kuchenne, my\u015bliwskie i taktyczne od 1997 roku i cieszy si\u0119 reputacj\u0105 dzi\u0119ki najwy\u017cszej jako\u015bci, kt\u00f3ra nie ma sobie r\u00f3wnych w bran\u017cy no\u017cy wojskowych i taktycznych. <strong>Darmowa wysy\u0142ka<\/strong> .<\/p>\n","protected":false},"featured_media":358290,"comment_status":"open","ping_status":"closed","template":"","meta":[],"pwb-brand":[3666],"product_brand":[],"product_cat":[3296,3297],"product_tag":[3671],"class_list":{"0":"post-358289","1":"product","2":"type-product","3":"status-publish","4":"has-post-thumbnail","6":"pwb-brand-stosunek-ekstremow","7":"product_cat-noze-pl","8":"product_cat-solidne-noze","9":"product_tag-b2b-pl","11":"first","12":"instock","13":"taxable","14":"shipping-taxable","15":"purchasable","16":"product-type-simple"},"brands":[{"id":3666,"name":"Stosunek ekstrem\u00f3w","slug":"stosunek-ekstremow"}],"_links":{"self":[{"href":"https:\/\/www.moskito.cz\/pl\/wp-json\/wp\/v2\/product\/358289","targetHints":{"allow":["GET"]}}],"collection":[{"href":"https:\/\/www.moskito.cz\/pl\/wp-json\/wp\/v2\/product"}],"about":[{"href":"https:\/\/www.moskito.cz\/pl\/wp-json\/wp\/v2\/types\/product"}],"replies":[{"embeddable":true,"href":"https:\/\/www.moskito.cz\/pl\/wp-json\/wp\/v2\/comments?post=358289"}],"wp:featuredmedia":[{"embeddable":true,"href":"https:\/\/www.moskito.cz\/pl\/wp-json\/wp\/v2\/media\/358290"}],"wp:attachment":[{"href":"https:\/\/www.moskito.cz\/pl\/wp-json\/wp\/v2\/media?parent=358289"}],"wp:term":[{"taxonomy":"pwb-brand","embeddable":true,"href":"https:\/\/www.moskito.cz\/pl\/wp-json\/wp\/v2\/pwb-brand?post=358289"},{"taxonomy":"product_brand","embeddable":true,"href":"https:\/\/www.moskito.cz\/pl\/wp-json\/wp\/v2\/product_brand?post=358289"},{"taxonomy":"product_cat","embeddable":true,"href":"https:\/\/www.moskito.cz\/pl\/wp-json\/wp\/v2\/product_cat?post=358289"},{"taxonomy":"product_tag","embeddable":true,"href":"https:\/\/www.moskito.cz\/pl\/wp-json\/wp\/v2\/product_tag?post=358289"}],"curies":[{"name":"wp","href":"https:\/\/api.w.org\/{rel}","templated":true}]}}