{"id":358326,"date":"2022-09-18T20:32:06","date_gmt":"2024-09-07T15:44:38","guid":{"rendered":"https:\/\/www.moskito.cz\/produkt\/naprawiono-knife-extrema-ratio-fulcrum-s-desert-warfare\/"},"modified":"2025-05-07T11:23:46","modified_gmt":"2025-05-07T10:23:46","slug":"naprawiono-knife-extrema-ratio-fulcrum-s-desert-warfare","status":"publish","type":"product","link":"https:\/\/www.moskito.cz\/pl\/produkt\/naprawiono-knife-extrema-ratio-fulcrum-s-desert-warfare\/","title":{"rendered":"Naprawiono Knife Extrema Ratio FULCRUM S DESERT WARFARE"},"content":{"rendered":"<p>Naprawiono Knife <strong>Extrema Ratio<\/strong> FULCRUM S DESERT WARFARE. FULCRUM to kamie\u0144 milowy w\u015br\u00f3d no\u017cy wielofunkcyjnych. Jest u\u017cywany na du\u017c\u0105 skal\u0119 w Afganistanie jako standardowe wyposa\u017cenie w\u0142oskiego komponentu misji \u201eNibbio\u201d i stanowi cz\u0119\u015b\u0107 eksperymentalnego projektu maj\u0105cego na celu odnowienie indywidualnego wyposa\u017cenia Dow\u00f3dztwa Oddzia\u0142\u00f3w Alpejskich. Przygotowuj\u0105c si\u0119 do tej wa\u017cnej misji, Dow\u00f3dztwo Oddzia\u0142\u00f3w Alpejskich koordynowa\u0142o prac\u0119 zespo\u0142u firm w celu stworzenia kompletnego i odrestaurowanego indywidualnego sprz\u0119tu eksperymentalnego. Extrema Ratio to firma wybrana przez Dow\u00f3dztwo Alpejskie i z kt\u00f3r\u0105 si\u0119 skontaktowa\u0142o w celu opracowania wielofunkcyjnego narz\u0119dzia odpowiedniego dla piechoty liniowej, no\u017ca, kt\u00f3rego mo\u017cna u\u017cywa\u0107 na wszystkich szeroko\u015bciach geograficznych i kt\u00f3ry skutecznie rozwi\u0105zuje ka\u017cdy problem, kt\u00f3rego nie jest w stanie rozwi\u0105za\u0107 bardziej wyspecjalizowany sprz\u0119t . . Sukces by\u0142 taki, \u017ce ta wielofunkcyjna funkcja zapocz\u0105tkowa\u0142a opracowanie bagnetu Fulcrum o tych samych cechach, kt\u00f3ry mo\u017cna by\u0142o przymocowa\u0107 do karabinu s\u0142u\u017cbowego. FULCRUM to niezwykle wytrzyma\u0142y i wszechstronny n\u00f3\u017c. Ostrze wytrzymuje z\u0142amanie przekraczaj\u0105ce 150 kg, czubek jest bardzo mocny, a profil pozwala na d\u0142ug\u0105 prac\u0119 no\u017cem bez wp\u0142ywu na ostro\u015b\u0107 ostatniej sekcji. Dzi\u0119ki zaawansowanemu \u015brodkowi ci\u0119\u017cko\u015bci i masie lemiesza nadaje si\u0119 do ci\u0119\u017ckich prac polowych. Dost\u0119pne w wersjach FULCRUM EI, FULCRUM BLACK, FULCRUM DESERT WARFARE. ko\u0144c\u00f3wka jest bardzo mocna, a profil pozwala na d\u0142ug\u0105 prac\u0119 no\u017cem bez wp\u0142ywu na ostro\u015b\u0107 ostatniego odcinka. Dzi\u0119ki zaawansowanemu \u015brodkowi ci\u0119\u017cko\u015bci i masie lemiesza nadaje si\u0119 do ci\u0119\u017ckich prac polowych. Dost\u0119pne w wersjach FULCRUM EI, FULCRUM BLACK, FULCRUM DESERT WARFARE. ko\u0144c\u00f3wka jest bardzo mocna, a profil pozwala na d\u0142ug\u0105 prac\u0119 no\u017cem bez wp\u0142ywu na ostro\u015b\u0107 ostatniego odcinka. Dzi\u0119ki zaawansowanemu \u015brodkowi ci\u0119\u017cko\u015bci i masie lemiesza nadaje si\u0119 do ci\u0119\u017ckich prac polowych. Dost\u0119pne w wersjach FULCRUM EI, FULCRUM BLACK, FULCRUM DESERT WARFARE. Kr\u00f3tsza wersja FULCRUM z ostrzem o d\u0142ugo\u015bci 15 cm (5,91\u201d). Te same cechy co FULCRUM, z t\u0105 r\u00f3\u017cnic\u0105, \u017ce jest l\u017cejsza, co wida\u0107 podczas ci\u0119\u017ckiej pracy. Dost\u0119pne wersje: FULCRUM S BLACK, FULCRUM S DESERT WARFARE. G WAGA: 304 uncje WAGA: 10,7 D\u0141UGO\u015a\u0106 OSTRZA (MM): 150 D\u0141UGO\u015a\u0106 OSTRZA (IN): 5,9 D\u0141UGO\u015a\u0106 CA\u0141KOWITA (MM): 280 D\u0141UGO\u015a\u0106 CA\u0141KOWITA (CALE): 11 GRUBO\u015a\u0106 OSTRZY (MM): 6,3 GRUBY OSTRZA (CALE): 0,25 MATERIA\u0141 OSTRZA: STAL B\u00d6HLER N690 (58HRC) WYKO\u0143CZENIE OSTRZA: DESERT WARFARE SIATKA G\u0141\u00d3WNA: P\u0141ASKIE Z\u0118BY CZ\u0118\u015aCIOWE (MM): 40 Z\u0118B\u00d3W CZ\u0118\u015aCIOWYCH (IN): 1,6 MATERIA\u0141 UCHWYTU: FORPRENE       &nbsp;<\/p>\n","protected":false},"excerpt":{"rendered":"<p><strong>Firma Extrema Ratio<\/strong> z siedzib\u0105 w Prato we W\u0142oszech projektuje i produkuje wysokiej jako\u015bci no\u017ce bojowe, wojskowe, kuchenne, my\u015bliwskie i taktyczne od 1997 roku i cieszy si\u0119 reputacj\u0105 dzi\u0119ki najwy\u017cszej jako\u015bci, kt\u00f3ra nie ma sobie r\u00f3wnych w bran\u017cy no\u017cy wojskowych i taktycznych. <strong>Darmowa wysy\u0142ka<\/strong> .<\/p>\n","protected":false},"featured_media":358329,"comment_status":"open","ping_status":"closed","template":"","meta":[],"pwb-brand":[3666],"product_brand":[],"product_cat":[3296,3297],"product_tag":[3671],"class_list":{"0":"post-358326","1":"product","2":"type-product","3":"status-publish","4":"has-post-thumbnail","6":"pwb-brand-stosunek-ekstremow","7":"product_cat-noze-pl","8":"product_cat-solidne-noze","9":"product_tag-b2b-pl","11":"first","12":"instock","13":"taxable","14":"shipping-taxable","15":"purchasable","16":"product-type-simple"},"brands":[{"id":3666,"name":"Stosunek ekstrem\u00f3w","slug":"stosunek-ekstremow"}],"_links":{"self":[{"href":"https:\/\/www.moskito.cz\/pl\/wp-json\/wp\/v2\/product\/358326","targetHints":{"allow":["GET"]}}],"collection":[{"href":"https:\/\/www.moskito.cz\/pl\/wp-json\/wp\/v2\/product"}],"about":[{"href":"https:\/\/www.moskito.cz\/pl\/wp-json\/wp\/v2\/types\/product"}],"replies":[{"embeddable":true,"href":"https:\/\/www.moskito.cz\/pl\/wp-json\/wp\/v2\/comments?post=358326"}],"wp:featuredmedia":[{"embeddable":true,"href":"https:\/\/www.moskito.cz\/pl\/wp-json\/wp\/v2\/media\/358329"}],"wp:attachment":[{"href":"https:\/\/www.moskito.cz\/pl\/wp-json\/wp\/v2\/media?parent=358326"}],"wp:term":[{"taxonomy":"pwb-brand","embeddable":true,"href":"https:\/\/www.moskito.cz\/pl\/wp-json\/wp\/v2\/pwb-brand?post=358326"},{"taxonomy":"product_brand","embeddable":true,"href":"https:\/\/www.moskito.cz\/pl\/wp-json\/wp\/v2\/product_brand?post=358326"},{"taxonomy":"product_cat","embeddable":true,"href":"https:\/\/www.moskito.cz\/pl\/wp-json\/wp\/v2\/product_cat?post=358326"},{"taxonomy":"product_tag","embeddable":true,"href":"https:\/\/www.moskito.cz\/pl\/wp-json\/wp\/v2\/product_tag?post=358326"}],"curies":[{"name":"wp","href":"https:\/\/api.w.org\/{rel}","templated":true}]}}