{"id":358366,"date":"2021-07-14T16:27:22","date_gmt":"2024-09-07T15:45:37","guid":{"rendered":"https:\/\/www.moskito.cz\/produkt\/naprawiono-noz-extrema-ratio-cn1-operativo\/"},"modified":"2025-05-07T11:23:48","modified_gmt":"2025-05-07T10:23:48","slug":"naprawiono-noz-extrema-ratio-cn1-operativo","status":"publish","type":"product","link":"https:\/\/www.moskito.cz\/pl\/produkt\/naprawiono-noz-extrema-ratio-cn1-operativo\/","title":{"rendered":"Naprawiono n\u00f3\u017c Extrema Ratio CN1 OPERATIVO"},"content":{"rendered":"<p>Naprawiono n\u00f3\u017c <strong>Extrema Ratio<\/strong> CN1 OPERATIVO. CN1 to wsp\u00f3\u0142czesna interpretacja s\u0142ynnego sztyletu z bardzo kontrowersyjnego okresu w historii W\u0142och. Sztylet, kt\u00f3rego nie mogli\u015bmy przeoczy\u0107, nie dlatego, \u017ce chcemy wskrzesi\u0107 \u00f3wczesn\u0105 ideologi\u0119, ale ze wzgl\u0119du na jego oryginalno\u015b\u0107, szerokie zastosowanie i znaczenie historyczne jako konstrukcji broni. N\u00f3\u017c ten posiada dwustronne ostrze. Jest oryginalnie zaprojektowany, z kr\u00f3tsz\u0105 fa\u0142szyw\u0105 kraw\u0119dzi\u0105 skierowan\u0105 w d\u00f3\u0142, ale t\u0119 konfiguracj\u0119 ostrzy mo\u017cna odwr\u00f3ci\u0107, aby zapewni\u0107 efektywno\u015b\u0107 w rzeczywistym u\u017cyciu. W zestawie etui trzeciej generacji. Waga g.: 296 Wyko\u0144czenie: MIL-C-13924 D\u0142ugo\u015b\u0107 ostrza (mm): 193 D\u0142ugo\u015b\u0107 ostrza (cale): 7,6 D\u0142ugo\u015b\u0107 ca\u0142kowita (mm): 311 D\u0142ugo\u015b\u0107 ca\u0142kowita (cale): 12,2 Grubo\u015b\u0107 ostrza (mm): 6,3 Grubo\u015b\u0107 ostrza ( cale): 0,25 Materia\u0142 ostrza: STAL B\u00f6HLER N690 (58HRC) Wyko\u0144czenie ostrza: MIL-C-13924   &nbsp;<\/p>\n","protected":false},"excerpt":{"rendered":"<p><strong>Firma Extrema Ratio<\/strong> z siedzib\u0105 w Prato we W\u0142oszech projektuje i produkuje wysokiej jako\u015bci no\u017ce bojowe, wojskowe, kuchenne, my\u015bliwskie i taktyczne od 1997 roku i cieszy si\u0119 reputacj\u0105 dzi\u0119ki najwy\u017cszej jako\u015bci, kt\u00f3ra nie ma sobie r\u00f3wnych w bran\u017cy no\u017cy wojskowych i taktycznych. <strong>Bezp\u0142atny transport.<\/strong><\/p>\n","protected":false},"featured_media":358369,"comment_status":"open","ping_status":"closed","template":"","meta":[],"pwb-brand":[3666],"product_brand":[],"product_cat":[3296,3297],"product_tag":[3671],"class_list":{"0":"post-358366","1":"product","2":"type-product","3":"status-publish","4":"has-post-thumbnail","6":"pwb-brand-stosunek-ekstremow","7":"product_cat-noze-pl","8":"product_cat-solidne-noze","9":"product_tag-b2b-pl","11":"first","12":"outofstock","13":"taxable","14":"shipping-taxable","15":"purchasable","16":"product-type-simple"},"brands":[{"id":3666,"name":"Stosunek ekstrem\u00f3w","slug":"stosunek-ekstremow"}],"_links":{"self":[{"href":"https:\/\/www.moskito.cz\/pl\/wp-json\/wp\/v2\/product\/358366","targetHints":{"allow":["GET"]}}],"collection":[{"href":"https:\/\/www.moskito.cz\/pl\/wp-json\/wp\/v2\/product"}],"about":[{"href":"https:\/\/www.moskito.cz\/pl\/wp-json\/wp\/v2\/types\/product"}],"replies":[{"embeddable":true,"href":"https:\/\/www.moskito.cz\/pl\/wp-json\/wp\/v2\/comments?post=358366"}],"wp:featuredmedia":[{"embeddable":true,"href":"https:\/\/www.moskito.cz\/pl\/wp-json\/wp\/v2\/media\/358369"}],"wp:attachment":[{"href":"https:\/\/www.moskito.cz\/pl\/wp-json\/wp\/v2\/media?parent=358366"}],"wp:term":[{"taxonomy":"pwb-brand","embeddable":true,"href":"https:\/\/www.moskito.cz\/pl\/wp-json\/wp\/v2\/pwb-brand?post=358366"},{"taxonomy":"product_brand","embeddable":true,"href":"https:\/\/www.moskito.cz\/pl\/wp-json\/wp\/v2\/product_brand?post=358366"},{"taxonomy":"product_cat","embeddable":true,"href":"https:\/\/www.moskito.cz\/pl\/wp-json\/wp\/v2\/product_cat?post=358366"},{"taxonomy":"product_tag","embeddable":true,"href":"https:\/\/www.moskito.cz\/pl\/wp-json\/wp\/v2\/product_tag?post=358366"}],"curies":[{"name":"wp","href":"https:\/\/api.w.org\/{rel}","templated":true}]}}