{"id":358392,"date":"2022-07-10T10:29:05","date_gmt":"2024-09-07T15:55:27","guid":{"rendered":"https:\/\/www.moskito.cz\/produkt\/naprawiono-noz-extrema-ratio-ontos-green-brak-zestawu\/"},"modified":"2025-05-07T11:23:49","modified_gmt":"2025-05-07T10:23:49","slug":"naprawiono-noz-extrema-ratio-ontos-green-brak-zestawu","status":"publish","type":"product","link":"https:\/\/www.moskito.cz\/pl\/produkt\/naprawiono-noz-extrema-ratio-ontos-green-brak-zestawu\/","title":{"rendered":"Naprawiono n\u00f3\u017c Extrema Ratio ONTOS GREEN BRAK ZESTAWU"},"content":{"rendered":"<p>N\u00f3\u017c sta\u0142y <strong>Extrema Ratio<\/strong> ONTOS GREEN NO KIT Rosn\u0105ce zapotrzebowanie w\u015br\u00f3d profesjonalist\u00f3w w\u015br\u00f3d naszych klient\u00f3w przekona\u0142o firm\u0119 Extrema Ratio do zaprojektowania narz\u0119dzia survivalowego na ka\u017cd\u0105 por\u0119 roku. ONTOS (po grecku \u201eco\u015b\u201d) to n\u00f3\u017c polowy, mocny i ci\u0119\u017cki pomimo swoich kompaktowych rozmiar\u00f3w. Z\u0105bkowany segment na grzbiecie ostrza ma s\u0142u\u017cy\u0107 jako element podpieraj\u0105cy, kt\u00f3ry nigdy si\u0119 nie zaczepi, je\u015bli nie ma ostrej kraw\u0119dzi gotowej do u\u017cycia. Nylonowa kabura udowa kompatybilna z systemem MOLLE pozostanie na swoim miejscu nawet w przypadku odwrotu, podczas kt\u00f3rego \u017co\u0142nierz upu\u015bci wi\u0119kszo\u015b\u0107 swojego niepor\u0119cznego, niezb\u0119dnego sprz\u0119tu. Zestaw survivalowy mo\u017cna dokupi\u0107 osobno i przymocowa\u0107 do pochwy no\u017ca. Dost\u0119pne wersje: ONTOS CZARNY, ONTOS ZIELONY. G. WAGA: 411 uncji WAGA: 14,5 D\u0141UGO\u015a\u0106 OSTRZA (MM): 168 D\u0141UGO\u015a\u0106 OSTRZA (CALE): 6,6 D\u0141UGO\u015a\u0106 CA\u0141KOWITA (MM): 299 D\u0141UGO\u015a\u0106 CA\u0141KOWITA (W): 11,8 GRUBO\u015a\u0106 OSTRZA (MM): 6,3 GRUBO\u015a\u0106 OSTRZA (CALE) : 0,25 MATERIA\u0141 OSTRZY: STAL B\u00d6HLER N690 (58HRC) WYKO\u0143CZENIE OSTRZY: MIL-C-13924 SIATKA G\u0141\u00d3WNA: P\u0141ASKIE Z\u0118BY CZ\u0118\u015aCIOWE (MM): 40 Z\u0118B\u00d3W CZ\u0118\u015aCIOWYCH (IN): 1, 6 MATERIA\u0141 UCHWYTU: FORPRENE <\/p>\n","protected":false},"excerpt":{"rendered":"<p><strong>Firma Extrema Ratio<\/strong> z siedzib\u0105 w Prato we W\u0142oszech projektuje i produkuje wysokiej jako\u015bci no\u017ce bojowe, wojskowe, kuchenne, my\u015bliwskie i taktyczne od 1997 roku i cieszy si\u0119 reputacj\u0105 dzi\u0119ki najwy\u017cszej jako\u015bci, kt\u00f3ra nie ma sobie r\u00f3wnych w bran\u017cy no\u017cy wojskowych i taktycznych. <strong>Darmowa wysy\u0142ka<\/strong> .<\/p>\n","protected":false},"featured_media":358394,"comment_status":"open","ping_status":"closed","template":"","meta":[],"pwb-brand":[3666],"product_brand":[],"product_cat":[3296,3297],"product_tag":[3671],"class_list":{"0":"post-358392","1":"product","2":"type-product","3":"status-publish","4":"has-post-thumbnail","6":"pwb-brand-stosunek-ekstremow","7":"product_cat-noze-pl","8":"product_cat-solidne-noze","9":"product_tag-b2b-pl","11":"first","12":"instock","13":"taxable","14":"shipping-taxable","15":"purchasable","16":"product-type-simple"},"brands":[{"id":3666,"name":"Stosunek ekstrem\u00f3w","slug":"stosunek-ekstremow"}],"_links":{"self":[{"href":"https:\/\/www.moskito.cz\/pl\/wp-json\/wp\/v2\/product\/358392","targetHints":{"allow":["GET"]}}],"collection":[{"href":"https:\/\/www.moskito.cz\/pl\/wp-json\/wp\/v2\/product"}],"about":[{"href":"https:\/\/www.moskito.cz\/pl\/wp-json\/wp\/v2\/types\/product"}],"replies":[{"embeddable":true,"href":"https:\/\/www.moskito.cz\/pl\/wp-json\/wp\/v2\/comments?post=358392"}],"wp:featuredmedia":[{"embeddable":true,"href":"https:\/\/www.moskito.cz\/pl\/wp-json\/wp\/v2\/media\/358394"}],"wp:attachment":[{"href":"https:\/\/www.moskito.cz\/pl\/wp-json\/wp\/v2\/media?parent=358392"}],"wp:term":[{"taxonomy":"pwb-brand","embeddable":true,"href":"https:\/\/www.moskito.cz\/pl\/wp-json\/wp\/v2\/pwb-brand?post=358392"},{"taxonomy":"product_brand","embeddable":true,"href":"https:\/\/www.moskito.cz\/pl\/wp-json\/wp\/v2\/product_brand?post=358392"},{"taxonomy":"product_cat","embeddable":true,"href":"https:\/\/www.moskito.cz\/pl\/wp-json\/wp\/v2\/product_cat?post=358392"},{"taxonomy":"product_tag","embeddable":true,"href":"https:\/\/www.moskito.cz\/pl\/wp-json\/wp\/v2\/product_tag?post=358392"}],"curies":[{"name":"wp","href":"https:\/\/api.w.org\/{rel}","templated":true}]}}