{"id":358437,"date":"2021-04-27T20:25:35","date_gmt":"2024-09-07T15:55:47","guid":{"rendered":"https:\/\/www.moskito.cz\/produkt\/naprawiono-noz-extrema-ratio-ontos-black-brak-zestawu\/"},"modified":"2025-07-11T07:54:47","modified_gmt":"2025-07-11T06:54:47","slug":"naprawiono-noz-extrema-ratio-ontos-black-brak-zestawu","status":"publish","type":"product","link":"https:\/\/www.moskito.cz\/pl\/produkt\/naprawiono-noz-extrema-ratio-ontos-black-brak-zestawu\/","title":{"rendered":"Naprawiono n\u00f3\u017c Extrema Ratio ONTOS BLACK BRAK ZESTAWU"},"content":{"rendered":"<p>Naprawiono n\u00f3\u017c <strong>Extrema Ratio<\/strong> ONTOS BLACK BRAK ZESTAWU. Rosn\u0105ce zapotrzebowanie w\u015br\u00f3d naszych klient\u00f3w na profesjonalist\u00f3w przekona\u0142o Extrema Ratio do zaprojektowania narz\u0119dzia survivalowego na ka\u017cd\u0105 por\u0119 roku. ONTOS (z greckiego \u201erzecz\u201d) to n\u00f3\u017c polowy, trwa\u0142y i ci\u0119\u017cki pomimo swoich kompaktowych rozmiar\u00f3w. Z\u0105bkowany segment na grzbiecie ostrza ma s\u0142u\u017cy\u0107 jako zabezpieczenie, kt\u00f3rego nie da si\u0119 z\u0142apa\u0107 bez ostrej kraw\u0119dzi gotowej do u\u017cycia. Nylonowa kurtka na udach zgodna z systemem MOLLE pozostaje na swoim miejscu nawet w przypadku odwrotu, kiedy \u017co\u0142nierz pozbywa si\u0119 wi\u0119kszo\u015bci swojego niepor\u0119cznego podstawowego wyposa\u017cenia. Osobno mo\u017cna dokupi\u0107 zestaw survivalowy, kt\u00f3ry mo\u017cna przymocowa\u0107 do pochwy no\u017ca. Dost\u0119pne wersje: ONTOS CZARNY, ONTOS ZIELONY. KARTA TECHNICZNA Waga g.:411 Waga uncji: 14,5 D\u0142ugo\u015b\u0107 ostrza (mm): 168 D\u0142ugo\u015b\u0107 ostrza (cale): 6,6 D\u0142ugo\u015b\u0107 ca\u0142kowita (mm): 299 D\u0142ugo\u015b\u0107 ca\u0142kowita (cale): 11,8 Grubo\u015b\u0107 ostrza (mm): 6,3 Grubo\u015b\u0107 ostrza ( cale): 0,25 Materia\u0142 ostrza: STAL B\u00f6HLER N690 (58HRC) Wyko\u0144czenie ostrza: OGRZEWANIE MIL-C-13924 Siatka g\u0142\u00f3wna: P\u0141ASKA Z\u0105bki (cale): 1,6 Z\u0105bki (mm): 40 Materia\u0142 r\u0119koje\u015bci: FORPRENE <\/p>\n","protected":false},"excerpt":{"rendered":"<p><strong>Firma Extrema Ratio<\/strong> z siedzib\u0105 w Prato we W\u0142oszech projektuje i produkuje wysokiej jako\u015bci no\u017ce bojowe, wojskowe, kuchenne, my\u015bliwskie i taktyczne od 1997 roku i cieszy si\u0119 reputacj\u0105 dzi\u0119ki najwy\u017cszej jako\u015bci, kt\u00f3ra nie ma sobie r\u00f3wnych w bran\u017cy no\u017cy wojskowych i taktycznych. <strong>Bezp\u0142atny transport.<\/strong><\/p>\n","protected":false},"featured_media":358438,"comment_status":"open","ping_status":"closed","template":"","meta":[],"pwb-brand":[3666],"product_brand":[],"product_cat":[3296,3297],"product_tag":[3671],"class_list":{"0":"post-358437","1":"product","2":"type-product","3":"status-publish","4":"has-post-thumbnail","6":"pwb-brand-stosunek-ekstremow","7":"product_cat-noze-pl","8":"product_cat-solidne-noze","9":"product_tag-b2b-pl","11":"first","12":"instock","13":"taxable","14":"shipping-taxable","15":"purchasable","16":"product-type-simple"},"brands":[{"id":3666,"name":"Stosunek ekstrem\u00f3w","slug":"stosunek-ekstremow"}],"_links":{"self":[{"href":"https:\/\/www.moskito.cz\/pl\/wp-json\/wp\/v2\/product\/358437","targetHints":{"allow":["GET"]}}],"collection":[{"href":"https:\/\/www.moskito.cz\/pl\/wp-json\/wp\/v2\/product"}],"about":[{"href":"https:\/\/www.moskito.cz\/pl\/wp-json\/wp\/v2\/types\/product"}],"replies":[{"embeddable":true,"href":"https:\/\/www.moskito.cz\/pl\/wp-json\/wp\/v2\/comments?post=358437"}],"wp:featuredmedia":[{"embeddable":true,"href":"https:\/\/www.moskito.cz\/pl\/wp-json\/wp\/v2\/media\/358438"}],"wp:attachment":[{"href":"https:\/\/www.moskito.cz\/pl\/wp-json\/wp\/v2\/media?parent=358437"}],"wp:term":[{"taxonomy":"pwb-brand","embeddable":true,"href":"https:\/\/www.moskito.cz\/pl\/wp-json\/wp\/v2\/pwb-brand?post=358437"},{"taxonomy":"product_brand","embeddable":true,"href":"https:\/\/www.moskito.cz\/pl\/wp-json\/wp\/v2\/product_brand?post=358437"},{"taxonomy":"product_cat","embeddable":true,"href":"https:\/\/www.moskito.cz\/pl\/wp-json\/wp\/v2\/product_cat?post=358437"},{"taxonomy":"product_tag","embeddable":true,"href":"https:\/\/www.moskito.cz\/pl\/wp-json\/wp\/v2\/product_tag?post=358437"}],"curies":[{"name":"wp","href":"https:\/\/api.w.org\/{rel}","templated":true}]}}