{"id":358510,"date":"2024-09-10T10:45:50","date_gmt":"2024-09-10T09:46:35","guid":{"rendered":"https:\/\/www.moskito.cz\/produkt\/narzedzie-wielofunkcyjne-leatherman-sidekick\/"},"modified":"2025-05-07T11:23:51","modified_gmt":"2025-05-07T10:23:51","slug":"narzedzie-wielofunkcyjne-leatherman-sidekick","status":"publish","type":"product","link":"https:\/\/www.moskito.cz\/pl\/produkt\/narzedzie-wielofunkcyjne-leatherman-sidekick\/","title":{"rendered":"Narz\u0119dzie wielofunkcyjne Leatherman SIDEKICK"},"content":{"rendered":"<p>Narz\u0119dzie wielofunkcyjne <strong>Leatherman<\/strong> SIDEKICK. <strong>Leatherman SIDEKICK<\/strong> to kolejny przyk\u0142ad po\u0142\u0105czenia atrakcyjnego designu z wysok\u0105 funkcjonalno\u015bci\u0105 marki Leatherman. czternastonarz\u0119dziowy multitool wyposa\u017cony jest w szczypce z ergonomicznie ukszta\u0142towan\u0105 r\u0119koje\u015bci\u0105 oraz mechanizmem spr\u0119\u017cynowym u\u0142atwiaj\u0105cym prac\u0119 nawet w trudnych warunkach. Narz\u0119dzia zewn\u0119trzne &#8211; n\u00f3\u017c i pi\u0142a &#8211; mo\u017cna \u0142atwo otworzy\u0107 jedn\u0105 r\u0119k\u0105. N\u00f3\u017c z z\u0105bkowan\u0105 kraw\u0119dzi\u0105, otwieracz do plik\u00f3w i zestaw \u015brubokr\u0119t\u00f3w uzupe\u0142niaj\u0105 narz\u0119dzie od wewn\u0105trz. Multitool <strong>Leatherman SIDEKICK<\/strong> doceni\u0105 szczeg\u00f3lnie monterzy (ale tak\u017ce wspinacze), kt\u00f3rzy chc\u0105 mie\u0107 zawsze pod r\u0119k\u0105 podstawowe narz\u0119dzia nawet w trudnych warunkach. W zestawie: multitool, nylonowe czarne \u015brednie etui, odpinany klips do kieszeni lub paska, 100% orygina\u0142 naklejka, instrukcja. Parametry: D\u0142ugo\u015b\u0107 ostrza: 6,6 cm D\u0142ugo\u015b\u0107 narz\u0119dzia zamkni\u0119tego: 9,7 cm Waga: 198,4 g https:\/\/www.youtube.com\/shorts\/E7JckCUsyps       &nbsp;<\/p>\n","protected":false},"excerpt":{"rendered":"<p><strong>Wielofunkcyjne narz\u0119dzie kieszonkowe ze szczypcami spr\u0119\u017cynowymi, pi\u0142\u0105, dwoma ostrzami no\u017ca, otwieraczami i innymi przydatnymi narz\u0119dziami.<\/strong><\/p>\n","protected":false},"featured_media":358477,"comment_status":"open","ping_status":"closed","template":"","meta":[],"pwb-brand":[3487],"product_brand":[],"product_cat":[3341],"product_tag":[],"class_list":{"0":"post-358510","1":"product","2":"type-product","3":"status-publish","4":"has-post-thumbnail","6":"pwb-brand-leathermana","7":"product_cat-multi-tool-pl","9":"first","10":"instock","11":"taxable","12":"shipping-taxable","13":"purchasable","14":"product-type-simple"},"brands":[{"id":3487,"name":"Leathermana","slug":"leathermana"}],"_links":{"self":[{"href":"https:\/\/www.moskito.cz\/pl\/wp-json\/wp\/v2\/product\/358510","targetHints":{"allow":["GET"]}}],"collection":[{"href":"https:\/\/www.moskito.cz\/pl\/wp-json\/wp\/v2\/product"}],"about":[{"href":"https:\/\/www.moskito.cz\/pl\/wp-json\/wp\/v2\/types\/product"}],"replies":[{"embeddable":true,"href":"https:\/\/www.moskito.cz\/pl\/wp-json\/wp\/v2\/comments?post=358510"}],"wp:featuredmedia":[{"embeddable":true,"href":"https:\/\/www.moskito.cz\/pl\/wp-json\/wp\/v2\/media\/358477"}],"wp:attachment":[{"href":"https:\/\/www.moskito.cz\/pl\/wp-json\/wp\/v2\/media?parent=358510"}],"wp:term":[{"taxonomy":"pwb-brand","embeddable":true,"href":"https:\/\/www.moskito.cz\/pl\/wp-json\/wp\/v2\/pwb-brand?post=358510"},{"taxonomy":"product_brand","embeddable":true,"href":"https:\/\/www.moskito.cz\/pl\/wp-json\/wp\/v2\/product_brand?post=358510"},{"taxonomy":"product_cat","embeddable":true,"href":"https:\/\/www.moskito.cz\/pl\/wp-json\/wp\/v2\/product_cat?post=358510"},{"taxonomy":"product_tag","embeddable":true,"href":"https:\/\/www.moskito.cz\/pl\/wp-json\/wp\/v2\/product_tag?post=358510"}],"curies":[{"name":"wp","href":"https:\/\/api.w.org\/{rel}","templated":true}]}}