{"id":358550,"date":"2024-09-10T13:55:27","date_gmt":"2024-09-10T12:55:27","guid":{"rendered":"https:\/\/www.moskito.cz\/produkt\/narzedzie-wielofunkcyjne-leatherman-charge-plus-w-kolorze-czarnym\/"},"modified":"2025-05-07T11:23:52","modified_gmt":"2025-05-07T10:23:52","slug":"narzedzie-wielofunkcyjne-leatherman-charge-plus-w-kolorze-czarnym","status":"publish","type":"product","link":"https:\/\/www.moskito.cz\/pl\/produkt\/narzedzie-wielofunkcyjne-leatherman-charge-plus-w-kolorze-czarnym\/","title":{"rendered":"Narz\u0119dzie wielofunkcyjne Leatherman Charge Plus w kolorze czarnym"},"content":{"rendered":"<p>Narz\u0119dzie wielofunkcyjne <strong>Leatherman<\/strong> Charge Plus w kolorze czarnym. <strong>Leatherman Charge+ czarny<\/strong> ma matowe szaro-czarne wyko\u0144czenie i jest jednym z najpopularniejszych multitooli nie tylko ze wzgl\u0119du na 19 funkcjonalnych narz\u0119dzi (w sk\u0142ad kt\u00f3rych wchodz\u0105 no\u017ce, pi\u0142a, hak do ci\u0119cia, pilnik, \u015brubokr\u0119t czy otwieracz), ale tak\u017ce ze wzgl\u0119du na najwy\u017cszej jako\u015bci materia\u0142\u00f3w, z kt\u00f3rych jest zbudowany. Narz\u0119dzie oznaczone Plusem zosta\u0142o na nowo wzbogacone o wymienne ostrza szczypiec, dzi\u0119ki czemu multitool pozostaje jak nowy nawet po wielu latach intensywnego u\u017cytkowania. No\u017cyczki przetn\u0105 wszystko, tasaki s\u0105 wykonane z trwa\u0142ego materia\u0142u i s\u0105 wymienne, a ostrze no\u017ca wykonane jest z mocnej, odpornej na korozj\u0119 stali 154CM (154CM to rodzaj stali nierdzewnej opracowany i produkowany w Stanach Zjednoczonych przez Crucible Materials Korporacja.) Potrzebujesz dodatkowej r\u0119ki? Bez problemu. Ka\u017cde narz\u0119dzie mo\u017cna otworzy\u0107 i zablokowa\u0107 jedn\u0105 r\u0119k\u0105. Zawiera wyjmowany klips do kieszeni. PARAMETRY: D\u0142ugo\u015b\u0107 ostrza: 7,37 cm D\u0142ugo\u015b\u0107 narz\u0119dzia po zamkni\u0119ciu: 10 cm Waga: 235 g NARZ\u0118DZIA: 01 Szczypce p\u00f3\u0142okr\u0105g\u0142e 02 Szczypce zwyk\u0142e 03 Wymienny przecinak do drutu Premium 04 Wymienny przecinak do drutu twardego Premium 05 Szczypce do zaciskania elektrycznego 06 Szczypce do \u015bci\u0105gania izolacji 07 N\u00f3\u017c 154CM 08 N\u00f3\u017c z\u0105bkowany 420HC 09 Pi\u0142a 10 No\u017cyce spr\u0119\u017cynowe 11 Hak do ci\u0119cia 12 Linijka (8 cali | 19 cm) 13 Otwieracz do puszek 14 Otwieracz do butelek 15 Pilnik do drewna\/metalu 16 Pilnik diamentowy 17 Wiert\u0142o z du\u017cym wiert\u0142em 18 Wiert\u0142o z ma\u0142ym wiert\u0142em 19 \u015aredni \u015brubokr\u0119t        &nbsp;  PAKIET ZAWIERA: multitool nylonowy pokrowiec \u015brodkowy z 4 kieszeniami odpinany klips do kieszeni karabi\u0144czyk zestaw dodatkowych bit\u00f3w: bity krzy\u017cowe PZ1 i PZ2, imbusowe 1,5mm, 2mm, 2,5mm, 3mm, 4mm, 5mm bity torx 10, 15, 20, 25 Naklejka 1\/8 i 3\/32 100% oryginalna instrukcja<\/p>\n","protected":false},"excerpt":{"rendered":"<p><strong>Narz\u0119dzie jest obj\u0119te 25-letni\u0105 gwarancj\u0105, dzi\u0119ki czemu Leatherman b\u0119dzie Ci dobrze s\u0142u\u017cy\u0142 przez prawie ca\u0142e \u017cycie. Do narz\u0119dzia do\u0142\u0105czono nylonow\u0105 walizk\u0119 z czterema przegr\u00f3dkami, stalowy klips i oczko do zawieszenia, plastikowy magazynek z siedmioma ko\u0144c\u00f3wkami. <\/strong><\/p>\n<p><strong>Bezp\u0142atny transport.<\/strong><\/p>\n","protected":false},"featured_media":358527,"comment_status":"open","ping_status":"closed","template":"","meta":[],"pwb-brand":[3487],"product_brand":[],"product_cat":[3341],"product_tag":[],"class_list":{"0":"post-358550","1":"product","2":"type-product","3":"status-publish","4":"has-post-thumbnail","6":"pwb-brand-leathermana","7":"product_cat-multi-tool-pl","9":"first","10":"instock","11":"taxable","12":"shipping-taxable","13":"purchasable","14":"product-type-simple"},"brands":[{"id":3487,"name":"Leathermana","slug":"leathermana"}],"_links":{"self":[{"href":"https:\/\/www.moskito.cz\/pl\/wp-json\/wp\/v2\/product\/358550","targetHints":{"allow":["GET"]}}],"collection":[{"href":"https:\/\/www.moskito.cz\/pl\/wp-json\/wp\/v2\/product"}],"about":[{"href":"https:\/\/www.moskito.cz\/pl\/wp-json\/wp\/v2\/types\/product"}],"replies":[{"embeddable":true,"href":"https:\/\/www.moskito.cz\/pl\/wp-json\/wp\/v2\/comments?post=358550"}],"wp:featuredmedia":[{"embeddable":true,"href":"https:\/\/www.moskito.cz\/pl\/wp-json\/wp\/v2\/media\/358527"}],"wp:attachment":[{"href":"https:\/\/www.moskito.cz\/pl\/wp-json\/wp\/v2\/media?parent=358550"}],"wp:term":[{"taxonomy":"pwb-brand","embeddable":true,"href":"https:\/\/www.moskito.cz\/pl\/wp-json\/wp\/v2\/pwb-brand?post=358550"},{"taxonomy":"product_brand","embeddable":true,"href":"https:\/\/www.moskito.cz\/pl\/wp-json\/wp\/v2\/product_brand?post=358550"},{"taxonomy":"product_cat","embeddable":true,"href":"https:\/\/www.moskito.cz\/pl\/wp-json\/wp\/v2\/product_cat?post=358550"},{"taxonomy":"product_tag","embeddable":true,"href":"https:\/\/www.moskito.cz\/pl\/wp-json\/wp\/v2\/product_tag?post=358550"}],"curies":[{"name":"wp","href":"https:\/\/api.w.org\/{rel}","templated":true}]}}