{"id":358583,"date":"2024-09-10T14:25:44","date_gmt":"2024-09-10T13:25:44","guid":{"rendered":"https:\/\/www.moskito.cz\/produkt\/narzedzie-wielofunkcyjne-leatherman-rebar-coyote-tan\/"},"modified":"2025-05-07T11:23:53","modified_gmt":"2025-05-07T10:23:53","slug":"narzedzie-wielofunkcyjne-leatherman-rebar-coyote-tan","status":"publish","type":"product","link":"https:\/\/www.moskito.cz\/pl\/produkt\/narzedzie-wielofunkcyjne-leatherman-rebar-coyote-tan\/","title":{"rendered":"Narz\u0119dzie wielofunkcyjne Leatherman Rebar Coyote Tan"},"content":{"rendered":"<p>Narz\u0119dzie wielofunkcyjne <strong>Leatherman<\/strong> Rebar Coyote Tan. Konstrukcja multitoola <strong>REBAR<\/strong> nawi\u0105zuje do tradycji marki Leatherman. Podstaw\u0105 s\u0105 smuk\u0142e, ale bardzo mocne wielofunkcyjne szczypce z wymiennymi ostrzami tasaka. Uniwersalne wyposa\u017cenie obejmuje wszystkie wa\u017cne podstawowe narz\u0119dzia i zadowoli ka\u017cdego: od domowych majsterkowicz\u00f3w, przez profesjonalnych instalator\u00f3w, po turyst\u00f3w pieszych i turyst\u00f3w. Ka\u017cde z siedemnastu funkcjonalnych narz\u0119dzi wyposa\u017cone jest w zabezpieczenie przed przypadkowym z\u0142o\u017ceniem. Opr\u00f3cz tradycyjnych szczypiec uniwersalnych, multitool Leatherman REBAR zawiera dwa no\u017ce z ostrzem prostym i z\u0105bkowanym wykonanym ze stali nierdzewnej 420HC, pi\u0142\u0119, szyd\u0142o, komplet otwieraczy do puszek i butelek, pilniki do metalu i drewna oraz zestaw \u015brubokr\u0119t\u00f3w. Kr\u00f3tko m\u00f3wi\u0105c, w 190 gramach stali ka\u017cdy znajdzie co\u015b dla siebie. Dost\u0119pny w kolorze czarnym, srebrnym lub TAN. W zestawie: multitool, etui NYLON BLACK MEDIUM, naklejka 100% oryginalna, instrukcja Parametry D\u0142ugo\u015b\u0107 ostrza: 7,36 cm D\u0142ugo\u015b\u0107 narz\u0119dzia po z\u0142o\u017ceniu: 10,16 cm Waga: 189,94 g https:\/\/www.youtube.com\/shorts\/VZa0w2dmy6k    &nbsp;<\/p>\n","protected":false},"excerpt":{"rendered":"<p><strong>Konstrukcja multitoola REBAR nawi\u0105zuje do tradycji marki Leatherman. Podstaw\u0105 s\u0105 smuk\u0142e, ale bardzo mocne szczypce wielofunkcyjne z wymiennymi ostrzami tasaka. Uniwersalne wyposa\u017cenie obejmuje wszystkie wa\u017cne podstawowe narz\u0119dzia i zadowoli ka\u017cdego: od domowych majsterkowicz\u00f3w, przez profesjonalnych instalator\u00f3w, po turyst\u00f3w pieszych i turyst\u00f3w.  <\/strong><\/p>\n","protected":false},"featured_media":358559,"comment_status":"open","ping_status":"closed","template":"","meta":[],"pwb-brand":[3487],"product_brand":[],"product_cat":[3341],"product_tag":[],"class_list":{"0":"post-358583","1":"product","2":"type-product","3":"status-publish","4":"has-post-thumbnail","6":"pwb-brand-leathermana","7":"product_cat-multi-tool-pl","9":"first","10":"instock","11":"taxable","12":"shipping-taxable","13":"purchasable","14":"product-type-simple"},"brands":[{"id":3487,"name":"Leathermana","slug":"leathermana"}],"_links":{"self":[{"href":"https:\/\/www.moskito.cz\/pl\/wp-json\/wp\/v2\/product\/358583","targetHints":{"allow":["GET"]}}],"collection":[{"href":"https:\/\/www.moskito.cz\/pl\/wp-json\/wp\/v2\/product"}],"about":[{"href":"https:\/\/www.moskito.cz\/pl\/wp-json\/wp\/v2\/types\/product"}],"replies":[{"embeddable":true,"href":"https:\/\/www.moskito.cz\/pl\/wp-json\/wp\/v2\/comments?post=358583"}],"wp:featuredmedia":[{"embeddable":true,"href":"https:\/\/www.moskito.cz\/pl\/wp-json\/wp\/v2\/media\/358559"}],"wp:attachment":[{"href":"https:\/\/www.moskito.cz\/pl\/wp-json\/wp\/v2\/media?parent=358583"}],"wp:term":[{"taxonomy":"pwb-brand","embeddable":true,"href":"https:\/\/www.moskito.cz\/pl\/wp-json\/wp\/v2\/pwb-brand?post=358583"},{"taxonomy":"product_brand","embeddable":true,"href":"https:\/\/www.moskito.cz\/pl\/wp-json\/wp\/v2\/product_brand?post=358583"},{"taxonomy":"product_cat","embeddable":true,"href":"https:\/\/www.moskito.cz\/pl\/wp-json\/wp\/v2\/product_cat?post=358583"},{"taxonomy":"product_tag","embeddable":true,"href":"https:\/\/www.moskito.cz\/pl\/wp-json\/wp\/v2\/product_tag?post=358583"}],"curies":[{"name":"wp","href":"https:\/\/api.w.org\/{rel}","templated":true}]}}