{"id":358631,"date":"2023-04-22T12:56:03","date_gmt":"2023-04-22T11:56:03","guid":{"rendered":"https:\/\/www.moskito.cz\/produkt\/narzedzie-wielofunkcyjne-leatherman-surge-w-kolorze-czarnym\/"},"modified":"2025-05-07T11:23:54","modified_gmt":"2025-05-07T10:23:54","slug":"narzedzie-wielofunkcyjne-leatherman-surge-w-kolorze-czarnym","status":"publish","type":"product","link":"https:\/\/www.moskito.cz\/pl\/produkt\/narzedzie-wielofunkcyjne-leatherman-surge-w-kolorze-czarnym\/","title":{"rendered":"Narz\u0119dzie wielofunkcyjne Leatherman Surge w kolorze czarnym"},"content":{"rendered":"<p>Multitool <strong>Leatherman<\/strong> Surge Black Szczypce Leatherman Surge Black to przydatny pomocnik ka\u017cdego majsterkowicza, kt\u00f3rego wytrzyma\u0142y stalowy korpus kryje \u0142\u0105cznie 21 narz\u0119dzi. Dzi\u0119ki swoim niepozornym wymiarom mo\u017cesz go mie\u0107 zawsze w kieszeni czy w samochodzie, w baga\u017cniku motocykla, w warsztacie czy wreszcie tak\u017ce na \u0142onie natury. W tym multitoolu opr\u00f3cz klasycznych szczypiec wielofunkcyjnych znajdziesz tak\u017ce otwieracz do butelek i puszek, zestaw \u015brubokr\u0119t\u00f3w, szyd\u0142o z otworem, dwa no\u017ce ze stali premium 420HC, pi\u0142\u0119 z podw\u00f3jnymi z\u0119bami, kt\u00f3re istnieje mo\u017cliwo\u015b\u0107 wymiany na pilnik z pow\u0142ok\u0105 diamentow\u0105. Na pewno przydadz\u0105 Ci si\u0119 tak\u017ce ostre no\u017cyczki z mechanizmem spr\u0119\u017cynowym. Kr\u00f3tko m\u00f3wi\u0105c, znajdziesz tu wszystko, czego potrzebujesz do r\u00f3\u017cnych aktywno\u015bci. Leatherman udziela 25-letniej gwarancji na swoje produkty, co \u015bwiadczy o jako\u015bci produkt\u00f3w tej marki. Narz\u0119dzia: Szczypce ig\u0142owe Szczypce uniwersalne Szczypce do zaciskania mi\u0119kkiego drutu \u2013 wymienne Szczypce do zaciskania drutu twardego \u2013 wymienne szczypce do zaciskania Szczypce do zaciskania \u2013 Ostrze do \u015bci\u0105gania izolacji z przewod\u00f3w Ostrze na otwieraczu N\u00f3\u017c prosty ze stali 420HC N\u00f3\u017c z\u0105bkowany ze stali 420HC Pi\u0142a No\u017cyce spr\u0119\u017cynowe Linijka szyde\u0142kowa (8 cali\/19 cm) Otwieracz Otwieracz do butelek Pilnik do drewna i metalu Pilnik pokryty diamentem Pi\u0142a wymienna &#8211; Bosch Adapter do du\u017cych bit\u00f3w Du\u017cy \u015brubokr\u0119t p\u0142aski Ma\u0142y \u015brubokr\u0119t p\u0142aski      <\/p>\n","protected":false},"excerpt":{"rendered":"<p>Leatherman Surge to jedno z naszych dw\u00f3ch najwi\u0119kszych narz\u0119dzi wielofunkcyjnych. Projekt obejmuje najwi\u0119ksze szczypce Leatherman, najd\u0142u\u017csze ostrza i \u0142atwe w u\u017cyciu blokady narz\u0119dzi. <\/p>\n","protected":false},"featured_media":358632,"comment_status":"open","ping_status":"closed","template":"","meta":[],"pwb-brand":[3487],"product_brand":[],"product_cat":[3341],"product_tag":[],"class_list":{"0":"post-358631","1":"product","2":"type-product","3":"status-publish","4":"has-post-thumbnail","6":"pwb-brand-leathermana","7":"product_cat-multi-tool-pl","9":"first","10":"instock","11":"taxable","12":"shipping-taxable","13":"purchasable","14":"product-type-simple"},"brands":[{"id":3487,"name":"Leathermana","slug":"leathermana"}],"_links":{"self":[{"href":"https:\/\/www.moskito.cz\/pl\/wp-json\/wp\/v2\/product\/358631","targetHints":{"allow":["GET"]}}],"collection":[{"href":"https:\/\/www.moskito.cz\/pl\/wp-json\/wp\/v2\/product"}],"about":[{"href":"https:\/\/www.moskito.cz\/pl\/wp-json\/wp\/v2\/types\/product"}],"replies":[{"embeddable":true,"href":"https:\/\/www.moskito.cz\/pl\/wp-json\/wp\/v2\/comments?post=358631"}],"wp:featuredmedia":[{"embeddable":true,"href":"https:\/\/www.moskito.cz\/pl\/wp-json\/wp\/v2\/media\/358632"}],"wp:attachment":[{"href":"https:\/\/www.moskito.cz\/pl\/wp-json\/wp\/v2\/media?parent=358631"}],"wp:term":[{"taxonomy":"pwb-brand","embeddable":true,"href":"https:\/\/www.moskito.cz\/pl\/wp-json\/wp\/v2\/pwb-brand?post=358631"},{"taxonomy":"product_brand","embeddable":true,"href":"https:\/\/www.moskito.cz\/pl\/wp-json\/wp\/v2\/product_brand?post=358631"},{"taxonomy":"product_cat","embeddable":true,"href":"https:\/\/www.moskito.cz\/pl\/wp-json\/wp\/v2\/product_cat?post=358631"},{"taxonomy":"product_tag","embeddable":true,"href":"https:\/\/www.moskito.cz\/pl\/wp-json\/wp\/v2\/product_tag?post=358631"}],"curies":[{"name":"wp","href":"https:\/\/api.w.org\/{rel}","templated":true}]}}