{"id":358695,"date":"2024-09-10T14:38:58","date_gmt":"2024-09-10T14:40:38","guid":{"rendered":"https:\/\/www.moskito.cz\/produkt\/narzedzie-wielofunkcyjne-leatherman-curl\/"},"modified":"2025-05-07T11:23:55","modified_gmt":"2025-05-07T10:23:55","slug":"narzedzie-wielofunkcyjne-leatherman-curl","status":"publish","type":"product","link":"https:\/\/www.moskito.cz\/pl\/produkt\/narzedzie-wielofunkcyjne-leatherman-curl\/","title":{"rendered":"Narz\u0119dzie wielofunkcyjne Leatherman CURL"},"content":{"rendered":"<p>Narz\u0119dzie wielofunkcyjne <strong>Leatherman<\/strong> CURL. Kompaktowy i praktyczny. Taki jest nowy multitool <strong>Leatherman CURL<\/strong> . Zawiera pi\u0119tna\u015bcie najnowocze\u015bniejszych narz\u0119dzi (w tym niezwykle ostre ostrze no\u017ca, do kt\u00f3rego mo\u017cna uzyska\u0107 dost\u0119p jedn\u0105 r\u0119k\u0105, no\u017cyce spr\u0119\u017cynowe i ko\u0144c\u00f3wk\u0119). Mimo to <strong>CURL<\/strong> jest bardzo przyst\u0119pny cenowo. Dzi\u0119ki odpinanemu klipsowi kieszeniowemu lub nylonowemu etui b\u0119dziesz mie\u0107 go zawsze pod r\u0119k\u0105. Zawarto\u015b\u0107 opakowania: nylonowe etui, zdejmowany klips. Parametry: D\u0142ugo\u015b\u0107 ostrza: 7,37 cm D\u0142ugo\u015b\u0107 narz\u0119dzia po zamkni\u0119ciu: 10 cm Zawarto\u015b\u0107 opakowania: nylonowe etui wielofunkcyjne, wyjmowana naklejka na klips, 100% orygina\u0142 i instrukcja Narz\u0119dzia: Szczypce ig\u0142owe Szczypce Szczypce do ci\u0119cia drutu Szczypce do twardego drutu Ostrze do \u015bci\u0105gania izolacji N\u00f3\u017c z prostym ostrzem stalowym 420 HC Adapter do du\u017cych bit\u00f3w No\u017cyce spr\u0119\u017cynowe Pilnik diamentowy Otwieracz do puszek Otwieracz do butelek Szyd\u0142o i oczko Linijka (10 cm) Pilnik do drewna i metalu \u015aredni \u015brubokr\u0119t       <\/p>\n","protected":false},"excerpt":{"rendered":"<p><strong>Narz\u0119dzie wielofunkcyjne Leatherman Curl zawiera pi\u0119tna\u015bcie najnowocze\u015bniejszych narz\u0119dzi (w tym niezwykle ostre ostrze no\u017ca, do kt\u00f3rego mo\u017cna uzyska\u0107 dost\u0119p jedn\u0105 r\u0119k\u0105, no\u017cyce spr\u0119\u017cynowe i ko\u0144c\u00f3wk\u0119).<\/strong><\/p>\n","protected":false},"featured_media":358592,"comment_status":"open","ping_status":"closed","template":"","meta":[],"pwb-brand":[3487],"product_brand":[],"product_cat":[3341],"product_tag":[],"class_list":{"0":"post-358695","1":"product","2":"type-product","3":"status-publish","4":"has-post-thumbnail","6":"pwb-brand-leathermana","7":"product_cat-multi-tool-pl","9":"first","10":"instock","11":"taxable","12":"shipping-taxable","13":"purchasable","14":"product-type-simple"},"brands":[{"id":3487,"name":"Leathermana","slug":"leathermana"}],"_links":{"self":[{"href":"https:\/\/www.moskito.cz\/pl\/wp-json\/wp\/v2\/product\/358695","targetHints":{"allow":["GET"]}}],"collection":[{"href":"https:\/\/www.moskito.cz\/pl\/wp-json\/wp\/v2\/product"}],"about":[{"href":"https:\/\/www.moskito.cz\/pl\/wp-json\/wp\/v2\/types\/product"}],"replies":[{"embeddable":true,"href":"https:\/\/www.moskito.cz\/pl\/wp-json\/wp\/v2\/comments?post=358695"}],"wp:featuredmedia":[{"embeddable":true,"href":"https:\/\/www.moskito.cz\/pl\/wp-json\/wp\/v2\/media\/358592"}],"wp:attachment":[{"href":"https:\/\/www.moskito.cz\/pl\/wp-json\/wp\/v2\/media?parent=358695"}],"wp:term":[{"taxonomy":"pwb-brand","embeddable":true,"href":"https:\/\/www.moskito.cz\/pl\/wp-json\/wp\/v2\/pwb-brand?post=358695"},{"taxonomy":"product_brand","embeddable":true,"href":"https:\/\/www.moskito.cz\/pl\/wp-json\/wp\/v2\/product_brand?post=358695"},{"taxonomy":"product_cat","embeddable":true,"href":"https:\/\/www.moskito.cz\/pl\/wp-json\/wp\/v2\/product_cat?post=358695"},{"taxonomy":"product_tag","embeddable":true,"href":"https:\/\/www.moskito.cz\/pl\/wp-json\/wp\/v2\/product_tag?post=358695"}],"curies":[{"name":"wp","href":"https:\/\/api.w.org\/{rel}","templated":true}]}}