{"id":359019,"date":"2024-09-11T10:56:10","date_gmt":"2024-09-11T12:15:22","guid":{"rendered":"https:\/\/www.moskito.cz\/produkt\/narzedzie-wielofunkcyjne-leatherman-mut-eod\/"},"modified":"2025-05-07T11:24:02","modified_gmt":"2025-05-07T10:24:02","slug":"narzedzie-wielofunkcyjne-leatherman-mut-eod","status":"publish","type":"product","link":"https:\/\/www.moskito.cz\/pl\/produkt\/narzedzie-wielofunkcyjne-leatherman-mut-eod\/","title":{"rendered":"Narz\u0119dzie wielofunkcyjne Leatherman MUT EOD"},"content":{"rendered":"<p>Narz\u0119dzie wielofunkcyjne <strong>Leatherman<\/strong> MUT EOD. Wojskowy multitool taktyczny <strong>Leatherman MUT EOD<\/strong> przeznaczony jest nie tylko dla \u017co\u0142nierzy zawodowych, ale tak\u017ce policjant\u00f3w, strzelc\u00f3w i my\u015bliwych. Dzi\u0119ki specjalnie ukszta\u0142towanemu stalowemu uchwytowi \u015bwietnie nadaje si\u0119 do obs\u0142ugi w r\u0119kawiczkach, a niekt\u00f3re narz\u0119dzia mo\u017cna \u0142atwo otworzy\u0107 palcem jednej r\u0119ki. Ko\u0144c\u00f3wka no\u017ca wielofunkcyjnego jest \u015bci\u0119ta, co u\u0142atwia krojenie mi\u0119sa lub sk\u00f3rowanie. Pi\u0142a posiada z\u0119by zaostrzone w dw\u00f3ch rz\u0119dach i doskonale tnie drewno, plastik, gum\u0119 i inne materia\u0142y. Szczypce maj\u0105 specjalnie w\u0105skie szcz\u0119ki do delikatnych prac z materia\u0142ami wybuchowymi i zawieraj\u0105 specjaln\u0105 g\u0142\u00f3wk\u0119 do aktywacji zapalnik\u00f3w. Wymienne ostrza przecinaj\u0105 stalow\u0105 lin\u0119 i drut kolczasty. W r\u0119koje\u015bci znajduje si\u0119 praktyczny m\u0142otek. Narz\u0119dzie do uwalniania zakleszczonej \u0142uski oraz skrobaczka w\u0119glowa z pewno\u015bci\u0105 doceni ka\u017cdy strzelec. Specjali\u015bci wojskowi wykorzystaj\u0105 nast\u0119pnie stempel do plastycznych materia\u0142\u00f3w wybuchowych. Oczywistym elementem s\u0105 adaptery do r\u00f3\u017cnych typ\u00f3w wkr\u0119tak\u00f3w. Aby bro\u0144 (nie tylko palna) sta\u0142a si\u0119 naszym niezawodnym pomocnikiem, musimy o ni\u0105 nale\u017cycie dba\u0107. Dlatego na wyposa\u017ceniu \u017cadnego strzelca nie powinno zabrakn\u0105\u0107 Leathermana MUT EOD. Pakiet zawiera: narz\u0119dzie wielofunkcyjne, kabur\u0119 NYLON MOLLE XL BLACK, KLUCZ MUT, ko\u0144c\u00f3wki: bit Phillips #1-2 i p\u0142aski 3\/16&#8243;, bit Phillips #2 i p\u0142aski \u00bc&#8221;, Torx #15 i sze\u015bciok\u0105t 7\/64&#8243;, wyjmowany tytan klips do kieszeni lub paska, klucz do regulacji i regulacji muszki 3\/8&#8243;, naklejka 100% oryginalna, instrukcja Parametry: D\u0142ugo\u015b\u0107 ostrza: 7,6 cm D\u0142ugo\u015b\u0107 narz\u0119dzia zamkni\u0119tego: 12,7 cm Waga: 317,5 g https:\/\/www .youtube.com\/watch?v=5W_v3GoNiL8 https:\/\/www.youtube.com\/watch?v=ytNrMeNaRL8               &nbsp;<\/p>\n","protected":false},"excerpt":{"rendered":"<p><strong>Jeste\u015bmy dumni, \u017ce mo\u017cemy sta\u0107 za ka\u017cdym produktem opuszczaj\u0105cym nasz\u0105 fabryk\u0119 w Portland w stanie Oregon. Dlatego oferujemy nasz\u0105 25-letni\u0105 gwarancj\u0119, dzi\u0119ki czemu mo\u017cesz mie\u0107 pewno\u015b\u0107, \u017ce Tw\u00f3j Leatherman b\u0119dzie Ci s\u0142u\u017cy\u0142 przez ca\u0142e \u017cycie. <\/strong><\/p>\n<p><strong>Bezp\u0142atny transport.<\/strong><\/p>\n","protected":false},"featured_media":358818,"comment_status":"open","ping_status":"closed","template":"","meta":[],"pwb-brand":[3487],"product_brand":[],"product_cat":[3341],"product_tag":[],"class_list":{"0":"post-359019","1":"product","2":"type-product","3":"status-publish","4":"has-post-thumbnail","6":"pwb-brand-leathermana","7":"product_cat-multi-tool-pl","9":"first","10":"outofstock","11":"taxable","12":"shipping-taxable","13":"purchasable","14":"product-type-simple"},"brands":[{"id":3487,"name":"Leathermana","slug":"leathermana"}],"_links":{"self":[{"href":"https:\/\/www.moskito.cz\/pl\/wp-json\/wp\/v2\/product\/359019","targetHints":{"allow":["GET"]}}],"collection":[{"href":"https:\/\/www.moskito.cz\/pl\/wp-json\/wp\/v2\/product"}],"about":[{"href":"https:\/\/www.moskito.cz\/pl\/wp-json\/wp\/v2\/types\/product"}],"replies":[{"embeddable":true,"href":"https:\/\/www.moskito.cz\/pl\/wp-json\/wp\/v2\/comments?post=359019"}],"wp:featuredmedia":[{"embeddable":true,"href":"https:\/\/www.moskito.cz\/pl\/wp-json\/wp\/v2\/media\/358818"}],"wp:attachment":[{"href":"https:\/\/www.moskito.cz\/pl\/wp-json\/wp\/v2\/media?parent=359019"}],"wp:term":[{"taxonomy":"pwb-brand","embeddable":true,"href":"https:\/\/www.moskito.cz\/pl\/wp-json\/wp\/v2\/pwb-brand?post=359019"},{"taxonomy":"product_brand","embeddable":true,"href":"https:\/\/www.moskito.cz\/pl\/wp-json\/wp\/v2\/product_brand?post=359019"},{"taxonomy":"product_cat","embeddable":true,"href":"https:\/\/www.moskito.cz\/pl\/wp-json\/wp\/v2\/product_cat?post=359019"},{"taxonomy":"product_tag","embeddable":true,"href":"https:\/\/www.moskito.cz\/pl\/wp-json\/wp\/v2\/product_tag?post=359019"}],"curies":[{"name":"wp","href":"https:\/\/api.w.org\/{rel}","templated":true}]}}