{"id":359126,"date":"2024-09-11T12:28:17","date_gmt":"2024-09-11T12:40:18","guid":{"rendered":"https:\/\/www.moskito.cz\/produkt\/narzedzie-wielofunkcyjne-leatherman-signal\/"},"modified":"2025-05-07T11:24:03","modified_gmt":"2025-05-07T10:24:03","slug":"narzedzie-wielofunkcyjne-leatherman-signal","status":"publish","type":"product","link":"https:\/\/www.moskito.cz\/pl\/produkt\/narzedzie-wielofunkcyjne-leatherman-signal\/","title":{"rendered":"Narz\u0119dzie wielofunkcyjne Leatherman Signal"},"content":{"rendered":"<p>Narz\u0119dzie wielofunkcyjne <strong>Leatherman<\/strong> Signal. Nie jest trudno znale\u017a\u0107 si\u0119 w sytuacji, w kt\u00f3rej stawk\u0105 jest dos\u0142ownie \u017cycie. Po prostu zagub si\u0119 w lesie, zagub si\u0119 gdziekolwiek na \u0142onie natury. Ka\u017cda pomoc b\u0119dzie w\u00f3wczas doceniona. <strong>Leatherman SIGNAL<\/strong> przynosi dok\u0142adnie dziewi\u0119tna\u015bcie z nich. Dziewi\u0119tna\u015bcie narz\u0119dzi nowego outdoorowego specja\u0142u <strong>SIGNAL<\/strong> , kt\u00f3re pomog\u0105 Ci nie tylko w sytuacjach awaryjnych, to krzesiwo z diamentowym spustem, dzi\u0119ki kt\u00f3remu w bardzo \u0142atwy spos\u00f3b rozpalisz ogie\u0144, gwizdek sygna\u0142owy do komunikacji z otoczeniem, karabinek do zawieszenia, ale tak\u017ce n\u00f3\u017c z kombinowanym ostrzem, m\u0142otek, szyd\u0142o, zestaw otwieraczy i \u015brubokr\u0119t\u00f3w oraz oczywi\u015bcie tradycyjne szczypce wielofunkcyjne. Atrakcyjny czarno-srebrny korpus kryje w sobie urz\u0105dzenie ratuj\u0105ce \u017cycie, kt\u00f3rym nic nie powinno Ci\u0119 zaskoczy\u0107. W zestawie: multitool, du\u017ce etui NYLON w kolorze czarnym, 100% oryginalna naklejka, instrukcja&nbsp; https:\/\/www.youtube.com\/watch?v=WwJdQJJPVmU        &nbsp;<\/p>\n","protected":false},"excerpt":{"rendered":"<div class=\"elementor-element elementor-element-bbb542b elementor-widget elementor-widget-woocommerce-product-short-description\" data-id=\"bbb542b\" data-element_type=\"widget\" data-widget_type=\"woocommerce-product-short-description.default\">\n<div class=\"elementor-widget-container\">\n<div class=\"woocommerce-product-details__short-description\">\n<div class=\"elementor-element elementor-element-bbb542b elementor-widget elementor-widget-woocommerce-product-short-description\" data-id=\"bbb542b\" data-element_type=\"widget\" data-widget_type=\"woocommerce-product-short-description.default\">\n<div class=\"elementor-widget-container\">\n<div class=\"woocommerce-product-details__short-description\">\n<div class=\"elementor-element elementor-element-bbb542b elementor-widget elementor-widget-woocommerce-product-short-description\" data-id=\"bbb542b\" data-element_type=\"widget\" data-widget_type=\"woocommerce-product-short-description.default\">\n<div class=\"elementor-widget-container\">\n<div class=\"woocommerce-product-details__short-description\">\n<p><strong>Narz\u0119dzie wielofunkcyjne Leatherman Signal to idealny wyb\u00f3r w ka\u017cdej sytuacji, niezale\u017cnie od tego, czy zgubisz si\u0119 w lesie, czy wyruszysz w g\u00f3ry. W kompaktowej obudowie ze stali nierdzewnej znajduje si\u0119 \u0142\u0105cznie 19 narz\u0119dzi, kt\u00f3re u\u0142atwi\u0105 Ci ka\u017cd\u0105 sytuacj\u0119. <\/strong><\/p>\n<p><strong>Bezp\u0142atny transport.<\/strong><\/p>\n<\/div>\n<\/div>\n<\/div>\n<\/div>\n<\/div>\n<\/div>\n<\/div>\n<\/div>\n<\/div>\n","protected":false},"featured_media":358939,"comment_status":"open","ping_status":"closed","template":"","meta":[],"pwb-brand":[3487],"product_brand":[],"product_cat":[3341],"product_tag":[],"class_list":{"0":"post-359126","1":"product","2":"type-product","3":"status-publish","4":"has-post-thumbnail","6":"pwb-brand-leathermana","7":"product_cat-multi-tool-pl","9":"first","10":"instock","11":"taxable","12":"shipping-taxable","13":"purchasable","14":"product-type-simple"},"brands":[{"id":3487,"name":"Leathermana","slug":"leathermana"}],"_links":{"self":[{"href":"https:\/\/www.moskito.cz\/pl\/wp-json\/wp\/v2\/product\/359126","targetHints":{"allow":["GET"]}}],"collection":[{"href":"https:\/\/www.moskito.cz\/pl\/wp-json\/wp\/v2\/product"}],"about":[{"href":"https:\/\/www.moskito.cz\/pl\/wp-json\/wp\/v2\/types\/product"}],"replies":[{"embeddable":true,"href":"https:\/\/www.moskito.cz\/pl\/wp-json\/wp\/v2\/comments?post=359126"}],"wp:featuredmedia":[{"embeddable":true,"href":"https:\/\/www.moskito.cz\/pl\/wp-json\/wp\/v2\/media\/358939"}],"wp:attachment":[{"href":"https:\/\/www.moskito.cz\/pl\/wp-json\/wp\/v2\/media?parent=359126"}],"wp:term":[{"taxonomy":"pwb-brand","embeddable":true,"href":"https:\/\/www.moskito.cz\/pl\/wp-json\/wp\/v2\/pwb-brand?post=359126"},{"taxonomy":"product_brand","embeddable":true,"href":"https:\/\/www.moskito.cz\/pl\/wp-json\/wp\/v2\/product_brand?post=359126"},{"taxonomy":"product_cat","embeddable":true,"href":"https:\/\/www.moskito.cz\/pl\/wp-json\/wp\/v2\/product_cat?post=359126"},{"taxonomy":"product_tag","embeddable":true,"href":"https:\/\/www.moskito.cz\/pl\/wp-json\/wp\/v2\/product_tag?post=359126"}],"curies":[{"name":"wp","href":"https:\/\/api.w.org\/{rel}","templated":true}]}}