{"id":359136,"date":"2024-09-11T13:39:25","date_gmt":"2024-09-11T12:40:40","guid":{"rendered":"https:\/\/www.moskito.cz\/produkt\/narzedzie-wielofunkcyjne-leatherman-mut-czarny\/"},"modified":"2025-05-07T11:24:04","modified_gmt":"2025-05-07T10:24:04","slug":"narzedzie-wielofunkcyjne-leatherman-mut-czarny","status":"publish","type":"product","link":"https:\/\/www.moskito.cz\/pl\/produkt\/narzedzie-wielofunkcyjne-leatherman-mut-czarny\/","title":{"rendered":"Narz\u0119dzie wielofunkcyjne Leatherman MUT CZARNY"},"content":{"rendered":"<p>Narz\u0119dzie wielofunkcyjne <strong>Leatherman<\/strong> MUT CZARNY. Partner ka\u017cdego snajpera. Ta tzw. cywilna odmiana wojskowych multitooli to nieoceniony sprz\u0119t zar\u00f3wno dla strzelc\u00f3w cywilnych, jak i zawodowych wojskowych. W wa\u017c\u0105cym ponad 317 gramach stali multitool mie\u015bci 16 narz\u0119dzi. Opr\u00f3cz tradycyjnych szczypiec wielofunkcyjnych oferuje r\u00f3wnie\u017c szczypce do kabli stalowych z wymiennymi ostrzami oraz szczypce dla elektryk\u00f3w do zaciskania. Oczywist\u0105 rzecz\u0105 jest n\u00f3\u017c z kombinowanym ostrzem ze stali 420HC i pi\u0142\u0105. Pod masywnym m\u0142otkiem na ko\u0144cu narz\u0119dzia ukryty jest r\u00f3wnie\u017c hak tn\u0105cy w kszta\u0142cie litery V, u\u0142atwiaj\u0105cy przecinanie ta\u015bmy. G\u0142\u00f3wnymi atutami multitoola Leatherman MUT s\u0105 wspomniane ju\u017c narz\u0119dzia do konserwacji broni palnej: narz\u0119dzie do zakleszczonych naboj\u00f3w, skrobaczka w\u0119glowa (wykonana z br\u0105zu, dzi\u0119ki czemu nie ma ryzyka zarysowania element\u00f3w broni), adapter do czyszczenia szczotka, narz\u0119dzie do demonta\u017cu broni i du\u017cy adapter do bit\u00f3w. Wszystkie narz\u0119dzia s\u0105 dostosowane do standardowych materia\u0142\u00f3w wojskowych i cywilnych, wi\u0119c nie powinny mie\u0107 problemu z demonta\u017cem i czyszczeniem praktycznie ka\u017cdej broni palnej. Narz\u0119dzie mo\u017cna dodatkowo ulepszy\u0107 za pomoc\u0105 dodatkowych komponent\u00f3w, takich jak zapasowe bity. Praktyczna walizka jest do tego przystosowana i mie\u015bci tak\u017ce cz\u0119\u015bci zamienne czy klucz do wymiany narz\u0119dzi. Pakiet zawiera: multitool, kabur\u0119 NYLON MOLLE XL BROWN, klucz, bit krzy\u017cowy #1-2 i bit p\u0142aski 3\/16, bit krzy\u017cowy #2 i p\u0142aski \u00bc&#8221;, torx #15 i hex 7\/64&#8243;, naklejk\u0119 100% oryginaln\u0105, NARZ\u0118DZIA Szczypce ig\u0142owe Specjalne szczypce uniwersalne wojskowe Przecinak do drutu z mi\u0119kkiej stali 154CM z wymiennymi ostrzami Przecinak do lin z twardej stali Przecinak do kabli Szczypce do zaciskania dla elektryk\u00f3w N\u00f3\u017c z ostrzem kombinowanym ze stali 420HC Pi\u0142a Hak tn\u0105cy M\u0142otek Narz\u0119dzie do naboj\u00f3w Skrobaczka w\u0119glowa Adapter do szczotki czyszcz\u0105cej M\/ F Narz\u0119dzie do demonta\u017cu broni &#8211; wymienny adapter do du\u017cego karabinka\/otwieracza https:\/\/www.youtube.com\/watch?v=5W_v3GoNiL8             &nbsp;<\/p>\n","protected":false},"excerpt":{"rendered":"<p><strong>Jeste\u015bmy dumni, \u017ce mo\u017cemy sta\u0107 za ka\u017cdym produktem opuszczaj\u0105cym nasz\u0105 fabryk\u0119 w Portland w stanie Oregon. Dlatego oferujemy nasz\u0105 25-letni\u0105 gwarancj\u0119, dzi\u0119ki czemu mo\u017cesz mie\u0107 pewno\u015b\u0107, \u017ce Tw\u00f3j Leatherman b\u0119dzie Ci s\u0142u\u017cy\u0142 przez ca\u0142e \u017cycie. <\/strong><\/p>\n<p><strong>Bezp\u0142atny transport.<\/strong><\/p>\n","protected":false},"featured_media":359070,"comment_status":"open","ping_status":"closed","template":"","meta":[],"pwb-brand":[3487],"product_brand":[],"product_cat":[3341],"product_tag":[],"class_list":{"0":"post-359136","1":"product","2":"type-product","3":"status-publish","4":"has-post-thumbnail","6":"pwb-brand-leathermana","7":"product_cat-multi-tool-pl","9":"first","10":"outofstock","11":"taxable","12":"shipping-taxable","13":"purchasable","14":"product-type-simple"},"brands":[{"id":3487,"name":"Leathermana","slug":"leathermana"}],"_links":{"self":[{"href":"https:\/\/www.moskito.cz\/pl\/wp-json\/wp\/v2\/product\/359136","targetHints":{"allow":["GET"]}}],"collection":[{"href":"https:\/\/www.moskito.cz\/pl\/wp-json\/wp\/v2\/product"}],"about":[{"href":"https:\/\/www.moskito.cz\/pl\/wp-json\/wp\/v2\/types\/product"}],"replies":[{"embeddable":true,"href":"https:\/\/www.moskito.cz\/pl\/wp-json\/wp\/v2\/comments?post=359136"}],"wp:featuredmedia":[{"embeddable":true,"href":"https:\/\/www.moskito.cz\/pl\/wp-json\/wp\/v2\/media\/359070"}],"wp:attachment":[{"href":"https:\/\/www.moskito.cz\/pl\/wp-json\/wp\/v2\/media?parent=359136"}],"wp:term":[{"taxonomy":"pwb-brand","embeddable":true,"href":"https:\/\/www.moskito.cz\/pl\/wp-json\/wp\/v2\/pwb-brand?post=359136"},{"taxonomy":"product_brand","embeddable":true,"href":"https:\/\/www.moskito.cz\/pl\/wp-json\/wp\/v2\/product_brand?post=359136"},{"taxonomy":"product_cat","embeddable":true,"href":"https:\/\/www.moskito.cz\/pl\/wp-json\/wp\/v2\/product_cat?post=359136"},{"taxonomy":"product_tag","embeddable":true,"href":"https:\/\/www.moskito.cz\/pl\/wp-json\/wp\/v2\/product_tag?post=359136"}],"curies":[{"name":"wp","href":"https:\/\/api.w.org\/{rel}","templated":true}]}}