{"id":359137,"date":"2024-09-11T13:21:45","date_gmt":"2024-09-11T12:21:45","guid":{"rendered":"https:\/\/www.moskito.cz\/produkt\/narzedzie-wielofunkcyjne-leatherman-bond\/"},"modified":"2025-05-07T11:24:04","modified_gmt":"2025-05-07T10:24:04","slug":"narzedzie-wielofunkcyjne-leatherman-bond","status":"publish","type":"product","link":"https:\/\/www.moskito.cz\/pl\/produkt\/narzedzie-wielofunkcyjne-leatherman-bond\/","title":{"rendered":"Narz\u0119dzie wielofunkcyjne Leatherman Bond"},"content":{"rendered":"<p>Narz\u0119dzie wielofunkcyjne <strong>Leatherman<\/strong> Bond. Multitool Leatherman BOND swoj\u0105 konstrukcj\u0105 i wyposa\u017ceniem nawi\u0105zuje do legendarnego modelu PST. Dlatego zachwyca przede wszystkim minimalistycznym designem i elegancj\u0105. 14 praktycznych narz\u0119dzi wbudowanych jest w korpus o d\u0142ugo\u015bci 10 cm i wadze 176 gram\u00f3w. BOND z \u0142atwo\u015bci\u0105 zmie\u015bcisz w kieszeni lub plecaku (zabezpieczony odpinanym klipsem &#8211; brak w zestawie, brak w zestawie) i zawsze b\u0119dziesz mia\u0142 pod r\u0119k\u0105 wa\u017cne narz\u0119dzia codziennego u\u017cytku. Nale\u017c\u0105 do nich szczypce wielofunkcyjne, wysokiej klasy n\u00f3\u017c ze stali 420HC, zestaw otwieraczy, \u015brubokr\u0119ty, szyd\u0142o i wiele innych. 25-letnia gwarancja jest rzecz\u0105 oczywist\u0105. Zawarto\u015b\u0107 opakowania: Nylonowe etui PARAMETRY D\u0142ugo\u015b\u0107 ostrza: 7,36 cm D\u0142ugo\u015b\u0107 narz\u0119dzia zamkni\u0119tego: 10 cm Waga: 176 g https:\/\/www.youtube.com\/watch?v=qLQOc6Dxq-8         &nbsp;<\/p>\n<p>&nbsp;<\/p>\n","protected":false},"excerpt":{"rendered":"<p><strong>Jeste\u015bmy dumni, \u017ce mo\u017cemy sta\u0107 za ka\u017cdym produktem opuszczaj\u0105cym nasz\u0105 fabryk\u0119 w Portland w stanie Oregon. Dlatego oferujemy nasz\u0105 25-letni\u0105 gwarancj\u0119, dzi\u0119ki czemu mo\u017cesz mie\u0107 pewno\u015b\u0107, \u017ce Tw\u00f3j Leatherman b\u0119dzie Ci s\u0142u\u017cy\u0142 przez ca\u0142e \u017cycie. <\/strong><\/p>\n<p>&nbsp;<\/p>\n","protected":false},"featured_media":359028,"comment_status":"open","ping_status":"closed","template":"","meta":[],"pwb-brand":[3487],"product_brand":[],"product_cat":[3341],"product_tag":[],"class_list":{"0":"post-359137","1":"product","2":"type-product","3":"status-publish","4":"has-post-thumbnail","6":"pwb-brand-leathermana","7":"product_cat-multi-tool-pl","9":"first","10":"instock","11":"taxable","12":"shipping-taxable","13":"purchasable","14":"product-type-simple"},"brands":[{"id":3487,"name":"Leathermana","slug":"leathermana"}],"_links":{"self":[{"href":"https:\/\/www.moskito.cz\/pl\/wp-json\/wp\/v2\/product\/359137","targetHints":{"allow":["GET"]}}],"collection":[{"href":"https:\/\/www.moskito.cz\/pl\/wp-json\/wp\/v2\/product"}],"about":[{"href":"https:\/\/www.moskito.cz\/pl\/wp-json\/wp\/v2\/types\/product"}],"replies":[{"embeddable":true,"href":"https:\/\/www.moskito.cz\/pl\/wp-json\/wp\/v2\/comments?post=359137"}],"wp:featuredmedia":[{"embeddable":true,"href":"https:\/\/www.moskito.cz\/pl\/wp-json\/wp\/v2\/media\/359028"}],"wp:attachment":[{"href":"https:\/\/www.moskito.cz\/pl\/wp-json\/wp\/v2\/media?parent=359137"}],"wp:term":[{"taxonomy":"pwb-brand","embeddable":true,"href":"https:\/\/www.moskito.cz\/pl\/wp-json\/wp\/v2\/pwb-brand?post=359137"},{"taxonomy":"product_brand","embeddable":true,"href":"https:\/\/www.moskito.cz\/pl\/wp-json\/wp\/v2\/product_brand?post=359137"},{"taxonomy":"product_cat","embeddable":true,"href":"https:\/\/www.moskito.cz\/pl\/wp-json\/wp\/v2\/product_cat?post=359137"},{"taxonomy":"product_tag","embeddable":true,"href":"https:\/\/www.moskito.cz\/pl\/wp-json\/wp\/v2\/product_tag?post=359137"}],"curies":[{"name":"wp","href":"https:\/\/api.w.org\/{rel}","templated":true}]}}