{"id":359405,"date":"2024-09-11T14:01:05","date_gmt":"2024-09-11T14:14:55","guid":{"rendered":"https:\/\/www.moskito.cz\/produkt\/narzedzie-wielofunkcyjne-leatherman-skeletool-cx-paradise\/"},"modified":"2025-05-07T11:24:06","modified_gmt":"2025-05-07T10:24:06","slug":"narzedzie-wielofunkcyjne-leatherman-skeletool-cx-paradise","status":"publish","type":"product","link":"https:\/\/www.moskito.cz\/pl\/produkt\/narzedzie-wielofunkcyjne-leatherman-skeletool-cx-paradise\/","title":{"rendered":"Narz\u0119dzie wielofunkcyjne Leatherman Skeletool CX Paradise"},"content":{"rendered":"<p>Narz\u0119dzie wielofunkcyjne <strong>Leatherman<\/strong> SKELETOOL CX PARADISE. <strong>Leatherman SKELETOOL CX<\/strong> odziedziczy\u0142 po starszym bracie wszystkie swoje podstawowe cechy \u2013 atrakcyjny design, wyj\u0105tkow\u0105 trwa\u0142o\u015b\u0107 i pe\u0142en wdzi\u0119ku korpus z reliefowymi otworami. Dzi\u0119ki wadze zaledwie 142 gram\u00f3w jest to jeden z najl\u017cejszych instrument\u00f3w w swojej klasie. Opr\u00f3cz tego <strong>SKELETOOL CX<\/strong> udoskonali\u0142 ostrze no\u017ca o g\u0142adkiej kraw\u0119dzi, kt\u00f3re wykonano z jeszcze lepszej jako\u015bci stali 154CM. W pozornie prostym multitoolu znajdziesz wszystko, czego potrzebujesz na wycieczkach po wsi czy po mie\u015bcie: opr\u00f3cz no\u017ca znajdziesz tak\u017ce szczypce, otwieracz do puszek, karabi\u0144czyk i zestaw wkr\u0119tak\u00f3w bitowych. \u0141\u0105cznie siedem funkcjonalnych narz\u0119dzi w lekkim kompaktowym opakowaniu, w jeszcze atrakcyjniejszym srebrno-czarnym designie, b\u0119dziesz zawsze pod r\u0119k\u0105, a Ty nawet nie poczujesz jego ci\u0119\u017caru na pasku czy w plecaku. Dzi\u0119ki temu stanie si\u0119 Twoim niezast\u0105pionym towarzyszem w ka\u017cdej podr\u00f3\u017cy. W zestawie: multitool, bity: krzy\u017cowe #1 i #2, p\u0142askie 1,4 i 3\/16, zdejmowany klips do paska, naklejka 100% oryginalna, instrukcja. Parametry: D\u0142ugo\u015b\u0107 ostrza: 6,6 cm D\u0142ugo\u015b\u0107 narz\u0119dzia zamkni\u0119tego: 10 cm Waga: 142 g https:\/\/www.youtube.com\/watch?v=VUQu0ERufz8         &nbsp;<\/p>\n","protected":false},"excerpt":{"rendered":"<div id=\"tw-target-text-container\" class=\"tw-ta-container F0azHf tw-nfl\" tabindex=\"0\">\n<p><strong>Jeste\u015bmy dumni, \u017ce mo\u017cemy sta\u0107 za ka\u017cdym produktem opuszczaj\u0105cym nasz\u0105 fabryk\u0119 w Portland w stanie Oregon. Dlatego oferujemy nasz\u0105 25-letni\u0105 gwarancj\u0119, dzi\u0119ki czemu mo\u017cesz mie\u0107 pewno\u015b\u0107, \u017ce Tw\u00f3j Leatherman b\u0119dzie Ci s\u0142u\u017cy\u0142 przez ca\u0142e \u017cycie. <\/strong><\/p>\n<p>&nbsp;<\/p>\n<pre id=\"tw-target-text\" class=\"tw-data-text tw-text-large tw-ta\" dir=\"ltr\" data-placeholder=\"P\u0159eklad\" aria-label=\"P\u0159elo\u017een\u00fd text\" data-ved=\"2ahUKEwjohPmwyLqIAxXLgv0HHQnQCWQQ3ewLegQICBAT\"><span class=\"Y2IQFc\" lang=\"cs\"> <\/span><\/pre>\n<\/div>\n<div id=\"tw-target-rmn-container\" class=\"tw-target-rmn tw-ta-container F0azHf tw-nfl\">\n<pre id=\"tw-target-rmn\" class=\"tw-data-placeholder tw-text-small tw-ta\" dir=\"ltr\" data-placeholder=\"\"><\/pre>\n<\/div>\n","protected":false},"featured_media":359189,"comment_status":"open","ping_status":"closed","template":"","meta":[],"pwb-brand":[3487],"product_brand":[],"product_cat":[3341],"product_tag":[],"class_list":{"0":"post-359405","1":"product","2":"type-product","3":"status-publish","4":"has-post-thumbnail","6":"pwb-brand-leathermana","7":"product_cat-multi-tool-pl","9":"first","10":"instock","11":"taxable","12":"shipping-taxable","13":"purchasable","14":"product-type-simple"},"brands":[{"id":3487,"name":"Leathermana","slug":"leathermana"}],"_links":{"self":[{"href":"https:\/\/www.moskito.cz\/pl\/wp-json\/wp\/v2\/product\/359405","targetHints":{"allow":["GET"]}}],"collection":[{"href":"https:\/\/www.moskito.cz\/pl\/wp-json\/wp\/v2\/product"}],"about":[{"href":"https:\/\/www.moskito.cz\/pl\/wp-json\/wp\/v2\/types\/product"}],"replies":[{"embeddable":true,"href":"https:\/\/www.moskito.cz\/pl\/wp-json\/wp\/v2\/comments?post=359405"}],"wp:featuredmedia":[{"embeddable":true,"href":"https:\/\/www.moskito.cz\/pl\/wp-json\/wp\/v2\/media\/359189"}],"wp:attachment":[{"href":"https:\/\/www.moskito.cz\/pl\/wp-json\/wp\/v2\/media?parent=359405"}],"wp:term":[{"taxonomy":"pwb-brand","embeddable":true,"href":"https:\/\/www.moskito.cz\/pl\/wp-json\/wp\/v2\/pwb-brand?post=359405"},{"taxonomy":"product_brand","embeddable":true,"href":"https:\/\/www.moskito.cz\/pl\/wp-json\/wp\/v2\/product_brand?post=359405"},{"taxonomy":"product_cat","embeddable":true,"href":"https:\/\/www.moskito.cz\/pl\/wp-json\/wp\/v2\/product_cat?post=359405"},{"taxonomy":"product_tag","embeddable":true,"href":"https:\/\/www.moskito.cz\/pl\/wp-json\/wp\/v2\/product_tag?post=359405"}],"curies":[{"name":"wp","href":"https:\/\/api.w.org\/{rel}","templated":true}]}}