{"id":359649,"date":"2023-07-03T22:15:35","date_gmt":"2024-09-17T18:35:57","guid":{"rendered":"https:\/\/www.moskito.cz\/produkt\/noz-strzelecki-microtech-socom-elite-stonewashed-tanto-161a-11\/"},"modified":"2025-05-07T11:24:11","modified_gmt":"2025-05-07T10:24:11","slug":"noz-strzelecki-microtech-socom-elite-stonewashed-tanto-161a-11","status":"publish","type":"product","link":"https:\/\/www.moskito.cz\/pl\/produkt\/noz-strzelecki-microtech-socom-elite-stonewashed-tanto-161a-11\/","title":{"rendered":"N\u00f3\u017c strzelecki Microtech Socom Elite Stonewashed Tanto 161A-11"},"content":{"rendered":"<p>N\u00f3\u017c strzelecki <strong>Microtech<\/strong> Socom Elite Stonewashed Tanto 161A-11 <strong>Socom Elite<\/strong> wyznacza najwy\u017csze standardy w kategorii no\u017cy taktycznych\/u\u017cytkowych. Od momentu powstania oryginalnego Socom w 1996 roku, jest on pionierem ca\u0142ej gamy no\u017cy sk\u0142adanych <strong>Microtech<\/strong> . Na przestrzeni lat wprowadzono wiele ulepsze\u0144, dzi\u0119ki kt\u00f3rym Socom jest lepiej dostosowany do r\u00f3\u017cnych \u015brodowisk. Zar\u00f3wno automatyczny, jak i r\u0119czny <strong>Socom<\/strong> maj\u0105 unikalny kszta\u0142t r\u0119koje\u015bci, kt\u00f3ry dopasowuje si\u0119 do d\u0142oni. Wiesz, \u017ce kupujesz najlepsze narz\u0119dzie na rynku, niezale\u017cnie od tego, jakie ostrze wybierzesz: ko\u0144c\u00f3wk\u0119 zaciskow\u0105 czy tanto. Zintegrowany zbijak do szk\u0142a u podstawy r\u0119koje\u015bci oraz du\u017cy ko\u0142ek umo\u017cliwiaj\u0105cy \u0142atwe otwieranie w r\u0119kawicy nadaj\u0105 mu efektownego wygl\u0105du. Wytrzyma\u0142a niezawodno\u015b\u0107 Socom sprawia, \u017ce \u200b\u200bjest to pierwszy wyb\u00f3r dla spo\u0142eczno\u015bci zajmuj\u0105cej si\u0119 operacjami specjalnymi. Dane techniczne D\u0142ugo\u015b\u0107 ostrza: 10,12 cm D\u0142ugo\u015b\u0107 po zamkni\u0119ciu: 12,65 cm D\u0142ugo\u015b\u0107 ca\u0142kowita: 22,77 cm Stal: M390 Styl ostrza: Tanto Szlif ostrza: P\u0142askie Wyko\u0144czenie ostrza: Stonewash Materia\u0142 r\u0119koje\u015bci: aluminium z teksturowanymi wstawkami Mechanizm blokuj\u0105cy: Przycisk Klips kieszeniowy: Stal nierdzewna (sk\u0142adany, noszenie prawej r\u0119ki) Waga: 5,6 uncji. Projektant: Tony Marfione Wyprodukowano w USA <\/p>\n","protected":false},"excerpt":{"rendered":"<p>Przez lata firma M <strong>icrotech\u00ae Knives<\/strong> wype\u0142nia\u0142a no\u017ce pasj\u0105 i umiej\u0119tno\u015bciami, aby tworzy\u0107 niemal dzie\u0142a sztuki, kt\u00f3re s\u0105 szczytem funkcjonalno\u015bci. Wszystkie cz\u0119\u015bci s\u0105 produkowane w USA. <strong>Wszystkie no\u017ce Microtech obj\u0119te s\u0105 do\u017cywotni\u0105 gwarancj\u0105.<\/strong> <strong>Darmowa wysy\u0142ka.<\/strong><\/p>\n<p>&nbsp;<\/p>\n","protected":false},"featured_media":359650,"comment_status":"open","ping_status":"closed","template":"","meta":[],"pwb-brand":[3279],"product_brand":[],"product_cat":[3296,3344],"product_tag":[3671],"class_list":{"0":"post-359649","1":"product","2":"type-product","3":"status-publish","4":"has-post-thumbnail","6":"pwb-brand-microtech-pl","7":"product_cat-noze-pl","8":"product_cat-noze-strzeleckie","9":"product_tag-b2b-pl","11":"first","12":"outofstock","13":"taxable","14":"shipping-taxable","15":"purchasable","16":"product-type-simple"},"brands":[{"id":3279,"name":"Microtech","slug":"microtech-pl"}],"_links":{"self":[{"href":"https:\/\/www.moskito.cz\/pl\/wp-json\/wp\/v2\/product\/359649","targetHints":{"allow":["GET"]}}],"collection":[{"href":"https:\/\/www.moskito.cz\/pl\/wp-json\/wp\/v2\/product"}],"about":[{"href":"https:\/\/www.moskito.cz\/pl\/wp-json\/wp\/v2\/types\/product"}],"replies":[{"embeddable":true,"href":"https:\/\/www.moskito.cz\/pl\/wp-json\/wp\/v2\/comments?post=359649"}],"wp:featuredmedia":[{"embeddable":true,"href":"https:\/\/www.moskito.cz\/pl\/wp-json\/wp\/v2\/media\/359650"}],"wp:attachment":[{"href":"https:\/\/www.moskito.cz\/pl\/wp-json\/wp\/v2\/media?parent=359649"}],"wp:term":[{"taxonomy":"pwb-brand","embeddable":true,"href":"https:\/\/www.moskito.cz\/pl\/wp-json\/wp\/v2\/pwb-brand?post=359649"},{"taxonomy":"product_brand","embeddable":true,"href":"https:\/\/www.moskito.cz\/pl\/wp-json\/wp\/v2\/product_brand?post=359649"},{"taxonomy":"product_cat","embeddable":true,"href":"https:\/\/www.moskito.cz\/pl\/wp-json\/wp\/v2\/product_cat?post=359649"},{"taxonomy":"product_tag","embeddable":true,"href":"https:\/\/www.moskito.cz\/pl\/wp-json\/wp\/v2\/product_tag?post=359649"}],"curies":[{"name":"wp","href":"https:\/\/api.w.org\/{rel}","templated":true}]}}