{"id":359670,"date":"2020-02-11T11:40:08","date_gmt":"2024-09-17T18:36:35","guid":{"rendered":"https:\/\/www.moskito.cz\/produkt\/noz-strzelecki-microtech-socom-elite-160a-10-mr\/"},"modified":"2025-07-11T07:50:49","modified_gmt":"2025-07-11T06:50:49","slug":"noz-strzelecki-microtech-socom-elite-160a-10-mr","status":"publish","type":"product","link":"https:\/\/www.moskito.cz\/pl\/produkt\/noz-strzelecki-microtech-socom-elite-160a-10-mr\/","title":{"rendered":"N\u00f3\u017c strzelecki Microtech Socom Elite 160A-10 MR"},"content":{"rendered":"<p>N\u00f3\u017c strzelecki <strong>Microtech Socom Elite<\/strong> 160A-10 MR.  <span lang=\"cs\">Przez lata <strong>firma Microtech\u00ae Knives<\/strong> wype\u0142nia\u0142a no\u017ce pasj\u0105 i umiej\u0119tno\u015bciami, aby tworzy\u0107 niemal dzie\u0142a sztuki, kt\u00f3re s\u0105 szczytem funkcjonalno\u015bci. Wci\u0105\u017c przesuwa granice i ulepsza to, o czym ju\u017c wie, \u017ce dzia\u0142a. W 2020 roku firma Microtech\u00ae Knives wyros\u0142a na wiod\u0105c\u0105 mark\u0119 no\u017cy, kt\u00f3ra stale si\u0119 rozwija i idzie do przodu, korzystaj\u0105c z najnowszych technologii, odwiecznych zasad wytwarzania ostrzy i maksymalnych test\u00f3w w terenie, aby zapewni\u0107 bezkompromisow\u0105 jako\u015b\u0107.  <\/span>  Ten automatyczny n\u00f3\u017c <strong>Microtech Socom Elite<\/strong> 161A-10 MR Shooting Knife ma aluminiow\u0105 r\u0119koje\u015b\u0107 i matowe ostrze tanto. Od momentu powstania oryginalnego <strong>Microtech\u00ae Socom<\/strong> ustanowi\u0142 standardy dla no\u017cy taktycznych. Sokom Elite opiera si\u0119 na tym projekcie, aby dostosowa\u0107 si\u0119 do r\u00f3\u017cnych \u015brodowisk. R\u0119koje\u015b\u0107 ma sportowy uchwyt i unikalny kszta\u0142t, zapewniaj\u0105cy wygodny i pewny chwyt przez ca\u0142y czas. D\u0142ugo\u015b\u0107 ca\u0142kowita: 22,5 cm D\u0142ugo\u015b\u0107 ostrza: 10 cm Kraw\u0119d\u017a tn\u0105ca: 9,37 cm Szeroko\u015b\u0107 ostrza: 2,8 cm Grubo\u015b\u0107 ostrza: 0,47 cm Materia\u0142 ostrza: Bohler M390 Wstawki: P\u0142askie D\u0142ugo\u015b\u0107 r\u0119koje\u015bci: 12,5 cm Szeroko\u015b\u0107 r\u0119koje\u015bci: 3,42 Grubo\u015b\u0107 r\u0119koje\u015bci: 1,37 Materia\u0142 r\u0119koje\u015bci: aluminium Waga: 4,58 uncji U\u017cytkownik: Prawa kieszonka: Sk\u0142adany Typ no\u017ca: Automatyczny otwieracz: Przycisk Typ blokady: Blokada Marka: Microtech Model: Socom Elite Numer modelu: 161A-10 MR Kraj pochodzenia: USA Najlepsze zastosowanie: Taktyczne Przez lata, <strong>Microtech \u00ae Knives<\/strong> w\u0142o\u017cy\u0142 pasj\u0119 i umiej\u0119tno\u015bci w tworzenie dzie\u0142 sztuki, kt\u00f3re s\u0105 szczytem funkcjonalno\u015bci i formy.  Nadal przesuwamy granice i ulepszamy to, co ju\u017c wiemy, \u017ce dzia\u0142a. W 2020 roku <strong>Microtech\u00ae Knives<\/strong> wyros\u0142o na wiod\u0105c\u0105 mark\u0119 sztu\u0107c\u00f3w, stale rozwijaj\u0105c\u0105 si\u0119 i posuwaj\u0105c\u0105 si\u0119 do przodu, korzystaj\u0105c z najnowszych technologii, staro\u017cytnych zasad ostrzy i maksymalnych test\u00f3w w terenie, aby mie\u0107 pewno\u015b\u0107, \u017ce nigdy nie p\u00f3jdziemy na kompromis.  <\/p>\n<div class=\"description\">  Socom Elite wyznacza najwy\u017cszy standard sztu\u0107c\u00f3w taktycznych\/u\u017cytkowych. Od powstania oryginalnego Socom w 1996 roku, jest on pionierem ca\u0142ej linii no\u017cy sk\u0142adanych <strong>Microtech<\/strong> . Z biegiem lat wprowadzono liczne ulepszenia, dzi\u0119ki kt\u00f3rym Socom mo\u017cna lepiej dostosowa\u0107 do r\u00f3\u017cnych \u015brodowisk. Zar\u00f3wno Socomy automatyczne, jak i r\u0119czne maj\u0105 unikalny kszta\u0142t r\u0119koje\u015bci, kt\u00f3ry dopasowuje si\u0119 do d\u0142oni. Wiesz, \u017ce kupujesz najlepsze narz\u0119dzie na rynku, niezale\u017cnie od tego, kt\u00f3re jedyne w swoim rodzaju ostrze wybierzesz: ostrze typu Clip Point czy Tanto. Zintegrowany zbijak do szk\u0142a w podstawie r\u0119koje\u015bci i du\u017cy ko\u0142ek umo\u017cliwiaj\u0105cy \u0142atwe otwieranie w r\u0119kawicy, dodaj\u0105 mu imponuj\u0105cego wzrostu. Wytrzyma\u0142a niezawodno\u015b\u0107 Socom sprawia, \u017ce \u200b\u200bjest to pierwszy wyb\u00f3r dla spo\u0142eczno\u015bci zajmuj\u0105cych si\u0119 operacjami specjalnymi.        <\/p>\n<div class=\"clearfix\"><\/div>\n<\/div>\n<div class=\"specifications\">\n<div class=\"features\"><\/div>\n<div class=\"specs\">\n<p><strong>Dane techniczne<\/strong><\/p>\n<ul>\n<li>D\u0142ugo\u015b\u0107 ostrza: 4,05 cala<\/li>\n<li>Kraw\u0119d\u017a tn\u0105ca: 3,75 cala<\/li>\n<li>D\u0142ugo\u015b\u0107 zamkni\u0119ta: 5,06 cala<\/li>\n<li>D\u0142ugo\u015b\u0107 ca\u0142kowita: 9,11 cala<\/li>\n<li><strong>Nale\u017cy pami\u0119ta\u0107, \u017ce nie mo\u017cna okre\u015bli\u0107 stali ostrza, poniewa\u017c mo\u017ce ona ulec zmianie w zale\u017cno\u015bci od dost\u0119pno\u015bci (informacje od Microtech)<\/strong><\/li>\n<li>Styl ostrza: Tanto<\/li>\n<li>Szlif ostrza: p\u0142aski<\/li>\n<li>Wyko\u0144czenie ostrza: Stonewash<\/li>\n<li>Materia\u0142 r\u0119koje\u015bci: aluminium z teksturowanymi wstawkami<\/li>\n<li>Mechanizm blokuj\u0105cy: przycisk<\/li>\n<li>Kieszonkowy klips: stal nierdzewna (odchylany do do\u0142u, noszony po prawej stronie)<\/li>\n<li>Waga: 5,6 uncji<\/li>\n<li>Projektant: Tony Marfione<\/li>\n<li>Wyprodukowano w USA<\/li>\n<\/ul>\n<\/div>\n<\/div>\n","protected":false},"excerpt":{"rendered":"<p>Przez lata <strong>firma Microtech\u00ae Knives<\/strong> wype\u0142nia\u0142a no\u017ce pasj\u0105 i umiej\u0119tno\u015bciami, aby tworzy\u0107 niemal dzie\u0142a sztuki, kt\u00f3re s\u0105 szczytem funkcjonalno\u015bci. Wszystkie cz\u0119\u015bci wyprodukowano w USA.  <strong>Wszystkie no\u017ce Microtech obj\u0119te s\u0105 do\u017cywotni\u0105 gwarancj\u0105.<\/strong><\/p>\n","protected":false},"featured_media":177561,"comment_status":"open","ping_status":"closed","template":"","meta":[],"pwb-brand":[3279],"product_brand":[],"product_cat":[3296,3344],"product_tag":[],"class_list":{"0":"post-359670","1":"product","2":"type-product","3":"status-publish","4":"has-post-thumbnail","6":"pwb-brand-microtech-pl","7":"product_cat-noze-pl","8":"product_cat-noze-strzeleckie","10":"first","11":"outofstock","12":"taxable","13":"shipping-taxable","14":"purchasable","15":"product-type-simple"},"brands":[{"id":3279,"name":"Microtech","slug":"microtech-pl"}],"_links":{"self":[{"href":"https:\/\/www.moskito.cz\/pl\/wp-json\/wp\/v2\/product\/359670","targetHints":{"allow":["GET"]}}],"collection":[{"href":"https:\/\/www.moskito.cz\/pl\/wp-json\/wp\/v2\/product"}],"about":[{"href":"https:\/\/www.moskito.cz\/pl\/wp-json\/wp\/v2\/types\/product"}],"replies":[{"embeddable":true,"href":"https:\/\/www.moskito.cz\/pl\/wp-json\/wp\/v2\/comments?post=359670"}],"wp:featuredmedia":[{"embeddable":true,"href":"https:\/\/www.moskito.cz\/pl\/wp-json\/wp\/v2\/media\/177561"}],"wp:attachment":[{"href":"https:\/\/www.moskito.cz\/pl\/wp-json\/wp\/v2\/media?parent=359670"}],"wp:term":[{"taxonomy":"pwb-brand","embeddable":true,"href":"https:\/\/www.moskito.cz\/pl\/wp-json\/wp\/v2\/pwb-brand?post=359670"},{"taxonomy":"product_brand","embeddable":true,"href":"https:\/\/www.moskito.cz\/pl\/wp-json\/wp\/v2\/product_brand?post=359670"},{"taxonomy":"product_cat","embeddable":true,"href":"https:\/\/www.moskito.cz\/pl\/wp-json\/wp\/v2\/product_cat?post=359670"},{"taxonomy":"product_tag","embeddable":true,"href":"https:\/\/www.moskito.cz\/pl\/wp-json\/wp\/v2\/product_tag?post=359670"}],"curies":[{"name":"wp","href":"https:\/\/api.w.org\/{rel}","templated":true}]}}