{"id":359722,"date":"2022-10-07T20:17:18","date_gmt":"2024-09-17T18:48:48","guid":{"rendered":"https:\/\/www.moskito.cz\/produkt\/noz-strzelecki-microtech-utx-85-stonewashed-233-10-tq\/"},"modified":"2025-05-07T11:24:16","modified_gmt":"2025-05-07T10:24:16","slug":"noz-strzelecki-microtech-utx-85-stonewashed-233-10-tq","status":"publish","type":"product","link":"https:\/\/www.moskito.cz\/pl\/produkt\/noz-strzelecki-microtech-utx-85-stonewashed-233-10-tq\/","title":{"rendered":"N\u00f3\u017c strzelecki Microtech UTX-85 Stonewashed 233-10 TQ"},"content":{"rendered":"<p>N\u00f3\u017c strzelecki <strong>Microtech<\/strong> UTX-85 Stonewashed 233-10 TQ. N\u00f3\u017c UTX-85 wzorowany jest na Ultratechu, jednak jego rozmiar zosta\u0142 zmniejszony o 85%, dzi\u0119ki czemu jest idealnym rozmiarem do noszenia. R\u0119koje\u015b\u0107 jest wyprofilowana i tworzy chwyt dobrze dopasowuj\u0105cy si\u0119 do d\u0142oni. D\u0142ugo\u015b\u0107 ca\u0142kowita: 18,75 cm D\u0142ugo\u015b\u0107 ostrza: 7,81 cm Kraw\u0119d\u017a tn\u0105ca: 7,17 cm Grubo\u015b\u0107 ostrza: 0,32 cm Materia\u0142 ostrza: Bohler M390 Wstawki: P\u0142askie Rodzaj kraw\u0119dzi: g\u0142adka D\u0142ugo\u015b\u0107 r\u0119koje\u015bci: 10,92 cm Grubo\u015b\u0107 r\u0119koje\u015bci: 1,17 cm Materia\u0142 r\u0119koje\u015bci: aluminium Waga: 3 . 06 uncji U\u017cytkownik: Prawa kieszonka: Klips typu tip-down Typ no\u017ca: Dwustronnego automatycznego otwierania OTF: Suwak kciukowy Marka: Microtech Model: UTX-85 Kraj pochodzenia: USA Najlepsze zastosowanie: Taktyczne      &nbsp;<\/p>\n","protected":false},"excerpt":{"rendered":"<p>Przez lata <strong>firma Microtech\u00ae Knives<\/strong> wype\u0142nia\u0142a no\u017ce pasj\u0105 i umiej\u0119tno\u015bciami, aby tworzy\u0107 niemal dzie\u0142a sztuki, kt\u00f3re s\u0105 szczytem funkcjonalno\u015bci. Wszystkie cz\u0119\u015bci wyprodukowano w USA.  <strong>Wszystkie no\u017ce Microtech obj\u0119te s\u0105 do\u017cywotni\u0105 gwarancj\u0105.<\/strong><\/p>\n<p><strong>Bezp\u0142atny transport.<\/strong><\/p>\n","protected":false},"featured_media":379966,"comment_status":"open","ping_status":"closed","template":"","meta":[],"pwb-brand":[3279],"product_brand":[],"product_cat":[3296,3344],"product_tag":[3671],"class_list":{"0":"post-359722","1":"product","2":"type-product","3":"status-publish","4":"has-post-thumbnail","6":"pwb-brand-microtech-pl","7":"product_cat-noze-pl","8":"product_cat-noze-strzeleckie","9":"product_tag-b2b-pl","11":"first","12":"instock","13":"taxable","14":"shipping-taxable","15":"purchasable","16":"product-type-simple"},"brands":[{"id":3279,"name":"Microtech","slug":"microtech-pl"}],"_links":{"self":[{"href":"https:\/\/www.moskito.cz\/pl\/wp-json\/wp\/v2\/product\/359722","targetHints":{"allow":["GET"]}}],"collection":[{"href":"https:\/\/www.moskito.cz\/pl\/wp-json\/wp\/v2\/product"}],"about":[{"href":"https:\/\/www.moskito.cz\/pl\/wp-json\/wp\/v2\/types\/product"}],"replies":[{"embeddable":true,"href":"https:\/\/www.moskito.cz\/pl\/wp-json\/wp\/v2\/comments?post=359722"}],"wp:featuredmedia":[{"embeddable":true,"href":"https:\/\/www.moskito.cz\/pl\/wp-json\/wp\/v2\/media\/379966"}],"wp:attachment":[{"href":"https:\/\/www.moskito.cz\/pl\/wp-json\/wp\/v2\/media?parent=359722"}],"wp:term":[{"taxonomy":"pwb-brand","embeddable":true,"href":"https:\/\/www.moskito.cz\/pl\/wp-json\/wp\/v2\/pwb-brand?post=359722"},{"taxonomy":"product_brand","embeddable":true,"href":"https:\/\/www.moskito.cz\/pl\/wp-json\/wp\/v2\/product_brand?post=359722"},{"taxonomy":"product_cat","embeddable":true,"href":"https:\/\/www.moskito.cz\/pl\/wp-json\/wp\/v2\/product_cat?post=359722"},{"taxonomy":"product_tag","embeddable":true,"href":"https:\/\/www.moskito.cz\/pl\/wp-json\/wp\/v2\/product_tag?post=359722"}],"curies":[{"name":"wp","href":"https:\/\/api.w.org\/{rel}","templated":true}]}}