{"id":359745,"date":"2022-07-15T10:09:34","date_gmt":"2024-09-17T18:51:10","guid":{"rendered":"https:\/\/www.moskito.cz\/produkt\/noz-strzelecki-microtech-utx-85-turkusowy-233-4tq\/"},"modified":"2025-05-07T11:24:17","modified_gmt":"2025-05-07T10:24:17","slug":"noz-strzelecki-microtech-utx-85-turkusowy-233-4tq","status":"publish","type":"product","link":"https:\/\/www.moskito.cz\/pl\/produkt\/noz-strzelecki-microtech-utx-85-turkusowy-233-4tq\/","title":{"rendered":"N\u00f3\u017c strzelecki Microtech UTX-85 Turkusowy 233-4TQ"},"content":{"rendered":"<p>N\u00f3\u017c Strzelecki <strong>Microtech<\/strong> UTX-85 Turquoise 233-4TQ Firma Microtech zaktualizowa\u0142a i udoskonali\u0142a model UTX-85. Charakteryzuje si\u0119 ulepszon\u0105 ergonomi\u0105, zaokr\u0105glonymi powierzchniami uchwyt\u00f3w i rowkowanymi naszywkami po bokach, zapewniaj\u0105cymi doskona\u0142y chwyt. Przycisk spustowy zosta\u0142 przeprojektowany w celu zwi\u0119kszenia kontaktu z powierzchni\u0105 i skutecznego za\u0142\u0105czenia, a zbijak do szk\u0142a ma kulist\u0105 ko\u0144c\u00f3wk\u0119 osadzon\u0105 w tr\u00f3jk\u0105tnej podstawie, aby uwydatni\u0107 jego codzienne u\u017cytkowanie. UTX-85 bazuje na platformie Ultratech i jest zredukowany do 85% swojej d\u0142ugo\u015bci. UTX-85 to atrakcyjny wyb\u00f3r dla tych, kt\u00f3rzy wol\u0105 mniejszy n\u00f3\u017c EDC i doceniaj\u0105 wysok\u0105 wydajno\u015b\u0107 przedniej akcji firmy Microtech oraz wyj\u0105tkow\u0105 jako\u015b\u0107 wykonania. Model ten posiada r\u0119koje\u015b\u0107 z anodyzowanego aluminium 6061-T6 z logo Claw na przodzie. Pasuj\u0105cy klips kieszonkowy i ko\u0144c\u00f3wka do zbijania szk\u0142a. Ostrze zawiera informacje o modelu. Klips kieszonkowy posiada logo Microtech, numer seryjny i dat\u0119 produkcji. Jest zupe\u0142nie nowy w pude\u0142ku. D\u0142ugo\u015b\u0107 ca\u0142kowita: 18,75 cm D\u0142ugo\u015b\u0107 ostrza: 7,81 cm Kraw\u0119d\u017a tn\u0105ca: 7,17 cm Grubo\u015b\u0107 ostrza: 0,32 cm Materia\u0142 ostrza: Bohler M390 Wk\u0142adki: P\u0142askie D\u0142ugo\u015b\u0107 r\u0119koje\u015bci: 10,92 cm Grubo\u015b\u0107 r\u0119koje\u015bci: 1,17 cm Materia\u0142 r\u0119koje\u015bci: aluminium Waga: 3,06 uncji. U\u017cytkownik: Prawy klips kieszonkowy: Typ no\u017ca typu tip-down: Automatyczny otwieracz OTF podw\u00f3jnego dzia\u0142ania: Suwak kciukowy Marka: Microtech Model: UTX-85 Kraj pochodzenia: USA <\/p>\n","protected":false},"excerpt":{"rendered":"<div class=\"elementor-element elementor-element-bbb542b elementor-widget elementor-widget-woocommerce-product-short-description\" data-id=\"bbb542b\" data-element_type=\"widget\" data-widget_type=\"woocommerce-product-short-description.default\">\n<div class=\"elementor-widget-container\">\n<div class=\"woocommerce-product-details__short-description\">  Przez lata <strong>Microtech\u00ae Knives<\/strong> wype\u0142nia\u0142 no\u017ce pasj\u0105 i umiej\u0119tno\u015bciami, aby tworzy\u0107 niemal dzie\u0142a sztuki, kt\u00f3re s\u0105 szczytem funkcjonalno\u015bci. Wszystkie cz\u0119\u015bci s\u0105 produkowane w USA. <strong>Wszystkie no\u017ce Microtech obj\u0119te s\u0105 do\u017cywotni\u0105 gwarancj\u0105.<\/strong> <strong>Darmowa wysy\u0142ka.<\/strong><\/p>\n<\/div>\n<\/div>\n<\/div>\n","protected":false},"featured_media":386659,"comment_status":"open","ping_status":"closed","template":"","meta":[],"pwb-brand":[3279],"product_brand":[],"product_cat":[3296,3344],"product_tag":[3671],"class_list":{"0":"post-359745","1":"product","2":"type-product","3":"status-publish","4":"has-post-thumbnail","6":"pwb-brand-microtech-pl","7":"product_cat-noze-pl","8":"product_cat-noze-strzeleckie","9":"product_tag-b2b-pl","11":"first","12":"outofstock","13":"taxable","14":"shipping-taxable","15":"purchasable","16":"product-type-simple"},"brands":[{"id":3279,"name":"Microtech","slug":"microtech-pl"}],"_links":{"self":[{"href":"https:\/\/www.moskito.cz\/pl\/wp-json\/wp\/v2\/product\/359745","targetHints":{"allow":["GET"]}}],"collection":[{"href":"https:\/\/www.moskito.cz\/pl\/wp-json\/wp\/v2\/product"}],"about":[{"href":"https:\/\/www.moskito.cz\/pl\/wp-json\/wp\/v2\/types\/product"}],"replies":[{"embeddable":true,"href":"https:\/\/www.moskito.cz\/pl\/wp-json\/wp\/v2\/comments?post=359745"}],"wp:featuredmedia":[{"embeddable":true,"href":"https:\/\/www.moskito.cz\/pl\/wp-json\/wp\/v2\/media\/386659"}],"wp:attachment":[{"href":"https:\/\/www.moskito.cz\/pl\/wp-json\/wp\/v2\/media?parent=359745"}],"wp:term":[{"taxonomy":"pwb-brand","embeddable":true,"href":"https:\/\/www.moskito.cz\/pl\/wp-json\/wp\/v2\/pwb-brand?post=359745"},{"taxonomy":"product_brand","embeddable":true,"href":"https:\/\/www.moskito.cz\/pl\/wp-json\/wp\/v2\/product_brand?post=359745"},{"taxonomy":"product_cat","embeddable":true,"href":"https:\/\/www.moskito.cz\/pl\/wp-json\/wp\/v2\/product_cat?post=359745"},{"taxonomy":"product_tag","embeddable":true,"href":"https:\/\/www.moskito.cz\/pl\/wp-json\/wp\/v2\/product_tag?post=359745"}],"curies":[{"name":"wp","href":"https:\/\/api.w.org\/{rel}","templated":true}]}}