{"id":359785,"date":"2022-12-15T22:08:26","date_gmt":"2024-09-20T12:32:26","guid":{"rendered":"https:\/\/www.moskito.cz\/produkt\/noz-strzelecki-cobratec-large-fs-3-army-digi-camo\/"},"modified":"2025-05-07T11:24:18","modified_gmt":"2025-05-07T10:24:18","slug":"noz-strzelecki-cobratec-large-fs-3-army-digi-camo","status":"publish","type":"product","link":"https:\/\/www.moskito.cz\/pl\/produkt\/noz-strzelecki-cobratec-large-fs-3-army-digi-camo\/","title":{"rendered":"N\u00f3\u017c strzelecki CobraTec LARGE FS-3 ARMY DIGI CAMO"},"content":{"rendered":"<p>N\u00f3\u017c strzelecki <strong>CobraTec<\/strong> LARGE FS-3 ARMY DIGI CAMO. Nasz du\u017cy FS-3 Army Digi Camo zaczyna si\u0119 od wysokiej jako\u015bci r\u0119koje\u015bci ze stopu aluminium i ma wysokiej jako\u015bci ostrze ze stali D2. Wszystkie no\u017ce s\u0105 dwustronnego dzia\u0142ania (wysuwanie i chowanie ostrza sterowane jest poprzez naci\u015bni\u0119cie lub poci\u0105gni\u0119cie tego samego prze\u0142\u0105cznika steruj\u0105cego). N\u00f3\u017c jest obur\u0119czny, poniewa\u017c klips kieszeniowy mo\u017cna prze\u0142o\u017cy\u0107 na dowoln\u0105 stron\u0119, dzi\u0119ki czemu mo\u017cna go u\u017cywa\u0107 zar\u00f3wno po prawej, jak i po lewej stronie. N\u00f3\u017c posiada klips do kieszeni, awaryjny zbijak do szyb i nylonow\u0105 pochw\u0119. Wszystkie no\u017ce CobraTec obj\u0119te s\u0105 DO\u017bYWOTNI\u0104 GWARANCJ\u0104. Marka: CobraTec D\u0142ugo\u015b\u0107 ca\u0142kowita: 22,90 cm D\u0142ugo\u015b\u0107 ostrza: 8,90 cm Waga: 226,00 g Materia\u0142 ostrza: D2 Materia\u0142 r\u0119koje\u015bci: aluminium Otwieracz: Przycisk Otwieranie: Automatyczny Typ zamka: OTF Kolor: Camo Kolor ostrza: Niepowlekany        &nbsp;<\/p>\n","protected":false},"excerpt":{"rendered":"<p>Ka\u017cdy n\u00f3\u017c <strong>CobraTec\u00ae<\/strong> obj\u0119ty jest do\u017cywotni\u0105 gwarancj\u0105. <strong>Darmowa wysy\u0142ka.<\/strong><\/p>\n","protected":false},"featured_media":359792,"comment_status":"open","ping_status":"closed","template":"","meta":[],"pwb-brand":[3940],"product_brand":[],"product_cat":[3296,3344],"product_tag":[],"class_list":{"0":"post-359785","1":"product","2":"type-product","3":"status-publish","4":"has-post-thumbnail","6":"pwb-brand-cobratec-pl","7":"product_cat-noze-pl","8":"product_cat-noze-strzeleckie","10":"first","11":"outofstock","12":"taxable","13":"shipping-taxable","14":"purchasable","15":"product-type-simple"},"brands":[{"id":3940,"name":"CobraTec","slug":"cobratec-pl"}],"_links":{"self":[{"href":"https:\/\/www.moskito.cz\/pl\/wp-json\/wp\/v2\/product\/359785","targetHints":{"allow":["GET"]}}],"collection":[{"href":"https:\/\/www.moskito.cz\/pl\/wp-json\/wp\/v2\/product"}],"about":[{"href":"https:\/\/www.moskito.cz\/pl\/wp-json\/wp\/v2\/types\/product"}],"replies":[{"embeddable":true,"href":"https:\/\/www.moskito.cz\/pl\/wp-json\/wp\/v2\/comments?post=359785"}],"wp:featuredmedia":[{"embeddable":true,"href":"https:\/\/www.moskito.cz\/pl\/wp-json\/wp\/v2\/media\/359792"}],"wp:attachment":[{"href":"https:\/\/www.moskito.cz\/pl\/wp-json\/wp\/v2\/media?parent=359785"}],"wp:term":[{"taxonomy":"pwb-brand","embeddable":true,"href":"https:\/\/www.moskito.cz\/pl\/wp-json\/wp\/v2\/pwb-brand?post=359785"},{"taxonomy":"product_brand","embeddable":true,"href":"https:\/\/www.moskito.cz\/pl\/wp-json\/wp\/v2\/product_brand?post=359785"},{"taxonomy":"product_cat","embeddable":true,"href":"https:\/\/www.moskito.cz\/pl\/wp-json\/wp\/v2\/product_cat?post=359785"},{"taxonomy":"product_tag","embeddable":true,"href":"https:\/\/www.moskito.cz\/pl\/wp-json\/wp\/v2\/product_tag?post=359785"}],"curies":[{"name":"wp","href":"https:\/\/api.w.org\/{rel}","templated":true}]}}