{"id":359855,"date":"2023-07-05T09:31:35","date_gmt":"2023-07-05T08:31:35","guid":{"rendered":"https:\/\/www.moskito.cz\/produkt\/lekki-noz-skladany-spyderco-manix-2-c101pdbl2\/"},"modified":"2025-05-07T11:24:18","modified_gmt":"2025-05-07T10:24:18","slug":"lekki-noz-skladany-spyderco-manix-2-c101pdbl2","status":"publish","type":"product","link":"https:\/\/www.moskito.cz\/pl\/produkt\/lekki-noz-skladany-spyderco-manix-2-c101pdbl2\/","title":{"rendered":"Lekki n\u00f3\u017c sk\u0142adany Spyderco Manix 2 C101PDBL2"},"content":{"rendered":"<p>N\u00f3\u017c sk\u0142adany <strong>Spyderco<\/strong> Manix 2 Lightweight C101PDBL2 <strong>Manix<\/strong> 2 Lightweight CPM S110V \u0142\u0105czy w sobie ultralekk\u0105 konstrukcj\u0119 naszego wielokrotnie nagradzanego Manix 2 Lightweight z ostrzem szlifowanym z najwy\u017cszej jako\u015bci Crucible\u00ae CPM S110V. Ta najnowocze\u015bniejsza stal wytwarzana metod\u0105 metalurgii proszk\u00f3w zawiera wysoki poziom wanadu i niobu \u2013 stop\u00f3w, kt\u00f3re zapewniaj\u0105 jej wyj\u0105tkow\u0105 odporno\u015b\u0107 na zu\u017cycie i wi\u0119ksz\u0105 odporno\u015b\u0107 na korozj\u0119 ni\u017c wiele innych stali nierdzewnych. Ca\u0142kowicie p\u0142askie ostrze w kszta\u0142cie li\u015bcia zapewnia doskona\u0142e po\u0142\u0105czenie wytrzyma\u0142o\u015bci, wydajno\u015bci ci\u0119cia przy niskim tarciu i precyzyjnej u\u017cyteczno\u015bci. Posiada r\u00f3wnie\u017c palec wskazuj\u0105cy i strategicznie rozmieszczone jimpingi (teksturowanie), kt\u00f3re poprawiaj\u0105 kontrol\u0119 podczas u\u017cytkowania, oraz Trademark Round Hole\u2122 firmy Spyderco do szybkiego otwierania jedn\u0105 r\u0119k\u0105, obur\u0119czn\u0105. R\u0119koje\u015b\u0107 tego no\u017ca jest formowana wtryskowo z wytrzyma\u0142ego nylonu wzmocnionego w\u0142\u00f3knem szklanym (FRN) i posiada charakterystyczny dla Spyderco wz\u00f3r Bi-Directional Texturing\u2122 zapewniaj\u0105cy pewny chwyt w ka\u017cdych warunkach \u015brodowiskowych.     Dwustronny druciany klips pozwala na wygodne noszenie przez lew\u0105 lub praw\u0105 r\u0119k\u0119, a du\u017cy otw\u00f3r na smycz pozwala na \u0142atwe mocowanie zawieszek i smyczy. Po\u0142\u0105czenie ostrza z r\u0119koje\u015bci\u0105 zapewnia opatentowany przez firm\u0119 Spyderco mechanizm Ball Bearing Lock. Ten zamek o du\u017cej wytrzyma\u0142o\u015bci sk\u0142ada si\u0119 z \u0142o\u017cyska kulkowego osadzonego w trwa\u0142ej polimerowej \u201eklatce\u201d. Kiedy ostrze si\u0119 otwiera, spr\u0119\u017cynuj\u0105cy stalowy t\u0142ok przesuwa \u0142o\u017cysko kulkowe do przodu, aby zaklinowa\u0107 si\u0119 pomi\u0119dzy ramp\u0105 na ostrzu a \u201ekowad\u0142em\u201d w stalowej wk\u0142adce r\u0119koje\u015bci.  Odci\u0105gni\u0119cie \u0142o\u017cyska kulkowego w koszyku do ty\u0142u zwalnia blokad\u0119, a ostrze zamyka si\u0119 p\u0142ynnie, trzymaj\u0105c palce w bezpiecznej odleg\u0142o\u015bci od ostrej kraw\u0119dzi. G\u0142adka, mocna i \u0142atwa w obs\u0142udze blokada \u0142o\u017cyska kulkowego jest r\u00f3wnie\u017c w pe\u0142ni odwracalna. <strong>Manix<\/strong> 2 CPM S110V Lightweight to wyj\u0105tkowo zaawansowany n\u00f3\u017c sk\u0142adany, kt\u00f3ry \u0142\u0105czy w sobie lekko\u015b\u0107, trwa\u0142o\u015b\u0107, wytrzyma\u0142o\u015b\u0107 i wysok\u0105 wydajno\u015b\u0107 ci\u0119cia w jednym dynamicznym pakiecie. Dane techniczne D\u0142ugo\u015b\u0107 ostrza: 8,6 cm Kraw\u0119d\u017a tn\u0105ca: 7,3 cm D\u0142ugo\u015b\u0107 ca\u0142kowita: 20,4 cm D\u0142ugo\u015b\u0107 w stanie zamkni\u0119tym: 11,8 cm Grubo\u015b\u0107 ostrza: 0,32 cm Stal ostrza: Stal nierdzewna CPM S110V Waga: 2,9 uncji. (82g)   Wykonane w USA  &nbsp;<\/p>\n<p>&nbsp;<\/p>\n","protected":false},"excerpt":{"rendered":"<p><strong>Manix 2 Lightweight CPM S110V \u0142\u0105czy w sobie ultralekk\u0105 konstrukcj\u0119 naszego wielokrotnie nagradzanego Manix 2 Lightweight z ostrzem szlifowanym z najwy\u017cszej jako\u015bci Crucible\u00ae CPM S110V.<\/strong><\/p>\n","protected":false},"featured_media":359856,"comment_status":"open","ping_status":"closed","template":"","meta":[],"pwb-brand":[3432],"product_brand":[],"product_cat":[3307,3296],"product_tag":[3671],"class_list":{"0":"post-359855","1":"product","2":"type-product","3":"status-publish","4":"has-post-thumbnail","6":"pwb-brand-spyderco-pl","7":"product_cat-zamykanie-nozy","8":"product_cat-noze-pl","9":"product_tag-b2b-pl","11":"first","12":"instock","13":"taxable","14":"shipping-taxable","15":"purchasable","16":"product-type-simple"},"brands":[{"id":3432,"name":"Spyderco","slug":"spyderco-pl"}],"_links":{"self":[{"href":"https:\/\/www.moskito.cz\/pl\/wp-json\/wp\/v2\/product\/359855","targetHints":{"allow":["GET"]}}],"collection":[{"href":"https:\/\/www.moskito.cz\/pl\/wp-json\/wp\/v2\/product"}],"about":[{"href":"https:\/\/www.moskito.cz\/pl\/wp-json\/wp\/v2\/types\/product"}],"replies":[{"embeddable":true,"href":"https:\/\/www.moskito.cz\/pl\/wp-json\/wp\/v2\/comments?post=359855"}],"wp:featuredmedia":[{"embeddable":true,"href":"https:\/\/www.moskito.cz\/pl\/wp-json\/wp\/v2\/media\/359856"}],"wp:attachment":[{"href":"https:\/\/www.moskito.cz\/pl\/wp-json\/wp\/v2\/media?parent=359855"}],"wp:term":[{"taxonomy":"pwb-brand","embeddable":true,"href":"https:\/\/www.moskito.cz\/pl\/wp-json\/wp\/v2\/pwb-brand?post=359855"},{"taxonomy":"product_brand","embeddable":true,"href":"https:\/\/www.moskito.cz\/pl\/wp-json\/wp\/v2\/product_brand?post=359855"},{"taxonomy":"product_cat","embeddable":true,"href":"https:\/\/www.moskito.cz\/pl\/wp-json\/wp\/v2\/product_cat?post=359855"},{"taxonomy":"product_tag","embeddable":true,"href":"https:\/\/www.moskito.cz\/pl\/wp-json\/wp\/v2\/product_tag?post=359855"}],"curies":[{"name":"wp","href":"https:\/\/api.w.org\/{rel}","templated":true}]}}