{"id":360005,"date":"2024-09-26T12:55:05","date_gmt":"2024-09-26T11:55:05","guid":{"rendered":"https:\/\/www.moskito.cz\/produkt\/nuz-cutweazle\/"},"modified":"2025-05-07T11:24:22","modified_gmt":"2025-05-07T10:24:22","slug":"nuz-cutweazle","status":"publish","type":"product","link":"https:\/\/www.moskito.cz\/pl\/produkt\/nuz-cutweazle\/","title":{"rendered":"N\u016f\u017e Cutweazle"},"content":{"rendered":"<ul>\n<li>celkov\u00e1 d\u00e9lka: 12,4 cm<\/li>\n<li>d\u00e9lka \u010depele: 3,0 cm<\/li>\n<li>hmotnost: 39 g<\/li>\n<li>materi\u00e1l \u010depele: nerezov\u00e1 ocel<\/li>\n<li>materi\u00e1l rukojeti: G10<\/li>\n<li>design\u00e9r: Ben Logan<\/li>\n<li>pojistka: slidelock<\/li>\n<li>s klipem<\/li>\n<\/ul>\n","protected":false},"excerpt":{"rendered":"<p>Uvoln\u011bte m\u00edsto pro kouzeln\u00fd n\u016f\u017e B\u00f6ker Plus Cutweazle! Kapesn\u00ed n\u016f\u017e z pera Bena Logana v\u00e1s d\u00edky sv\u00e9mu \u0161t\u00edhl\u00e9mu designu a intuitivn\u00edmu konceptu ovl\u00e1d\u00e1n\u00ed vezme na cestu \u010dasem do nad\u010dasovosti. Recept na vym\u011bnitelnou lichob\u011b\u017en\u00edkovou \u010depel z nerezov\u00e9 oceli a intuitivn\u00ed ovl\u00e1d\u00e1n\u00ed jako u no\u017ee na koberce d\u011bl\u00e1 z Cutweazle ide\u00e1ln\u00edho spole\u010dn\u00edka pro ka\u017edodenn\u00ed pou\u017eit\u00ed. Od nyn\u011bj\u0161ka u\u017e n\u00e1ro\u010dn\u00e9 a\u017e precizn\u00ed \u0159ezac\u00ed pr\u00e1ce nejsou s no\u017eem Cutweweeze \u017e\u00e1dn\u00e9 \u010d\u00e1ry m\u00e1ry. Tla\u010d\u00edtko na posuvn\u00e9 pojistce umo\u017e\u0148uje ru\u010dn\u011b postupn\u011b nebo jedn\u00edm pohybem vysunout \u010depel dop\u0159edu a zablokovat ji v p\u0159edem ur\u010den\u00fdch poloh\u00e1ch, zat\u00edmco p\u0159i op\u011btovn\u00e9m zasunut\u00ed posuvn\u00fdm pohybem t\u00e9m\u011b\u0159 z\u00e1zra\u010dn\u011b zmiz\u00ed zp\u011bt v rukojeti z nerezov\u00e9 oceli se st\u0159enkami&nbsp;z G10. Dod\u00e1v\u00e1 se s \u0161irok\u00fdm klipem, vym\u011bnitelnou \u010depel\u00ed a dotekem magie.<\/p>\n","protected":false},"featured_media":360006,"comment_status":"closed","ping_status":"closed","template":"","meta":[],"pwb-brand":[140],"product_brand":[],"product_cat":[17,22],"product_tag":[],"class_list":{"0":"post-360005","1":"product","2":"type-product","3":"status-publish","4":"has-post-thumbnail","6":"pwb-brand-boker","7":"product_cat-noze","8":"product_cat-zaviraci-noze","10":"first","11":"outofstock","12":"taxable","13":"shipping-taxable","14":"purchasable","15":"product-type-simple"},"brands":[{"id":140,"name":"Boker","slug":"boker"}],"_links":{"self":[{"href":"https:\/\/www.moskito.cz\/pl\/wp-json\/wp\/v2\/product\/360005","targetHints":{"allow":["GET"]}}],"collection":[{"href":"https:\/\/www.moskito.cz\/pl\/wp-json\/wp\/v2\/product"}],"about":[{"href":"https:\/\/www.moskito.cz\/pl\/wp-json\/wp\/v2\/types\/product"}],"replies":[{"embeddable":true,"href":"https:\/\/www.moskito.cz\/pl\/wp-json\/wp\/v2\/comments?post=360005"}],"wp:featuredmedia":[{"embeddable":true,"href":"https:\/\/www.moskito.cz\/pl\/wp-json\/wp\/v2\/media\/360006"}],"wp:attachment":[{"href":"https:\/\/www.moskito.cz\/pl\/wp-json\/wp\/v2\/media?parent=360005"}],"wp:term":[{"taxonomy":"pwb-brand","embeddable":true,"href":"https:\/\/www.moskito.cz\/pl\/wp-json\/wp\/v2\/pwb-brand?post=360005"},{"taxonomy":"product_brand","embeddable":true,"href":"https:\/\/www.moskito.cz\/pl\/wp-json\/wp\/v2\/product_brand?post=360005"},{"taxonomy":"product_cat","embeddable":true,"href":"https:\/\/www.moskito.cz\/pl\/wp-json\/wp\/v2\/product_cat?post=360005"},{"taxonomy":"product_tag","embeddable":true,"href":"https:\/\/www.moskito.cz\/pl\/wp-json\/wp\/v2\/product_tag?post=360005"}],"curies":[{"name":"wp","href":"https:\/\/api.w.org\/{rel}","templated":true}]}}