{"id":360016,"date":"2024-09-26T12:55:05","date_gmt":"2024-09-26T11:55:05","guid":{"rendered":"https:\/\/www.moskito.cz\/produkt\/nuz-boker-plus-superlight-tanto\/"},"modified":"2025-05-07T11:24:22","modified_gmt":"2025-05-07T10:24:22","slug":"nuz-boker-plus-superlight-tanto","status":"publish","type":"product","link":"https:\/\/www.moskito.cz\/pl\/produkt\/nuz-boker-plus-superlight-tanto\/","title":{"rendered":"Pevn\u00fd N\u016f\u017e B\u00f6ker Plus Superlight Tanto 02BO099"},"content":{"rendered":"<p>Pevn\u00fd N\u016f\u017e <strong>B\u00f6ker Plus<\/strong> Superlight Tanto 02BO099.<\/p>\n<p>Super pevn\u00fd, super jasn\u00fd, super lehk\u00fd! Na p\u0159\u00edkaz seversk\u00fdch boh\u016f vytvo\u0159il Dirk Hofmeister z Midgards Messer s B\u00f6ker Plus Superlight Tanto siln\u00e9 mistrovsk\u00e9 d\u00edlo s rozs\u00e1hlou lehkost\u00ed a vzru\u0161uj\u00edc\u00edm v\u00fdkonem. Pevn\u00fd n\u016f\u017e, vytvo\u0159en\u00fd ve vysoce pevn\u00e9 celoocelov\u00e9 konstrukci, rozv\u00edj\u00ed \u010dist\u00e9 emoce p\u0159i ka\u017ed\u00e9m \u0159ezu. Pevn\u00e1 \u010depel Tanto z oceli D2, kter\u00e1 dr\u017e\u00ed ost\u0159\u00ed, s mytick\u00fdm povrchem Stonewash hrav\u011b zvl\u00e1d\u00e1 balancov\u00e1n\u00ed mezi p\u0159esnost\u00ed a nam\u00e1h\u00e1n\u00edm v \u0161irok\u00e9m spektru od EDC po outdoor. Asymetrick\u00e9 otvory v rukojeti no\u017ee sni\u017euj\u00edc\u00ed hmotnost p\u0159in\u00e1\u0161ej\u00ed harmonii pocitu a vzhledu, zat\u00edmco typick\u00e1 tlou\u0161\u0165ka \u010depele a protiskluzov\u00e9 dr\u00e1\u017eky na kritick\u00fdch m\u00edstech nab\u00edzej\u00ed v\u00fdjime\u010dnou p\u0159ilnavost a vysokou \u00farove\u0148 bezpe\u010dnosti pr\u00e1ce a z\u00e1rove\u0148 zv\u00fd\u0161it rozpozn\u00e1vac\u00ed hodnotu Midgard\u016f na prvn\u00ed pohled. Vrchol v centru pozornosti &#8211; B\u00f6ker Plus Superlight Tanto! Se smy\u010dkou na \u0161\u0148\u016frku pro p\u0159ipevn\u011bn\u00ed \u0161\u0148\u016frek, kydexov\u00fdm pouzdrem na m\u00edru a sponou na opasek.<\/p>\n<p>Zna\u010dka: Boker Plus<br \/>\nCelkov\u00e1 d\u00e9lka: 16,90 cm<br \/>\nD\u00e9lka \u010depele: 7,30 cm<br \/>\nTlou\u0161\u0165ka \u010depele: 5,70 mm<br \/>\nHmotnost: 99,00 g<br \/>\nN\u00e1vrh\u00e1\u0159: Midgard\u016fv n\u016f\u017e<br \/>\nMateri\u00e1l \u010depele: D2<br \/>\nMateri\u00e1l rukojeti: D2<br \/>\n\u010c\u00edslo polo\u017eky: 02BO099<\/p>\n","protected":false},"excerpt":{"rendered":"<p><strong>Super odoln\u00fd, super jasn\u00fd, super lehk\u00fd! Na p\u0159\u00edkaz seversk\u00fdch boh\u016f vytvo\u0159il Dirk Hofmeister ze spole\u010dnosti Midgards Messer v\u00fdkonn\u00e9 mistrovsk\u00e9 d\u00edlo s rozs\u00e1hlou lehkost\u00ed a vzru\u0161uj\u00edc\u00edm v\u00fdkonem v podob\u011b no\u017ee B\u00f6ker Plus Superlight Tanto.<\/strong><\/p>\n","protected":false},"featured_media":368262,"comment_status":"closed","ping_status":"closed","template":"","meta":[],"pwb-brand":[140],"product_brand":[],"product_cat":[23,17],"product_tag":[],"class_list":{"0":"post-360016","1":"product","2":"type-product","3":"status-publish","4":"has-post-thumbnail","6":"pwb-brand-boker","7":"product_cat-pevne-noze","8":"product_cat-noze","10":"first","11":"outofstock","12":"taxable","13":"shipping-taxable","14":"purchasable","15":"product-type-simple"},"brands":[{"id":140,"name":"Boker","slug":"boker"}],"_links":{"self":[{"href":"https:\/\/www.moskito.cz\/pl\/wp-json\/wp\/v2\/product\/360016","targetHints":{"allow":["GET"]}}],"collection":[{"href":"https:\/\/www.moskito.cz\/pl\/wp-json\/wp\/v2\/product"}],"about":[{"href":"https:\/\/www.moskito.cz\/pl\/wp-json\/wp\/v2\/types\/product"}],"replies":[{"embeddable":true,"href":"https:\/\/www.moskito.cz\/pl\/wp-json\/wp\/v2\/comments?post=360016"}],"wp:featuredmedia":[{"embeddable":true,"href":"https:\/\/www.moskito.cz\/pl\/wp-json\/wp\/v2\/media\/368262"}],"wp:attachment":[{"href":"https:\/\/www.moskito.cz\/pl\/wp-json\/wp\/v2\/media?parent=360016"}],"wp:term":[{"taxonomy":"pwb-brand","embeddable":true,"href":"https:\/\/www.moskito.cz\/pl\/wp-json\/wp\/v2\/pwb-brand?post=360016"},{"taxonomy":"product_brand","embeddable":true,"href":"https:\/\/www.moskito.cz\/pl\/wp-json\/wp\/v2\/product_brand?post=360016"},{"taxonomy":"product_cat","embeddable":true,"href":"https:\/\/www.moskito.cz\/pl\/wp-json\/wp\/v2\/product_cat?post=360016"},{"taxonomy":"product_tag","embeddable":true,"href":"https:\/\/www.moskito.cz\/pl\/wp-json\/wp\/v2\/product_tag?post=360016"}],"curies":[{"name":"wp","href":"https:\/\/api.w.org\/{rel}","templated":true}]}}