{"id":360022,"date":"2024-09-26T12:55:05","date_gmt":"2024-09-26T11:55:05","guid":{"rendered":"https:\/\/www.moskito.cz\/produkt\/nuz-boker-plus-w1\/"},"modified":"2025-05-07T11:24:22","modified_gmt":"2025-05-07T10:24:22","slug":"nuz-boker-plus-w1","status":"publish","type":"product","link":"https:\/\/www.moskito.cz\/pl\/produkt\/nuz-boker-plus-w1\/","title":{"rendered":"N\u016f\u017e B\u00f6ker Plus W1"},"content":{"rendered":"<ul>\n<li>celkov\u00e1 d\u00e9lka: 19,8 cm<\/li>\n<li>d\u00e9lka \u010depele: 9,5 cm<\/li>\n<li>hmotnost: 223 g<\/li>\n<li>materi\u00e1l \u010depele: VG-10<\/li>\n<li>materi\u00e1l rukojeti: G10<\/li>\n<li>s otvorem na \u0161\u0148\u016frku<\/li>\n<li>dod\u00e1v\u00e1n v kydexov\u00e9m pouzd\u0159e s klipem<\/li>\n<\/ul>\n","protected":false},"excerpt":{"rendered":"<p>Taktick\u00fd tvar &#8211; design\u00e9r no\u017e\u016f Bokii Nazar v\u00ed, co je u taktick\u00e9ho no\u017ee d\u016fle\u017eit\u00e9: absolutn\u00ed spolehlivost, nekompromisn\u00ed robustnost, intuitivn\u00ed reakce a vysoce kvalitn\u00ed materi\u00e1ly. V\u00fdkon: dynamick\u00fd. Vzhled: exkluzivn\u00ed. N\u00e1zev: B\u00f6ker Plus W1. N\u016f\u017e s pevnou \u010depel\u00ed, pln\u00fdm tangem a oboustrannou \u010depel\u00ed ve tvaru listu z materi\u00e1lu VG10 si obl\u00edb\u00ed v\u0161ichni, kdo vy\u017eaduj\u00ed ka\u017edodenn\u00ed, outdoorov\u00e9 a taktick\u00e9 pou\u017eit\u00ed. \u0160roubovac\u00ed st\u0159enky rukojeti z tvarovan\u00e9ho materi\u00e1lu G10 zaji\u0161\u0165uj\u00ed pevn\u00fd \u00fachop a jejich \u010dern\u00e9 barevn\u00e9 pojet\u00ed kop\u00edruje strohou stonewash \u00fapravu \u010depele. Otvor pro p\u0159ipevn\u011bn\u00ed \u0161\u0148\u016frky a p\u0159il\u00e9hav\u00e9 kydexov\u00e9 pouzdro s odpov\u00eddaj\u00edc\u00edm klipem poskytuj\u00ed dal\u0161\u00ed mo\u017enosti no\u0161en\u00ed. Jedin\u011b W1!<\/p>\n","protected":false},"featured_media":360023,"comment_status":"closed","ping_status":"closed","template":"","meta":[],"pwb-brand":[140],"product_brand":[],"product_cat":[17,23],"product_tag":[],"class_list":{"0":"post-360022","1":"product","2":"type-product","3":"status-publish","4":"has-post-thumbnail","6":"pwb-brand-boker","7":"product_cat-noze","8":"product_cat-pevne-noze","10":"first","11":"outofstock","12":"taxable","13":"shipping-taxable","14":"purchasable","15":"product-type-simple"},"brands":[{"id":140,"name":"Boker","slug":"boker"}],"_links":{"self":[{"href":"https:\/\/www.moskito.cz\/pl\/wp-json\/wp\/v2\/product\/360022","targetHints":{"allow":["GET"]}}],"collection":[{"href":"https:\/\/www.moskito.cz\/pl\/wp-json\/wp\/v2\/product"}],"about":[{"href":"https:\/\/www.moskito.cz\/pl\/wp-json\/wp\/v2\/types\/product"}],"replies":[{"embeddable":true,"href":"https:\/\/www.moskito.cz\/pl\/wp-json\/wp\/v2\/comments?post=360022"}],"wp:featuredmedia":[{"embeddable":true,"href":"https:\/\/www.moskito.cz\/pl\/wp-json\/wp\/v2\/media\/360023"}],"wp:attachment":[{"href":"https:\/\/www.moskito.cz\/pl\/wp-json\/wp\/v2\/media?parent=360022"}],"wp:term":[{"taxonomy":"pwb-brand","embeddable":true,"href":"https:\/\/www.moskito.cz\/pl\/wp-json\/wp\/v2\/pwb-brand?post=360022"},{"taxonomy":"product_brand","embeddable":true,"href":"https:\/\/www.moskito.cz\/pl\/wp-json\/wp\/v2\/product_brand?post=360022"},{"taxonomy":"product_cat","embeddable":true,"href":"https:\/\/www.moskito.cz\/pl\/wp-json\/wp\/v2\/product_cat?post=360022"},{"taxonomy":"product_tag","embeddable":true,"href":"https:\/\/www.moskito.cz\/pl\/wp-json\/wp\/v2\/product_tag?post=360022"}],"curies":[{"name":"wp","href":"https:\/\/api.w.org\/{rel}","templated":true}]}}