{"id":360041,"date":"2024-09-26T12:55:27","date_gmt":"2024-09-26T11:55:27","guid":{"rendered":"https:\/\/www.moskito.cz\/produkt\/boker-plus-balisong-g10-large\/"},"modified":"2025-09-02T09:50:09","modified_gmt":"2025-09-02T08:50:09","slug":"boker-plus-balisong-g10-large","status":"publish","type":"product","link":"https:\/\/www.moskito.cz\/pl\/produkt\/boker-plus-balisong-g10-large\/","title":{"rendered":"Zav\u00edrac\u00ed N\u016f\u017e Mot\u00fdlek B\u00f6ker Plus Balisong G10 Large 06EX012"},"content":{"rendered":"<p>Zav\u00edrac\u00ed N\u016f\u017e Mot\u00fdlek <strong>B\u00f6ker Plus<\/strong> Balisong G10 Large 06EX012.<\/p>\n<p>Modern\u00ed realizace tradi\u010dn\u00edho konceptu. D\u00edky hightech materi\u00e1l\u016fm je tento n\u016f\u017e modern\u00edm n\u00e1strojem pro v\u0161echny situace v \u017eivot\u011b. Nerezov\u00e1 rukoje\u0165 se stupnic\u00ed G10 sni\u017euje hmotnost a usnad\u0148uje tak manipulaci s no\u017eem. Upraven\u00e1 \u010depel o\u0161t\u011bpov\u00e9ho hrotu je dut\u011b brou\u0161en\u00e1 a nab\u00edz\u00ed vynikaj\u00edc\u00ed \u0159ezn\u00e9 vlastnosti. D\u00edky nerezov\u00e9 oceli 9Cr13CoMoV z\u016fst\u00e1v\u00e1 n\u016f\u017e extr\u00e9mn\u011b ostr\u00fd a odoln\u00fd proti korozi. P\u0159ilo\u017een\u00fd kapesn\u00ed klip je stejn\u011b vyroben z nerezov\u00e9 oceli. Tento n\u016f\u017e je lehk\u00fd a v\u00edce\u00fa\u010delov\u00fd spole\u010dn\u00edk se \u0161irokou \u0161k\u00e1lou aplikac\u00ed v ka\u017edodenn\u00edm \u017eivot\u011b.<\/p>\n<p>Typ: Kapesn\u00ed n\u016f\u017e<br \/>\nCelkov\u00e1 d\u00e9lka: 23,00 cm<br \/>\nD\u00e9lka \u010depele: 10,20 cm<br \/>\nTlou\u0161\u0165ka \u010depele: 2,80 mm<br \/>\nHmotnost: 138,00 g<br \/>\nMateri\u00e1l \u010depele: 9Cr13CoMoV<br \/>\nMateri\u00e1l rukojeti: G10, Nerezov\u00e1 ocel<br \/>\nOtev\u00edrac\u00ed: Manu\u00e1l<br \/>\nBarva: \u010cern\u00fd<br \/>\n\u010c\u00edslo polo\u017eky: 06EX012<\/p>\n<p>&nbsp;<\/p>\n<p>&nbsp;<\/p>\n<p>&nbsp;<\/p>\n","protected":false},"excerpt":{"rendered":"<p><strong>Modern\u00ed realizace tradi\u010dn\u00edho konceptu. D\u00edky \u0161pi\u010dkov\u00fdm materi\u00e1l\u016fm je tento n\u016f\u017e modern\u00edm n\u00e1strojem pro v\u0161echny \u017eivotn\u00ed situace.<\/strong><\/p>\n","protected":false},"featured_media":364372,"comment_status":"closed","ping_status":"closed","template":"","meta":[],"pwb-brand":[140],"product_brand":[],"product_cat":[2030,17],"product_tag":[],"class_list":{"0":"post-360041","1":"product","2":"type-product","3":"status-publish","4":"has-post-thumbnail","6":"pwb-brand-boker","7":"product_cat-motylky","8":"product_cat-noze","10":"first","11":"outofstock","12":"taxable","13":"shipping-taxable","14":"purchasable","15":"product-type-simple"},"brands":[{"id":140,"name":"Boker","slug":"boker"}],"_links":{"self":[{"href":"https:\/\/www.moskito.cz\/pl\/wp-json\/wp\/v2\/product\/360041","targetHints":{"allow":["GET"]}}],"collection":[{"href":"https:\/\/www.moskito.cz\/pl\/wp-json\/wp\/v2\/product"}],"about":[{"href":"https:\/\/www.moskito.cz\/pl\/wp-json\/wp\/v2\/types\/product"}],"replies":[{"embeddable":true,"href":"https:\/\/www.moskito.cz\/pl\/wp-json\/wp\/v2\/comments?post=360041"}],"wp:featuredmedia":[{"embeddable":true,"href":"https:\/\/www.moskito.cz\/pl\/wp-json\/wp\/v2\/media\/364372"}],"wp:attachment":[{"href":"https:\/\/www.moskito.cz\/pl\/wp-json\/wp\/v2\/media?parent=360041"}],"wp:term":[{"taxonomy":"pwb-brand","embeddable":true,"href":"https:\/\/www.moskito.cz\/pl\/wp-json\/wp\/v2\/pwb-brand?post=360041"},{"taxonomy":"product_brand","embeddable":true,"href":"https:\/\/www.moskito.cz\/pl\/wp-json\/wp\/v2\/product_brand?post=360041"},{"taxonomy":"product_cat","embeddable":true,"href":"https:\/\/www.moskito.cz\/pl\/wp-json\/wp\/v2\/product_cat?post=360041"},{"taxonomy":"product_tag","embeddable":true,"href":"https:\/\/www.moskito.cz\/pl\/wp-json\/wp\/v2\/product_tag?post=360041"}],"curies":[{"name":"wp","href":"https:\/\/api.w.org\/{rel}","templated":true}]}}