{"id":360045,"date":"2024-09-26T12:55:27","date_gmt":"2024-09-26T11:55:27","guid":{"rendered":"https:\/\/www.moskito.cz\/produkt\/pelican\/"},"modified":"2025-07-26T20:45:32","modified_gmt":"2025-07-26T19:45:32","slug":"pelican","status":"publish","type":"product","link":"https:\/\/www.moskito.cz\/pl\/produkt\/pelican\/","title":{"rendered":"Zav\u00edrac\u00ed N\u016f\u017e B\u00f6ker Plus Pelican 01BO729"},"content":{"rendered":"<p>Zav\u00edrac\u00ed N\u016f\u017e<strong> B\u00f6ker Plus<\/strong> Pelican 01BO729.<\/p>\n<p>N\u00e1\u0161 nejnov\u011bj\u0161\u00ed projekt s Bradem Zinkerem, jeho\u017e design je zalo\u017een na Urban Trapper, ale p\u0159ich\u00e1z\u00ed v mnohem kompaktn\u011bj\u0161\u00edm form\u00e1tu. Po otev\u0159en\u00ed je titanov\u00fd framelock dlouh\u00fd pouh\u00fdch 11,5 centimetru a lze jej pou\u017e\u00edt nejen jako mal\u00fd kapesn\u00ed n\u016f\u017e s tlou\u0161\u0165kou rukojeti pouh\u00fdch 5,5 milimetr\u016f (m\u011b\u0159eno bez klipu), ale lze jej pou\u017e\u00edt i jako praktickou sponu na bankovky. Jak \u010depel z VG-10, tak titanov\u00e1 rukoje\u0165 a klip maj\u00ed odolnou povrchovou \u00fapravu Stonewash. Typick\u00fd podpis Brada Zinkera ve spojen\u00ed s rovn\u00fdm designem Pelican vede k no\u017ei pro individualisty, kter\u00fd vynik\u00e1 v mal\u00fdch, ka\u017edodenn\u00edch \u0159ezac\u00edch \u00fakonech.<\/p>\n<p>Typ polo\u017eky: Kapesn\u00ed n\u016f\u017e<br \/>\nZna\u010dka: Boker Plus<br \/>\nCelkov\u00e1 d\u00e9lka: 11,50 cm<br \/>\nD\u00e9lka \u010depele: 4,70 cm<br \/>\nTlou\u0161\u0165ka \u010depele: 1,70 mm<br \/>\nHmotnost: 31,00 g<br \/>\nN\u00e1vrh\u00e1\u0159: Brad Zinker<br \/>\nMateri\u00e1l \u010depele: VG-10<br \/>\nMateri\u00e1l rukojeti: titan<br \/>\n\u010c\u00edslo polo\u017eky: 01BO729<\/p>\n<p>&nbsp;<\/p>\n","protected":false},"excerpt":{"rendered":"<p><strong>N\u00e1\u0161 nejnov\u011bj\u0161\u00ed projekt s Bradem Zinkerem, jeho\u017e design je zalo\u017een na Urban Trapper, ale p\u0159ich\u00e1z\u00ed v mnohem kompaktn\u011bj\u0161\u00edm form\u00e1tu.<\/strong><\/p>\n","protected":false},"featured_media":370281,"comment_status":"closed","ping_status":"closed","template":"","meta":[],"pwb-brand":[140],"product_brand":[],"product_cat":[22,17],"product_tag":[],"class_list":{"0":"post-360045","1":"product","2":"type-product","3":"status-publish","4":"has-post-thumbnail","6":"pwb-brand-boker","7":"product_cat-zaviraci-noze","8":"product_cat-noze","10":"first","11":"outofstock","12":"taxable","13":"shipping-taxable","14":"purchasable","15":"product-type-simple"},"brands":[{"id":140,"name":"Boker","slug":"boker"}],"_links":{"self":[{"href":"https:\/\/www.moskito.cz\/pl\/wp-json\/wp\/v2\/product\/360045","targetHints":{"allow":["GET"]}}],"collection":[{"href":"https:\/\/www.moskito.cz\/pl\/wp-json\/wp\/v2\/product"}],"about":[{"href":"https:\/\/www.moskito.cz\/pl\/wp-json\/wp\/v2\/types\/product"}],"replies":[{"embeddable":true,"href":"https:\/\/www.moskito.cz\/pl\/wp-json\/wp\/v2\/comments?post=360045"}],"wp:featuredmedia":[{"embeddable":true,"href":"https:\/\/www.moskito.cz\/pl\/wp-json\/wp\/v2\/media\/370281"}],"wp:attachment":[{"href":"https:\/\/www.moskito.cz\/pl\/wp-json\/wp\/v2\/media?parent=360045"}],"wp:term":[{"taxonomy":"pwb-brand","embeddable":true,"href":"https:\/\/www.moskito.cz\/pl\/wp-json\/wp\/v2\/pwb-brand?post=360045"},{"taxonomy":"product_brand","embeddable":true,"href":"https:\/\/www.moskito.cz\/pl\/wp-json\/wp\/v2\/product_brand?post=360045"},{"taxonomy":"product_cat","embeddable":true,"href":"https:\/\/www.moskito.cz\/pl\/wp-json\/wp\/v2\/product_cat?post=360045"},{"taxonomy":"product_tag","embeddable":true,"href":"https:\/\/www.moskito.cz\/pl\/wp-json\/wp\/v2\/product_tag?post=360045"}],"curies":[{"name":"wp","href":"https:\/\/api.w.org\/{rel}","templated":true}]}}