{"id":360107,"date":"2024-09-26T12:59:06","date_gmt":"2024-09-26T11:59:06","guid":{"rendered":"https:\/\/www.moskito.cz\/produkt\/takticke-pero-mpp-grey\/"},"modified":"2025-05-07T11:24:26","modified_gmt":"2025-05-07T10:24:26","slug":"takticke-pero-mpp-grey","status":"publish","type":"product","link":"https:\/\/www.moskito.cz\/pl\/produkt\/takticke-pero-mpp-grey\/","title":{"rendered":"Taktick\u00e9 pero MPP Grey"},"content":{"rendered":"<p><UL><\/p>\n<p><LI>celkov\u00e1 d\u00e9lka: 18,3 cm <\/p>\n<p><LI>pr\u016fm\u011br v\u00ed\u010dka: 13,9 mm <\/p>\n<p><LI>hmotnost: 27 g <\/p>\n<p><LI>n\u00e1stroj techniky Kubotan <\/p>\n<p><LI>kuli\u010dkov\u00e9 pero <\/p>\n<p><LI>rozb\u00edje\u010d skla<\/LI><br \/>\n<\/UL><\/p>\n","protected":false},"excerpt":{"rendered":"<p><P>S univerz\u00e1ln\u00edm n\u00e1strojem B\u00f6ker Plus MPP jste p\u0159ipraveni na v\u0161echny situace. Pero slou\u017e\u00ed p\u0159edev\u0161\u00edm jako kvalitn\u00ed psac\u00ed n\u00e1stroj, ale v extr\u00e9mn\u00edch p\u0159\u00edpadech m\u016f\u017ee zachr\u00e1nit i \u017eivot. V nouzov\u00fdch situac\u00edch m\u016f\u017ee rozb\u00edje\u010d skla pomoci vyprostit zran\u011bn\u00e9 osoby z automobil\u016f nebo lze stabiln\u00ed t\u011blo pou\u017e\u00edt pro speci\u00e1ln\u00ed bojovou techniku Kubotan. \u0160ed\u00e9 t\u011blo se \u0161irok\u00fdmi dr\u00e1\u017ekami je vyrobeno z lehk\u00e9ho hlin\u00edku a velmi pohodln\u011b se dr\u017e\u00ed. D\u00edky stabiln\u00edmu klipu je MPP v\u017edy po ruce. Je kompatibiln\u00ed s n\u00e1pln\u011bmi Fisher Space-Pen, pro v\u00fdm\u011bnu n\u00e1pln\u00ed se od\u0161roubuje levoto\u010div\u00fdm z\u00e1vitem. T\u00edm se zabr\u00e1n\u00ed necht\u011bn\u00e9mu rozebr\u00e1n\u00ed p\u0159i od\u0161roubov\u00e1n\u00ed uz\u00e1v\u011bru.<\/P><\/p>\n","protected":false},"featured_media":361585,"comment_status":"closed","ping_status":"closed","template":"","meta":[],"pwb-brand":[140],"product_brand":[],"product_cat":[17,22],"product_tag":[],"class_list":{"0":"post-360107","1":"product","2":"type-product","3":"status-publish","4":"has-post-thumbnail","6":"pwb-brand-boker","7":"product_cat-noze","8":"product_cat-zaviraci-noze","10":"first","11":"outofstock","12":"taxable","13":"shipping-taxable","14":"purchasable","15":"product-type-simple"},"brands":[{"id":140,"name":"Boker","slug":"boker"}],"_links":{"self":[{"href":"https:\/\/www.moskito.cz\/pl\/wp-json\/wp\/v2\/product\/360107","targetHints":{"allow":["GET"]}}],"collection":[{"href":"https:\/\/www.moskito.cz\/pl\/wp-json\/wp\/v2\/product"}],"about":[{"href":"https:\/\/www.moskito.cz\/pl\/wp-json\/wp\/v2\/types\/product"}],"replies":[{"embeddable":true,"href":"https:\/\/www.moskito.cz\/pl\/wp-json\/wp\/v2\/comments?post=360107"}],"wp:featuredmedia":[{"embeddable":true,"href":"https:\/\/www.moskito.cz\/pl\/wp-json\/wp\/v2\/media\/361585"}],"wp:attachment":[{"href":"https:\/\/www.moskito.cz\/pl\/wp-json\/wp\/v2\/media?parent=360107"}],"wp:term":[{"taxonomy":"pwb-brand","embeddable":true,"href":"https:\/\/www.moskito.cz\/pl\/wp-json\/wp\/v2\/pwb-brand?post=360107"},{"taxonomy":"product_brand","embeddable":true,"href":"https:\/\/www.moskito.cz\/pl\/wp-json\/wp\/v2\/product_brand?post=360107"},{"taxonomy":"product_cat","embeddable":true,"href":"https:\/\/www.moskito.cz\/pl\/wp-json\/wp\/v2\/product_cat?post=360107"},{"taxonomy":"product_tag","embeddable":true,"href":"https:\/\/www.moskito.cz\/pl\/wp-json\/wp\/v2\/product_tag?post=360107"}],"curies":[{"name":"wp","href":"https:\/\/api.w.org\/{rel}","templated":true}]}}