{"id":360130,"date":"2024-09-26T12:55:57","date_gmt":"2024-09-26T11:55:57","guid":{"rendered":"https:\/\/www.moskito.cz\/produkt\/magnum-korund-240-1000\/"},"modified":"2025-05-07T11:24:27","modified_gmt":"2025-05-07T10:24:27","slug":"magnum-korund-240-1000","status":"publish","type":"product","link":"https:\/\/www.moskito.cz\/pl\/produkt\/magnum-korund-240-1000\/","title":{"rendered":"Magnum Korund 240\/1000"},"content":{"rendered":"<p><TABLE class=\"datatable bokerparamtable\" style=\"WIDTH: 50%; LETTER-SPACING: 0.03em\" cellSpacing=0 cellPadding=0 border=0><\/p>\n<p><TBODY><\/p>\n<p><TR><\/p>\n<p><TD style=\"WIDTH: 50%\"><\/p>\n<p><UL><\/p>\n<p><LI>d\u00e9lka 18 cm<\/LI><\/p>\n<p><LI>hmotnost 610 g<\/LI><br \/>\n<\/UL><br \/>\n<\/TD><\/p>\n<p><TD style=\"WIDTH: 25%\"><br \/>\n<\/TD><br \/>\n<\/TR><\/p>\n<p><TR><\/p>\n<p><TD style=\"WIDTH: 50%\"><\/p>\n<p><P>&nbsp;<\/P><br \/>\n<\/TD><\/p>\n<p><TD style=\"WIDTH: 25%\"><br \/>\n<\/TD><br \/>\n<\/TR><br \/>\n<\/TBODY><br \/>\n<\/TABLE><\/p>\n","protected":false},"excerpt":{"rendered":"<p>Nov\u00e1 \u0159ada brousk\u016f na no\u017ee pod zna\u010dkou Magnum by B\u00f6ker p\u0159esv\u011bd\u010d\u00ed sv\u00fdm vynikaj\u00edc\u00edm pom\u011brem cena\/v\u00fdkon. Vysok\u00e1 kvalita p\u0159i v\u00fdb\u011bru materi\u00e1l\u016f a dobr\u00e9 zpracov\u00e1n\u00ed brousk\u016f a vodn\u00edch brusn\u00fdch kamen\u016f nab\u00edzej\u00ed nejlep\u0161\u00ed podm\u00ednky pro velmi dobr\u00fd v\u00fdsledek ost\u0159en\u00ed. Univerz\u00e1ln\u011b pou\u017eiteln\u00fd pro v\u0161echny typy no\u017eov\u00fdch \u010depel\u00ed a tedy nepostradateln\u00fd pro ka\u017edou dom\u00e1cnost. Nov\u011b vyvinut\u00fd korundov\u00fd k\u00e1men m\u00e1 dv\u011b r\u016fzn\u00e9 velikosti zrna. Zrnitost 240 je ur\u010dena pro hrub\u00e9 p\u0159edb\u011b\u017en\u00e9 brou\u0161en\u00ed a 1000 pro jemn\u00e9 brou\u0161en\u00ed. Protiskluzn\u00e1 pry\u017eov\u00e1 patka pevn\u011b stoj\u00ed na rovn\u00e9m povrchu a umo\u017e\u0148uje tak bezpe\u010dnou a p\u0159\u00edjemnou pr\u00e1ci.<\/p>\n","protected":false},"featured_media":360131,"comment_status":"closed","ping_status":"closed","template":"","meta":[],"pwb-brand":[140],"product_brand":[],"product_cat":[26],"product_tag":[],"class_list":{"0":"post-360130","1":"product","2":"type-product","3":"status-publish","4":"has-post-thumbnail","6":"pwb-brand-boker","7":"product_cat-brousky-a-ocilky","9":"first","10":"outofstock","11":"taxable","12":"shipping-taxable","13":"purchasable","14":"product-type-simple"},"brands":[{"id":140,"name":"Boker","slug":"boker"}],"_links":{"self":[{"href":"https:\/\/www.moskito.cz\/pl\/wp-json\/wp\/v2\/product\/360130","targetHints":{"allow":["GET"]}}],"collection":[{"href":"https:\/\/www.moskito.cz\/pl\/wp-json\/wp\/v2\/product"}],"about":[{"href":"https:\/\/www.moskito.cz\/pl\/wp-json\/wp\/v2\/types\/product"}],"replies":[{"embeddable":true,"href":"https:\/\/www.moskito.cz\/pl\/wp-json\/wp\/v2\/comments?post=360130"}],"wp:featuredmedia":[{"embeddable":true,"href":"https:\/\/www.moskito.cz\/pl\/wp-json\/wp\/v2\/media\/360131"}],"wp:attachment":[{"href":"https:\/\/www.moskito.cz\/pl\/wp-json\/wp\/v2\/media?parent=360130"}],"wp:term":[{"taxonomy":"pwb-brand","embeddable":true,"href":"https:\/\/www.moskito.cz\/pl\/wp-json\/wp\/v2\/pwb-brand?post=360130"},{"taxonomy":"product_brand","embeddable":true,"href":"https:\/\/www.moskito.cz\/pl\/wp-json\/wp\/v2\/product_brand?post=360130"},{"taxonomy":"product_cat","embeddable":true,"href":"https:\/\/www.moskito.cz\/pl\/wp-json\/wp\/v2\/product_cat?post=360130"},{"taxonomy":"product_tag","embeddable":true,"href":"https:\/\/www.moskito.cz\/pl\/wp-json\/wp\/v2\/product_tag?post=360130"}],"curies":[{"name":"wp","href":"https:\/\/api.w.org\/{rel}","templated":true}]}}