{"id":360157,"date":"2024-09-26T12:56:15","date_gmt":"2024-09-26T11:56:15","guid":{"rendered":"https:\/\/www.moskito.cz\/produkt\/boker-integral-ii-palisandr-drevo\/"},"modified":"2025-05-07T11:24:28","modified_gmt":"2025-05-07T10:24:28","slug":"boker-integral-ii-palisandr-drevo","status":"publish","type":"product","link":"https:\/\/www.moskito.cz\/pl\/produkt\/boker-integral-ii-palisandr-drevo\/","title":{"rendered":"B\u00f6ker Integral II Palisandr D\u0159evo"},"content":{"rendered":"<ul>\n<li>celkov\u00e1 d\u00e9lka: 22 cm<\/li>\n<li>d\u00e9lka \u010depele: 10 cm<\/li>\n<li>hmotnost: 170 g<\/li>\n<li>tlou\u0161\u0165ka \u010depele: 5,0 mm<\/li>\n<li>materi\u00e1l \u010depele: 440-C<\/li>\n<li>materi\u00e1l rukojeti: palisandrov\u00e9 d\u0159evo<\/li>\n<li>dod\u00e1v\u00e1n v ko\u017een\u00e9m pouzd\u0159e<\/li>\n<\/ul>\n","protected":false},"excerpt":{"rendered":"<p>N\u016f\u017e B\u00f6ker Integral II je kompaktn\u00ed verze no\u017ee Vollintegral, stejn\u011b odoln\u00e1 a kovan\u00e1 z jednoho kusu oceli. D\u00edky robustn\u00ed \u010depeli a vynikaj\u00edc\u00ed ergonomii st\u0159enek rukojeti je n\u016f\u017e ide\u00e1ln\u00ed nejen pro loveck\u00e9 \u00fakoly. K\u00f3nick\u00fd tang a ru\u010dn\u011b brou\u0161en\u00e9 st\u0159enky pro prsty podtrhuj\u00ed d\u016fmysln\u00e9 \u0159emesln\u00e9 zpracov\u00e1n\u00ed a nab\u00edzej\u00ed mnohem pohodln\u011bj\u0161\u00ed \u00fachop. St\u0159enky jsou vyrobeny z certifikovan\u00e9ho dov\u00e1\u017een\u00e9ho palisandru, kter\u00fd je p\u0159esn\u011b fr\u00e9zov\u00e1n, aby se minimalizovaly v\u00fdrobn\u00ed tolerance. \u010cepel je vyrobena ze spolehliv\u00e9ho outdoorov\u00e9ho materi\u00e1lu 440C a opat\u0159ena ploch\u00fdm v\u00fdbrusem, kter\u00fd nab\u00edz\u00ed skv\u011blou stabilitu i p\u0159i n\u00e1ro\u010dn\u00fdch \u00fakolech. Dod\u00e1v\u00e1 se s kvalitn\u00edm ko\u017een\u00fdm pouzdrem.<\/p>\n","protected":false},"featured_media":360158,"comment_status":"closed","ping_status":"closed","template":"","meta":[],"pwb-brand":[140],"product_brand":[],"product_cat":[17,22],"product_tag":[],"class_list":{"0":"post-360157","1":"product","2":"type-product","3":"status-publish","4":"has-post-thumbnail","6":"pwb-brand-boker","7":"product_cat-noze","8":"product_cat-zaviraci-noze","10":"first","11":"outofstock","12":"taxable","13":"shipping-taxable","14":"purchasable","15":"product-type-simple"},"brands":[{"id":140,"name":"Boker","slug":"boker"}],"_links":{"self":[{"href":"https:\/\/www.moskito.cz\/pl\/wp-json\/wp\/v2\/product\/360157","targetHints":{"allow":["GET"]}}],"collection":[{"href":"https:\/\/www.moskito.cz\/pl\/wp-json\/wp\/v2\/product"}],"about":[{"href":"https:\/\/www.moskito.cz\/pl\/wp-json\/wp\/v2\/types\/product"}],"replies":[{"embeddable":true,"href":"https:\/\/www.moskito.cz\/pl\/wp-json\/wp\/v2\/comments?post=360157"}],"wp:featuredmedia":[{"embeddable":true,"href":"https:\/\/www.moskito.cz\/pl\/wp-json\/wp\/v2\/media\/360158"}],"wp:attachment":[{"href":"https:\/\/www.moskito.cz\/pl\/wp-json\/wp\/v2\/media?parent=360157"}],"wp:term":[{"taxonomy":"pwb-brand","embeddable":true,"href":"https:\/\/www.moskito.cz\/pl\/wp-json\/wp\/v2\/pwb-brand?post=360157"},{"taxonomy":"product_brand","embeddable":true,"href":"https:\/\/www.moskito.cz\/pl\/wp-json\/wp\/v2\/product_brand?post=360157"},{"taxonomy":"product_cat","embeddable":true,"href":"https:\/\/www.moskito.cz\/pl\/wp-json\/wp\/v2\/product_cat?post=360157"},{"taxonomy":"product_tag","embeddable":true,"href":"https:\/\/www.moskito.cz\/pl\/wp-json\/wp\/v2\/product_tag?post=360157"}],"curies":[{"name":"wp","href":"https:\/\/api.w.org\/{rel}","templated":true}]}}