{"id":360202,"date":"2024-09-26T12:56:15","date_gmt":"2024-09-26T11:56:15","guid":{"rendered":"https:\/\/www.moskito.cz\/produkt\/lrf-g10\/"},"modified":"2025-05-07T11:24:30","modified_gmt":"2025-05-07T10:24:30","slug":"lrf-g10","status":"publish","type":"product","link":"https:\/\/www.moskito.cz\/pl\/produkt\/lrf-g10\/","title":{"rendered":"LRF G10"},"content":{"rendered":"<table class=\"datatable bokerparamtable\" style=\"letter-spacing: 0.03em; width: 50%;\" border=\"0\" cellspacing=\"0\" cellpadding=\"0\">\n<tbody>\n<tr>\n<td style=\"width: 50%;\">Celkov\u00e1 d\u00e9lka:<\/td>\n<td style=\"width: 25%;\">18 cm<\/td>\n<\/tr>\n<tr>\n<td style=\"width: 50%;\">D\u00e9lka \u010depele:<\/td>\n<td style=\"width: 25%;\">7.8 cm<\/td>\n<\/tr>\n<tr>\n<td style=\"width: 50%;\">Tlou\u0161\u0165ka \u010depele:<\/td>\n<td style=\"width: 25%;\">1.9 mm<\/td>\n<\/tr>\n<tr>\n<td style=\"width: 50%;\">Hmotnost:<\/td>\n<td style=\"width: 25%;\">55 g<\/td>\n<\/tr>\n<tr>\n<td style=\"width: 50%;\">Materi\u00e1l \u010depele:<\/td>\n<td style=\"width: 25%;\"><a href=\"\/prehled-materialu\/\">VG-10<\/a><\/td>\n<\/tr>\n<tr>\n<td style=\"width: 50%;\">Materi\u00e1l rukojeti:<\/td>\n<td style=\"width: 25%;\">G10<\/td>\n<\/tr>\n<tr>\n<td style=\"width: 50%;\">Typ pojistky:<\/td>\n<td style=\"width: 25%;\">Linerlock<\/td>\n<\/tr>\n<\/tbody>\n<\/table>\n","protected":false},"excerpt":{"rendered":"<p>Se sv\u00fdm prvn\u00edm projektem Wasabi pro B\u00f6ker Plus si japonsk\u00fd v\u00fdrobce no\u017e\u016f Kansei Matsuno z\u00edskal mnoho fanou\u0161k\u016f. B\u00f6ker Plus LRF je jeho nejnov\u011bj\u0161\u00ed design, gentlemansk\u00fd n\u016f\u017e inspirovan\u00fd japonsk\u00fdm designem. \u010cepel no\u017ee LRF se otev\u00edr\u00e1 p\u0159edn\u00edm flipperem a pohybuje se hladce na kuli\u010dkov\u00fdch lo\u017eisk\u00e1ch. \u0160t\u00edhl\u00e9 proveden\u00ed je zalo\u017eeno na nerezov\u00fdch vlo\u017ek\u00e1ch, kter\u00e9 obklopuj\u00ed pojistku proti necht\u011bn\u00e9mu zav\u0159en\u00ed no\u017ee p\u0159i pou\u017e\u00edv\u00e1n\u00ed Linerlock. D\u00edky velk\u00e9mu otvoru pro \u0161\u0148\u016frku a klipu (pro no\u0161en\u00ed \u0161pi\u010dkou nahoru, pro prav\u00e1ky) se tento lehk\u00fd n\u016f\u017e snadno p\u0159en\u00e1\u0161\u00ed. \u010cepel z\u00a0oceli VG-10 m\u00e1 vertik\u00e1ln\u00ed sat\u00e9novou povrchovou \u00fapravu, kter\u00e1 dokonale lad\u00ed se st\u0159enkami z\u00a0materi\u00e1lu G10.<\/p>\n","protected":false},"featured_media":360203,"comment_status":"closed","ping_status":"closed","template":"","meta":[],"pwb-brand":[140],"product_brand":[],"product_cat":[17,22],"product_tag":[],"class_list":{"0":"post-360202","1":"product","2":"type-product","3":"status-publish","4":"has-post-thumbnail","6":"pwb-brand-boker","7":"product_cat-noze","8":"product_cat-zaviraci-noze","10":"first","11":"instock","12":"taxable","13":"shipping-taxable","14":"purchasable","15":"product-type-simple"},"brands":[{"id":140,"name":"Boker","slug":"boker"}],"_links":{"self":[{"href":"https:\/\/www.moskito.cz\/pl\/wp-json\/wp\/v2\/product\/360202","targetHints":{"allow":["GET"]}}],"collection":[{"href":"https:\/\/www.moskito.cz\/pl\/wp-json\/wp\/v2\/product"}],"about":[{"href":"https:\/\/www.moskito.cz\/pl\/wp-json\/wp\/v2\/types\/product"}],"replies":[{"embeddable":true,"href":"https:\/\/www.moskito.cz\/pl\/wp-json\/wp\/v2\/comments?post=360202"}],"wp:featuredmedia":[{"embeddable":true,"href":"https:\/\/www.moskito.cz\/pl\/wp-json\/wp\/v2\/media\/360203"}],"wp:attachment":[{"href":"https:\/\/www.moskito.cz\/pl\/wp-json\/wp\/v2\/media?parent=360202"}],"wp:term":[{"taxonomy":"pwb-brand","embeddable":true,"href":"https:\/\/www.moskito.cz\/pl\/wp-json\/wp\/v2\/pwb-brand?post=360202"},{"taxonomy":"product_brand","embeddable":true,"href":"https:\/\/www.moskito.cz\/pl\/wp-json\/wp\/v2\/product_brand?post=360202"},{"taxonomy":"product_cat","embeddable":true,"href":"https:\/\/www.moskito.cz\/pl\/wp-json\/wp\/v2\/product_cat?post=360202"},{"taxonomy":"product_tag","embeddable":true,"href":"https:\/\/www.moskito.cz\/pl\/wp-json\/wp\/v2\/product_tag?post=360202"}],"curies":[{"name":"wp","href":"https:\/\/api.w.org\/{rel}","templated":true}]}}