{"id":360269,"date":"2024-09-26T12:59:40","date_gmt":"2024-09-26T11:59:40","guid":{"rendered":"https:\/\/www.moskito.cz\/produkt\/petit\/"},"modified":"2025-05-07T11:24:32","modified_gmt":"2025-05-07T10:24:32","slug":"petit","status":"publish","type":"product","link":"https:\/\/www.moskito.cz\/pl\/produkt\/petit\/","title":{"rendered":"Zav\u00edrac\u00ed N\u016f\u017e B\u00f6ker Plus Jive 01BO312"},"content":{"rendered":"<p>Zav\u00edrac\u00ed N\u016f\u017e <strong>B\u00f6ker Plus<\/strong> Jive 01BO312.<\/p>\n<p>Modern\u00ed B\u00f6ker Plus Jive od Briana Efrose boduje jako vysoce kvalitn\u00ed EDC s jasn\u00fdmi liniemi a extr\u00e9mn\u011b ergonomick\u00fdm designem. Americk\u00fd no\u017e\u00ed\u0159 na pln\u00fd \u00favazek z Colorada navrhuje a vyr\u00e1b\u00ed sv\u00e9 vlastn\u00ed no\u017ee od roku 2008 a nyn\u00ed je zn\u00e1m\u00fd daleko za hranicemi zem\u011b pro sv\u00e9 inovativn\u00ed desky. Kompletn\u00ed knihy objedn\u00e1vek, dokonal\u00e9 zpracov\u00e1n\u00ed a individu\u00e1ln\u00ed realizace znamenaj\u00ed, \u017ee jeho ru\u010dn\u011b vyr\u00e1b\u011bn\u00e9 kusy dosahuj\u00ed \u0161pi\u010dkov\u00fdch mezin\u00e1rodn\u00edch cen. Jive je vybaven sat\u00e9novou \u010depel\u00ed clip point z D2 , kter\u00e1 se otev\u00edr\u00e1 vyj\u00edmateln\u00fdm kol\u00edkem na palec a zamyk\u00e1 se zes\u00edlen\u00fdm r\u00e1mov\u00fdm z\u00e1mkem . V\u00fdrazn\u00e9 ricasso a ozdobn\u00e9 fr\u00e9zov\u00e1n\u00ed na rukojeti z matn\u00e9ho titanu vytv\u00e1\u0159\u00ed vizu\u00e1ln\u00ed akcenty. S praktick\u00fdm klipem (tip-up\/r) vyroben\u00fdm z titanu a kvalitn\u00edm nylonov\u00fdm pouzdrem.<\/p>\n<p>Zna\u010dka: Boker Plus<br \/>\nCelkov\u00e1 d\u00e9lka: 18,20 cm<br \/>\nD\u00e9lka \u010depele: 7,50 cm<br \/>\nTlou\u0161\u0165ka \u010depele: 3,50 mm<br \/>\nHmotnost: 134,00 g<br \/>\nN\u00e1vrh\u00e1\u0159: Brian Efros<br \/>\nMateri\u00e1l \u010depele: D2<br \/>\nMateri\u00e1l rukojeti: titan<br \/>\nPom\u016fcka pro otev\u00edr\u00e1n\u00ed: P\u0159ip\u00edn\u00e1\u010dek na palec Otev\u00edrac\u00ed:<br \/>\nRu\u010dn\u011b<br \/>\nUzav\u0159en\u00ed: Z\u00e1mek r\u00e1mu<br \/>\n\u010c\u00edslo polo\u017eky: 01BO312<\/p>\n<p>&nbsp;<\/p>\n","protected":false},"excerpt":{"rendered":"<p><strong>Francouzsk\u00fd zak\u00e1zkov\u00fd no\u017e\u00ed\u0159 Philippe Jourget je zn\u00e1m\u00fd sv\u00fdmi mimo\u0159\u00e1dn\u011b dob\u0159e vyroben\u00fdmi kapesn\u00edmi no\u017ei, kter\u00e9 vyr\u00e1b\u00ed s\u00e1m a zcela ru\u010dn\u011b.\u00a0<\/strong><\/p>\n","protected":false},"featured_media":366757,"comment_status":"closed","ping_status":"closed","template":"","meta":[],"pwb-brand":[140],"product_brand":[],"product_cat":[17,22],"product_tag":[],"class_list":{"0":"post-360269","1":"product","2":"type-product","3":"status-publish","4":"has-post-thumbnail","6":"pwb-brand-boker","7":"product_cat-noze","8":"product_cat-zaviraci-noze","10":"first","11":"instock","12":"taxable","13":"shipping-taxable","14":"purchasable","15":"product-type-simple"},"brands":[{"id":140,"name":"Boker","slug":"boker"}],"_links":{"self":[{"href":"https:\/\/www.moskito.cz\/pl\/wp-json\/wp\/v2\/product\/360269","targetHints":{"allow":["GET"]}}],"collection":[{"href":"https:\/\/www.moskito.cz\/pl\/wp-json\/wp\/v2\/product"}],"about":[{"href":"https:\/\/www.moskito.cz\/pl\/wp-json\/wp\/v2\/types\/product"}],"replies":[{"embeddable":true,"href":"https:\/\/www.moskito.cz\/pl\/wp-json\/wp\/v2\/comments?post=360269"}],"wp:featuredmedia":[{"embeddable":true,"href":"https:\/\/www.moskito.cz\/pl\/wp-json\/wp\/v2\/media\/366757"}],"wp:attachment":[{"href":"https:\/\/www.moskito.cz\/pl\/wp-json\/wp\/v2\/media?parent=360269"}],"wp:term":[{"taxonomy":"pwb-brand","embeddable":true,"href":"https:\/\/www.moskito.cz\/pl\/wp-json\/wp\/v2\/pwb-brand?post=360269"},{"taxonomy":"product_brand","embeddable":true,"href":"https:\/\/www.moskito.cz\/pl\/wp-json\/wp\/v2\/product_brand?post=360269"},{"taxonomy":"product_cat","embeddable":true,"href":"https:\/\/www.moskito.cz\/pl\/wp-json\/wp\/v2\/product_cat?post=360269"},{"taxonomy":"product_tag","embeddable":true,"href":"https:\/\/www.moskito.cz\/pl\/wp-json\/wp\/v2\/product_tag?post=360269"}],"curies":[{"name":"wp","href":"https:\/\/api.w.org\/{rel}","templated":true}]}}