{"id":360304,"date":"2024-09-26T12:56:54","date_gmt":"2024-09-26T11:56:54","guid":{"rendered":"https:\/\/www.moskito.cz\/produkt\/kapesni-nuz-magnum-advance-checkering-black\/"},"modified":"2025-05-07T11:24:34","modified_gmt":"2025-05-07T10:24:34","slug":"kapesni-nuz-magnum-advance-checkering-black","status":"publish","type":"product","link":"https:\/\/www.moskito.cz\/pl\/produkt\/kapesni-nuz-magnum-advance-checkering-black\/","title":{"rendered":"Zav\u00edrac\u00ed N\u016f\u017e Magnum Advance Checkering Black 01RY302"},"content":{"rendered":"<p>Zav\u00edrac\u00ed N\u016f\u017e <strong>Magnum<\/strong> Advance Checkering Black 01RY302.<\/p>\n<p>S Checkering Black je \u0159ada Magnum Advance roz\u0161\u00ed\u0159ena o subtiln\u011bj\u0161\u00ed verzi a z\u00e1rove\u0148 pov\u00fd\u0161ena na novou \u00farove\u0148 kvality. Promy\u0161len\u00e9 dr\u00e1\u017ekov\u00e1n\u00ed v\u00e1hy hlin\u00edkov\u00e9 rukojeti zaji\u0161\u0165uje bezpe\u010dn\u00e9 dr\u017een\u00ed a neomezenou funk\u010dnost. \u010cepel vyroben\u00e1 z nerezov\u00e9 a extr\u00e9mn\u011b ostr\u00e9 440C se otev\u00edr\u00e1 pomoc\u00ed palcov\u00e9ho kol\u00edku a aretuje pomoc\u00ed liner lock. S \u017eebrov\u00e1n\u00edm na h\u0159betu \u010depele, otvorem pro \u0161\u0148\u016frku, hlubokou sponou na p\u0159en\u00e1\u0161en\u00ed (sklopen\u00edm) a praktick\u00fdm nylonov\u00fdm pouzdrem na opasek.<\/p>\n<p>Typ polo\u017eky: Kapesn\u00ed n\u016f\u017e<br \/>\nCelkov\u00e1 d\u00e9lka: 20,00 cm<br \/>\nD\u00e9lka \u010depele: 9,00 cm<br \/>\nTlou\u0161\u0165ka \u010depele: 2,70 mm<br \/>\nHmotnost: 128,00 g<br \/>\nMateri\u00e1l \u010depele: 440C<br \/>\nMateri\u00e1l rukojeti: hlin\u00edk<br \/>\nPom\u016fcka pro otev\u00edr\u00e1n\u00ed: P\u0159ip\u00edn\u00e1\u010dek na palec<br \/>\nOtev\u00edrac\u00ed: Ru\u010dn\u011b<br \/>\nBarva: \u010cern\u00e1<br \/>\nBarva \u010depele: Nepota\u017een\u00e9<br \/>\n\u010c\u00edslo polo\u017eky: 01RY302<\/p>\n<p>&nbsp;<\/p>\n","protected":false},"excerpt":{"rendered":"<p>Kapesn\u00ed n\u016f\u017e Checkering Black je nen\u00e1padnou variantou \u0159ady Magnum Advance, kter\u00e1 ji povy\u0161uje na novou \u00farove\u0148 kvality.<\/p>\n","protected":false},"featured_media":365618,"comment_status":"closed","ping_status":"closed","template":"","meta":[],"pwb-brand":[140],"product_brand":[],"product_cat":[17,22],"product_tag":[],"class_list":{"0":"post-360304","1":"product","2":"type-product","3":"status-publish","4":"has-post-thumbnail","6":"pwb-brand-boker","7":"product_cat-noze","8":"product_cat-zaviraci-noze","10":"first","11":"instock","12":"taxable","13":"shipping-taxable","14":"purchasable","15":"product-type-simple"},"brands":[{"id":140,"name":"Boker","slug":"boker"}],"_links":{"self":[{"href":"https:\/\/www.moskito.cz\/pl\/wp-json\/wp\/v2\/product\/360304","targetHints":{"allow":["GET"]}}],"collection":[{"href":"https:\/\/www.moskito.cz\/pl\/wp-json\/wp\/v2\/product"}],"about":[{"href":"https:\/\/www.moskito.cz\/pl\/wp-json\/wp\/v2\/types\/product"}],"replies":[{"embeddable":true,"href":"https:\/\/www.moskito.cz\/pl\/wp-json\/wp\/v2\/comments?post=360304"}],"wp:featuredmedia":[{"embeddable":true,"href":"https:\/\/www.moskito.cz\/pl\/wp-json\/wp\/v2\/media\/365618"}],"wp:attachment":[{"href":"https:\/\/www.moskito.cz\/pl\/wp-json\/wp\/v2\/media?parent=360304"}],"wp:term":[{"taxonomy":"pwb-brand","embeddable":true,"href":"https:\/\/www.moskito.cz\/pl\/wp-json\/wp\/v2\/pwb-brand?post=360304"},{"taxonomy":"product_brand","embeddable":true,"href":"https:\/\/www.moskito.cz\/pl\/wp-json\/wp\/v2\/product_brand?post=360304"},{"taxonomy":"product_cat","embeddable":true,"href":"https:\/\/www.moskito.cz\/pl\/wp-json\/wp\/v2\/product_cat?post=360304"},{"taxonomy":"product_tag","embeddable":true,"href":"https:\/\/www.moskito.cz\/pl\/wp-json\/wp\/v2\/product_tag?post=360304"}],"curies":[{"name":"wp","href":"https:\/\/api.w.org\/{rel}","templated":true}]}}