{"id":360347,"date":"2024-09-26T12:57:11","date_gmt":"2024-09-26T11:57:11","guid":{"rendered":"https:\/\/www.moskito.cz\/produkt\/kapesni-nuz-atlas-black\/"},"modified":"2025-05-07T11:24:36","modified_gmt":"2025-05-07T10:24:36","slug":"kapesni-nuz-atlas-black","status":"publish","type":"product","link":"https:\/\/www.moskito.cz\/pl\/produkt\/kapesni-nuz-atlas-black\/","title":{"rendered":"Kapesn\u00ed n\u016f\u017e Atlas Black"},"content":{"rendered":"<p>N\u016f\u017e B\u00f6ker Plus Atlas Black je spolehliv\u00fd kapesn\u00ed n\u016f\u017e s \u010dernou rukojet\u00ed z nerezov\u00e9 oceli. Minimalistick\u00e1 konstrukce je z\u00e1rove\u0148 mimo\u0159\u00e1dn\u011b robustn\u00ed a d\u011bl\u00e1 z tohoto \u0161ikovn\u00e9ho no\u017ee dokonal\u00e9ho spole\u010dn\u00edka pro v\u0161echny situace, ve kter\u00fdch si v\u017edy bez zav\u00e1h\u00e1n\u00ed porad\u00ed.<\/p>\n<ul>\n<li>celkov\u00e1 d\u00e9lka: 16,4 cm<\/li>\n<li>d\u00e9lka \u010depele: 6,7 cm<\/li>\n<li>tlou\u0161\u0165ka \u010depele: 2,4 mm<\/li>\n<li>hmotnost: 75 g<\/li>\n<li>materi\u00e1l \u010depele: \u0161v\u00e9dsk\u00e1 ocel 12C27<\/li>\n<li>materi\u00e1l rukojeti: nerezov\u00e1 ocel<\/li>\n<li>tvar \u010depele: drop-point<\/li>\n<li>praktick\u00e9 o\u010dko pro provle\u010den\u00ed poutka \u010di prov\u00e1zku<\/li>\n<\/ul>\n","protected":false},"excerpt":{"rendered":"<p>B\u00f6ker Solingen Manufaktur je pokra\u010dovatel n\u011bmeck\u00e9 tradice vyhl\u00e1\u0161en\u00fdch no\u017e\u016f od roku 1869. Tato pr\u00e9miov\u00e1 zna\u010dka ru\u010dn\u011b vyr\u00e1b\u00ed no\u017ee pro lovce, obranu, ka\u017edodenn\u00ed no\u0161en\u00ed, ale i vojensk\u00e9 speci\u00e1ly do nejt\u011b\u017e\u0161\u00edch podm\u00ednek.<\/p>\n","protected":false},"featured_media":360348,"comment_status":"closed","ping_status":"closed","template":"","meta":[],"pwb-brand":[140],"product_brand":[],"product_cat":[22,17],"product_tag":[],"class_list":{"0":"post-360347","1":"product","2":"type-product","3":"status-publish","4":"has-post-thumbnail","6":"pwb-brand-boker","7":"product_cat-zaviraci-noze","8":"product_cat-noze","10":"first","11":"instock","12":"taxable","13":"shipping-taxable","14":"purchasable","15":"product-type-simple"},"brands":[{"id":140,"name":"Boker","slug":"boker"}],"_links":{"self":[{"href":"https:\/\/www.moskito.cz\/pl\/wp-json\/wp\/v2\/product\/360347","targetHints":{"allow":["GET"]}}],"collection":[{"href":"https:\/\/www.moskito.cz\/pl\/wp-json\/wp\/v2\/product"}],"about":[{"href":"https:\/\/www.moskito.cz\/pl\/wp-json\/wp\/v2\/types\/product"}],"replies":[{"embeddable":true,"href":"https:\/\/www.moskito.cz\/pl\/wp-json\/wp\/v2\/comments?post=360347"}],"wp:featuredmedia":[{"embeddable":true,"href":"https:\/\/www.moskito.cz\/pl\/wp-json\/wp\/v2\/media\/360348"}],"wp:attachment":[{"href":"https:\/\/www.moskito.cz\/pl\/wp-json\/wp\/v2\/media?parent=360347"}],"wp:term":[{"taxonomy":"pwb-brand","embeddable":true,"href":"https:\/\/www.moskito.cz\/pl\/wp-json\/wp\/v2\/pwb-brand?post=360347"},{"taxonomy":"product_brand","embeddable":true,"href":"https:\/\/www.moskito.cz\/pl\/wp-json\/wp\/v2\/product_brand?post=360347"},{"taxonomy":"product_cat","embeddable":true,"href":"https:\/\/www.moskito.cz\/pl\/wp-json\/wp\/v2\/product_cat?post=360347"},{"taxonomy":"product_tag","embeddable":true,"href":"https:\/\/www.moskito.cz\/pl\/wp-json\/wp\/v2\/product_tag?post=360347"}],"curies":[{"name":"wp","href":"https:\/\/api.w.org\/{rel}","templated":true}]}}